{"id":97,"date":"2023-02-23T17:04:04","date_gmt":"2023-02-23T16:04:04","guid":{"rendered":"https:\/\/www.hotelolympus.it\/?page_id=97"},"modified":"2023-06-05T14:55:52","modified_gmt":"2023-06-05T12:55:52","slug":"dove-siamo","status":"publish","type":"page","link":"https:\/\/www.hotelolympus.it\/it\/dove-siamo\/","title":{"rendered":"Come raggiungere Hotel Olympus"},"content":{"rendered":"\n<h3 class=\"wp-block-heading\">In auto:<\/h3>\n\n\n\n<p class=\"has-medium-font-size\"><strong>Coordinate GPS &#8211; Latitudine: 45.580121 N &#8211;&nbsp; Longitudine 12.826181 E<\/strong><\/p>\n\n\n\n<p>Le uscite autostradali pi\u00f9 vicine sono:<\/p>\n\n\n\n<ul class=\"list-item wp-block-list\">\n<li>Uscita autostrada San Don\u00e0\/Noventa di Piave (autostrada A4 Venezia-Trieste)<\/li>\n\n\n\n<li>Uscita autostrada S. Stino di Livenza (autostrada A4 Venezia-Trieste)<\/li>\n<\/ul>\n\n\n\n<p>Seguire le indicazioni per Caorle e Porto Santa Margherita<\/p>\n\n\n\n<h3 class=\"wp-block-heading\">In treno:<\/h3>\n\n\n\n<p>Stazioni ferroviarie pi\u00f9 vicine:<\/p>\n\n\n\n<ul class=\"list-item wp-block-list\">\n<li>Portogruaro\/Caorle (30 km dall\u2019hotel)<\/li>\n\n\n\n<li>San Don\u00e0 di Piave\/Jesolo (28 km dall\u2019hotel)<\/li>\n<\/ul>\n\n\n\n<p>Da ciascuna stazione sono disponibili servizi di taxi ed autobus di linea ATVO verso la nostra localit\u00e0.<\/p>\n\n\n\n<h3 class=\"wp-block-heading\">In aereo:<\/h3>\n\n\n\n<ul class=\"list-item wp-block-list\">\n<li>Aeroporto Venezia \u201cMarco Polo\u201d VCE (48 km dall\u2019hotel)<\/li>\n\n\n\n<li>Aeroporto Treviso \u201cAntonio Canova\u201d TSF (59 km dall\u2019hotel)<\/li>\n\n\n\n<li>Aeroporto Trieste \u201cRonchi dei Legionari\u201d TRS (90 km dall\u2019hotel)<\/li>\n<\/ul>\n\n\n\n<p>L\u2019hotel \u00e8 raggiungibile in taxi da tutti e 3 gli aeroporti (per assistenza contattare la reception).<\/p>\n\n\n\n<p>Inoltre \u00e8 operativo l\u2019autobus di linea ATVO da e per l\u2019aeroporto di Venezia e di Treviso.<\/p>\n","protected":false},"excerpt":{"rendered":"<p>In auto: Coordinate GPS &#8211; Latitudine: 45.580121 N &#8211;&nbsp; Longitudine 12.826181 E Le uscite autostradali pi\u00f9 vicine sono: Seguire le indicazioni per Caorle e Porto Santa Margherita In treno: Stazioni ferroviarie pi\u00f9 vicine: Da ciascuna stazione sono disponibili servizi di taxi ed autobus di linea ATVO verso la nostra localit\u00e0. In aereo: L\u2019hotel \u00e8 raggiungibile [&hellip;]<\/p>\n","protected":false},"author":1,"featured_media":0,"parent":0,"menu_order":8,"comment_status":"closed","ping_status":"closed","template":"template-contact.php","meta":{"_acf_changed":false,"footnotes":""},"class_list":["post-97","page","type-page","status-publish","hentry"],"acf":[],"yoast_head":"<!-- This site is optimized with the Yoast SEO plugin v26.7 - https:\/\/yoast.com\/wordpress\/plugins\/seo\/ -->\n<title>Come raggiungere Hotel Olympus | Hotel Olympus<\/title>\n<meta name=\"description\" content=\"Come raggiungere facilmente l&#039;Hotel Olympus in auto, in treno, in aereo e tutte le coordinate GPS. Viale dei Cigni, 11 \u2013 30021 Caorle\" \/>\n<meta name=\"robots\" content=\"index, follow, max-snippet:-1, max-image-preview:large, max-video-preview:-1\" \/>\n<link rel=\"canonical\" href=\"https:\/\/www.hotelolympus.it\/it\/dove-siamo\/\" \/>\n<meta property=\"og:locale\" content=\"it_IT\" \/>\n<meta property=\"og:type\" content=\"article\" \/>\n<meta property=\"og:title\" content=\"Come raggiungere Hotel Olympus | Hotel Olympus\" \/>\n<meta property=\"og:description\" content=\"Come raggiungere facilmente l&#039;Hotel Olympus in auto, in treno, in aereo e tutte le coordinate GPS. Viale dei Cigni, 11 \u2013 30021 Caorle\" \/>\n<meta property=\"og:url\" content=\"https:\/\/www.hotelolympus.it\/it\/dove-siamo\/\" \/>\n<meta property=\"og:site_name\" content=\"Hotel Olympus\" \/>\n<meta property=\"article:publisher\" content=\"https:\/\/www.facebook.com\/HotelOlympusCaorle\/\" \/>\n<meta property=\"article:modified_time\" content=\"2023-06-05T12:55:52+00:00\" \/>\n<meta name=\"twitter:card\" content=\"summary_large_image\" \/>\n<script type=\"application\/ld+json\" class=\"yoast-schema-graph\">{\"@context\":\"https:\/\/schema.org\",\"@graph\":[{\"@type\":\"WebPage\",\"@id\":\"https:\/\/www.hotelolympus.it\/it\/dove-siamo\/\",\"url\":\"https:\/\/www.hotelolympus.it\/it\/dove-siamo\/\",\"name\":\"Come raggiungere Hotel Olympus | Hotel Olympus\",\"isPartOf\":{\"@id\":\"https:\/\/www.hotelolympus.it\/it\/#website\"},\"datePublished\":\"2023-02-23T16:04:04+00:00\",\"dateModified\":\"2023-06-05T12:55:52+00:00\",\"description\":\"Come raggiungere facilmente l'Hotel Olympus in auto, in treno, in aereo e tutte le coordinate GPS. Viale dei Cigni, 11 \u2013 30021 Caorle\",\"breadcrumb\":{\"@id\":\"https:\/\/www.hotelolympus.it\/it\/dove-siamo\/#breadcrumb\"},\"inLanguage\":\"it-IT\",\"potentialAction\":[{\"@type\":\"ReadAction\",\"target\":[\"https:\/\/www.hotelolympus.it\/it\/dove-siamo\/\"]}]},{\"@type\":\"BreadcrumbList\",\"@id\":\"https:\/\/www.hotelolympus.it\/it\/dove-siamo\/#breadcrumb\",\"itemListElement\":[{\"@type\":\"ListItem\",\"position\":1,\"name\":\"Home\",\"item\":\"https:\/\/www.hotelolympus.it\/it\/\"},{\"@type\":\"ListItem\",\"position\":2,\"name\":\"Come raggiungere Hotel Olympus\"}]},{\"@type\":\"WebSite\",\"@id\":\"https:\/\/www.hotelolympus.it\/it\/#website\",\"url\":\"https:\/\/www.hotelolympus.it\/it\/\",\"name\":\"Hotel Olympus\",\"description\":\"Il vostro hotel 4 stelle a Caorle Lido Altanea\",\"publisher\":{\"@id\":\"https:\/\/www.hotelolympus.it\/it\/#organization\"},\"potentialAction\":[{\"@type\":\"SearchAction\",\"target\":{\"@type\":\"EntryPoint\",\"urlTemplate\":\"https:\/\/www.hotelolympus.it\/it\/?s={search_term_string}\"},\"query-input\":{\"@type\":\"PropertyValueSpecification\",\"valueRequired\":true,\"valueName\":\"search_term_string\"}}],\"inLanguage\":\"it-IT\"},{\"@type\":\"Organization\",\"@id\":\"https:\/\/www.hotelolympus.it\/it\/#organization\",\"name\":\"Hotel Olympus\",\"url\":\"https:\/\/www.hotelolympus.it\/it\/\",\"logo\":{\"@type\":\"ImageObject\",\"inLanguage\":\"it-IT\",\"@id\":\"https:\/\/www.hotelolympus.it\/it\/#\/schema\/logo\/image\/\",\"url\":\"https:\/\/www.hotelolympus.it\/wp-content\/uploads\/2023\/04\/hotel-olympus.svg\",\"contentUrl\":\"https:\/\/www.hotelolympus.it\/wp-content\/uploads\/2023\/04\/hotel-olympus.svg\",\"width\":1,\"height\":1,\"caption\":\"Hotel Olympus\"},\"image\":{\"@id\":\"https:\/\/www.hotelolympus.it\/it\/#\/schema\/logo\/image\/\"},\"sameAs\":[\"https:\/\/www.facebook.com\/HotelOlympusCaorle\/\"]}]}<\/script>\n<!-- \/ Yoast SEO plugin. -->","yoast_head_json":{"title":"Come raggiungere Hotel Olympus | Hotel Olympus","description":"Come raggiungere facilmente l'Hotel Olympus in auto, in treno, in aereo e tutte le coordinate GPS. Viale dei Cigni, 11 \u2013 30021 Caorle","robots":{"index":"index","follow":"follow","max-snippet":"max-snippet:-1","max-image-preview":"max-image-preview:large","max-video-preview":"max-video-preview:-1"},"canonical":"https:\/\/www.hotelolympus.it\/it\/dove-siamo\/","og_locale":"it_IT","og_type":"article","og_title":"Come raggiungere Hotel Olympus | Hotel Olympus","og_description":"Come raggiungere facilmente l'Hotel Olympus in auto, in treno, in aereo e tutte le coordinate GPS. Viale dei Cigni, 11 \u2013 30021 Caorle","og_url":"https:\/\/www.hotelolympus.it\/it\/dove-siamo\/","og_site_name":"Hotel Olympus","article_publisher":"https:\/\/www.facebook.com\/HotelOlympusCaorle\/","article_modified_time":"2023-06-05T12:55:52+00:00","twitter_card":"summary_large_image","schema":{"@context":"https:\/\/schema.org","@graph":[{"@type":"WebPage","@id":"https:\/\/www.hotelolympus.it\/it\/dove-siamo\/","url":"https:\/\/www.hotelolympus.it\/it\/dove-siamo\/","name":"Come raggiungere Hotel Olympus | Hotel Olympus","isPartOf":{"@id":"https:\/\/www.hotelolympus.it\/it\/#website"},"datePublished":"2023-02-23T16:04:04+00:00","dateModified":"2023-06-05T12:55:52+00:00","description":"Come raggiungere facilmente l'Hotel Olympus in auto, in treno, in aereo e tutte le coordinate GPS. Viale dei Cigni, 11 \u2013 30021 Caorle","breadcrumb":{"@id":"https:\/\/www.hotelolympus.it\/it\/dove-siamo\/#breadcrumb"},"inLanguage":"it-IT","potentialAction":[{"@type":"ReadAction","target":["https:\/\/www.hotelolympus.it\/it\/dove-siamo\/"]}]},{"@type":"BreadcrumbList","@id":"https:\/\/www.hotelolympus.it\/it\/dove-siamo\/#breadcrumb","itemListElement":[{"@type":"ListItem","position":1,"name":"Home","item":"https:\/\/www.hotelolympus.it\/it\/"},{"@type":"ListItem","position":2,"name":"Come raggiungere Hotel Olympus"}]},{"@type":"WebSite","@id":"https:\/\/www.hotelolympus.it\/it\/#website","url":"https:\/\/www.hotelolympus.it\/it\/","name":"Hotel Olympus","description":"Il vostro hotel 4 stelle a Caorle Lido Altanea","publisher":{"@id":"https:\/\/www.hotelolympus.it\/it\/#organization"},"potentialAction":[{"@type":"SearchAction","target":{"@type":"EntryPoint","urlTemplate":"https:\/\/www.hotelolympus.it\/it\/?s={search_term_string}"},"query-input":{"@type":"PropertyValueSpecification","valueRequired":true,"valueName":"search_term_string"}}],"inLanguage":"it-IT"},{"@type":"Organization","@id":"https:\/\/www.hotelolympus.it\/it\/#organization","name":"Hotel Olympus","url":"https:\/\/www.hotelolympus.it\/it\/","logo":{"@type":"ImageObject","inLanguage":"it-IT","@id":"https:\/\/www.hotelolympus.it\/it\/#\/schema\/logo\/image\/","url":"https:\/\/www.hotelolympus.it\/wp-content\/uploads\/2023\/04\/hotel-olympus.svg","contentUrl":"https:\/\/www.hotelolympus.it\/wp-content\/uploads\/2023\/04\/hotel-olympus.svg","width":1,"height":1,"caption":"Hotel Olympus"},"image":{"@id":"https:\/\/www.hotelolympus.it\/it\/#\/schema\/logo\/image\/"},"sameAs":["https:\/\/www.facebook.com\/HotelOlympusCaorle\/"]}]}},"_links":{"self":[{"href":"https:\/\/www.hotelolympus.it\/it\/wp-json\/wp\/v2\/pages\/97","targetHints":{"allow":["GET"]}}],"collection":[{"href":"https:\/\/www.hotelolympus.it\/it\/wp-json\/wp\/v2\/pages"}],"about":[{"href":"https:\/\/www.hotelolympus.it\/it\/wp-json\/wp\/v2\/types\/page"}],"author":[{"embeddable":true,"href":"https:\/\/www.hotelolympus.it\/it\/wp-json\/wp\/v2\/users\/1"}],"replies":[{"embeddable":true,"href":"https:\/\/www.hotelolympus.it\/it\/wp-json\/wp\/v2\/comments?post=97"}],"version-history":[{"count":29,"href":"https:\/\/www.hotelolympus.it\/it\/wp-json\/wp\/v2\/pages\/97\/revisions"}],"predecessor-version":[{"id":2706,"href":"https:\/\/www.hotelolympus.it\/it\/wp-json\/wp\/v2\/pages\/97\/revisions\/2706"}],"wp:attachment":[{"href":"https:\/\/www.hotelolympus.it\/it\/wp-json\/wp\/v2\/media?parent=97"}],"curies":[{"name":"wp","href":"https:\/\/api.w.org\/{rel}","templated":true}]}}