{"id":87,"date":"2023-02-23T17:01:42","date_gmt":"2023-02-23T16:01:42","guid":{"rendered":"https:\/\/www.hotelolympus.it\/?page_id=87"},"modified":"2025-01-16T11:07:53","modified_gmt":"2025-01-16T10:07:53","slug":"hotel-con-ristorante-a-caorle","status":"publish","type":"page","link":"https:\/\/www.hotelolympus.it\/it\/hotel-con-ristorante-a-caorle\/","title":{"rendered":"Ristorante"},"content":{"rendered":"\n<p>Il nostro hotel offre un servizio a buffet con piatti preparati ogni giorno dai nostri cuochi utilizzando esclusivamente ingredienti di qualit\u00e0.<\/p>\n\n\n\n<p>Siamo attenti ai bisogni dei nostri ospiti gi\u00e0 dalla colazione. Nella veranda della sala da pranzo potrai sorseggiare un caff\u00e8 e gustarti le proposte dolci e salate del buffet godendoti la vista piscina. Per i pi\u00f9 piccoli, cereali e bevande calde, ma anche fette di torta appena sfornata, marmellate e frutta di stagione. La giornata \u00e8 ricca di energia dopo un dolce risveglio e insieme alla famiglia potrai raggiungere la spiaggia o goderti il sole in piscina.<\/p>\n\n\n\n<p>La proposta di Hotel Olympus per pranzo e cena&nbsp;prevede pietanze a base di carne e pesce, accompagnate da&nbsp;<em>una<\/em>&nbsp;vasta scelta di insalate, antipasti, come pure golosi dolci preparati ogni mattina dalla nostra cucina. &nbsp;<\/p>\n\n\n\n<p>Se soffri di un\u2019intolleranza o allergia alimentare comunicacelo prima dell\u2019arrivo, saremo felici di offrirti dei cibi alternativi.<\/p>\n\n\n\n<h4 class=\"wp-block-heading\">ORARI<\/h4>\n\n\n\n<ul class=\"wp-block-list list-item\">\n<li><strong>Colazione dalle 7:30 alle 10:00<\/strong><\/li>\n\n\n\n<li><strong>Pranzo dalle 12:30 alle 13:30<\/strong><\/li>\n\n\n\n<li><strong>Merenda pomeridiana per bambini dalle 16:30 alle 17:00 (servita nella terrazza bar)<\/strong><\/li>\n\n\n\n<li><strong>Cena dalle 19:00 alle 20:30<\/strong><\/li>\n<\/ul>\n","protected":false},"excerpt":{"rendered":"<p>Il nostro hotel offre un servizio a buffet con piatti preparati ogni giorno dai nostri cuochi utilizzando esclusivamente ingredienti di qualit\u00e0. Siamo attenti ai bisogni dei nostri ospiti gi\u00e0 dalla colazione. Nella veranda della sala da pranzo potrai sorseggiare un caff\u00e8 e gustarti le proposte dolci e salate del buffet godendoti la vista piscina. Per [&hellip;]<\/p>\n","protected":false},"author":1,"featured_media":2894,"parent":0,"menu_order":31,"comment_status":"closed","ping_status":"closed","template":"","meta":{"_acf_changed":false,"footnotes":""},"class_list":["post-87","page","type-page","status-publish","has-post-thumbnail","hentry"],"acf":[],"yoast_head":"<!-- This site is optimized with the Yoast SEO plugin v26.7 - https:\/\/yoast.com\/wordpress\/plugins\/seo\/ -->\n<title>Ristorante | Hotel Olympus<\/title>\n<meta name=\"description\" content=\"Sala da pranzo climatizzata e un&#039;ampia veranda con vista sulla piscina. Scopri il ristorante di Hotel Olympus a Caorle Lido Altanea.\" \/>\n<meta name=\"robots\" content=\"index, follow, max-snippet:-1, max-image-preview:large, max-video-preview:-1\" \/>\n<link rel=\"canonical\" href=\"https:\/\/www.hotelolympus.it\/it\/hotel-con-ristorante-a-caorle\/\" \/>\n<meta property=\"og:locale\" content=\"it_IT\" \/>\n<meta property=\"og:type\" content=\"article\" \/>\n<meta property=\"og:title\" content=\"Ristorante | Hotel Olympus\" \/>\n<meta property=\"og:description\" content=\"Sala da pranzo climatizzata e un&#039;ampia veranda con vista sulla piscina. Scopri il ristorante di Hotel Olympus a Caorle Lido Altanea.\" \/>\n<meta property=\"og:url\" content=\"https:\/\/www.hotelolympus.it\/it\/hotel-con-ristorante-a-caorle\/\" \/>\n<meta property=\"og:site_name\" content=\"Hotel Olympus\" \/>\n<meta property=\"article:publisher\" content=\"https:\/\/www.facebook.com\/HotelOlympusCaorle\/\" \/>\n<meta property=\"article:modified_time\" content=\"2025-01-16T10:07:53+00:00\" \/>\n<meta property=\"og:image\" content=\"https:\/\/www.hotelolympus.it\/wp-content\/uploads\/2023\/07\/Olympus_ristorante-1.webp\" \/>\n\t<meta property=\"og:image:width\" content=\"1920\" \/>\n\t<meta property=\"og:image:height\" content=\"1280\" \/>\n\t<meta property=\"og:image:type\" content=\"image\/webp\" \/>\n<meta name=\"twitter:card\" content=\"summary_large_image\" \/>\n<script type=\"application\/ld+json\" class=\"yoast-schema-graph\">{\"@context\":\"https:\/\/schema.org\",\"@graph\":[{\"@type\":\"WebPage\",\"@id\":\"https:\/\/www.hotelolympus.it\/it\/hotel-con-ristorante-a-caorle\/\",\"url\":\"https:\/\/www.hotelolympus.it\/it\/hotel-con-ristorante-a-caorle\/\",\"name\":\"Ristorante | Hotel Olympus\",\"isPartOf\":{\"@id\":\"https:\/\/www.hotelolympus.it\/it\/#website\"},\"primaryImageOfPage\":{\"@id\":\"https:\/\/www.hotelolympus.it\/it\/hotel-con-ristorante-a-caorle\/#primaryimage\"},\"image\":{\"@id\":\"https:\/\/www.hotelolympus.it\/it\/hotel-con-ristorante-a-caorle\/#primaryimage\"},\"thumbnailUrl\":\"https:\/\/www.hotelolympus.it\/wp-content\/uploads\/2023\/07\/Olympus_ristorante-1.webp\",\"datePublished\":\"2023-02-23T16:01:42+00:00\",\"dateModified\":\"2025-01-16T10:07:53+00:00\",\"description\":\"Sala da pranzo climatizzata e un'ampia veranda con vista sulla piscina. Scopri il ristorante di Hotel Olympus a Caorle Lido Altanea.\",\"breadcrumb\":{\"@id\":\"https:\/\/www.hotelolympus.it\/it\/hotel-con-ristorante-a-caorle\/#breadcrumb\"},\"inLanguage\":\"it-IT\",\"potentialAction\":[{\"@type\":\"ReadAction\",\"target\":[\"https:\/\/www.hotelolympus.it\/it\/hotel-con-ristorante-a-caorle\/\"]}]},{\"@type\":\"ImageObject\",\"inLanguage\":\"it-IT\",\"@id\":\"https:\/\/www.hotelolympus.it\/it\/hotel-con-ristorante-a-caorle\/#primaryimage\",\"url\":\"https:\/\/www.hotelolympus.it\/wp-content\/uploads\/2023\/07\/Olympus_ristorante-1.webp\",\"contentUrl\":\"https:\/\/www.hotelolympus.it\/wp-content\/uploads\/2023\/07\/Olympus_ristorante-1.webp\",\"width\":1920,\"height\":1280},{\"@type\":\"BreadcrumbList\",\"@id\":\"https:\/\/www.hotelolympus.it\/it\/hotel-con-ristorante-a-caorle\/#breadcrumb\",\"itemListElement\":[{\"@type\":\"ListItem\",\"position\":1,\"name\":\"Home\",\"item\":\"https:\/\/www.hotelolympus.it\/it\/\"},{\"@type\":\"ListItem\",\"position\":2,\"name\":\"Ristorante\"}]},{\"@type\":\"WebSite\",\"@id\":\"https:\/\/www.hotelolympus.it\/it\/#website\",\"url\":\"https:\/\/www.hotelolympus.it\/it\/\",\"name\":\"Hotel Olympus\",\"description\":\"Il vostro hotel 4 stelle a Caorle Lido Altanea\",\"publisher\":{\"@id\":\"https:\/\/www.hotelolympus.it\/it\/#organization\"},\"potentialAction\":[{\"@type\":\"SearchAction\",\"target\":{\"@type\":\"EntryPoint\",\"urlTemplate\":\"https:\/\/www.hotelolympus.it\/it\/?s={search_term_string}\"},\"query-input\":{\"@type\":\"PropertyValueSpecification\",\"valueRequired\":true,\"valueName\":\"search_term_string\"}}],\"inLanguage\":\"it-IT\"},{\"@type\":\"Organization\",\"@id\":\"https:\/\/www.hotelolympus.it\/it\/#organization\",\"name\":\"Hotel Olympus\",\"url\":\"https:\/\/www.hotelolympus.it\/it\/\",\"logo\":{\"@type\":\"ImageObject\",\"inLanguage\":\"it-IT\",\"@id\":\"https:\/\/www.hotelolympus.it\/it\/#\/schema\/logo\/image\/\",\"url\":\"https:\/\/www.hotelolympus.it\/wp-content\/uploads\/2023\/04\/hotel-olympus.svg\",\"contentUrl\":\"https:\/\/www.hotelolympus.it\/wp-content\/uploads\/2023\/04\/hotel-olympus.svg\",\"width\":1,\"height\":1,\"caption\":\"Hotel Olympus\"},\"image\":{\"@id\":\"https:\/\/www.hotelolympus.it\/it\/#\/schema\/logo\/image\/\"},\"sameAs\":[\"https:\/\/www.facebook.com\/HotelOlympusCaorle\/\"]}]}<\/script>\n<!-- \/ Yoast SEO plugin. -->","yoast_head_json":{"title":"Ristorante | Hotel Olympus","description":"Sala da pranzo climatizzata e un'ampia veranda con vista sulla piscina. Scopri il ristorante di Hotel Olympus a Caorle Lido Altanea.","robots":{"index":"index","follow":"follow","max-snippet":"max-snippet:-1","max-image-preview":"max-image-preview:large","max-video-preview":"max-video-preview:-1"},"canonical":"https:\/\/www.hotelolympus.it\/it\/hotel-con-ristorante-a-caorle\/","og_locale":"it_IT","og_type":"article","og_title":"Ristorante | Hotel Olympus","og_description":"Sala da pranzo climatizzata e un'ampia veranda con vista sulla piscina. Scopri il ristorante di Hotel Olympus a Caorle Lido Altanea.","og_url":"https:\/\/www.hotelolympus.it\/it\/hotel-con-ristorante-a-caorle\/","og_site_name":"Hotel Olympus","article_publisher":"https:\/\/www.facebook.com\/HotelOlympusCaorle\/","article_modified_time":"2025-01-16T10:07:53+00:00","og_image":[{"width":1920,"height":1280,"url":"https:\/\/www.hotelolympus.it\/wp-content\/uploads\/2023\/07\/Olympus_ristorante-1.webp","type":"image\/webp"}],"twitter_card":"summary_large_image","schema":{"@context":"https:\/\/schema.org","@graph":[{"@type":"WebPage","@id":"https:\/\/www.hotelolympus.it\/it\/hotel-con-ristorante-a-caorle\/","url":"https:\/\/www.hotelolympus.it\/it\/hotel-con-ristorante-a-caorle\/","name":"Ristorante | Hotel Olympus","isPartOf":{"@id":"https:\/\/www.hotelolympus.it\/it\/#website"},"primaryImageOfPage":{"@id":"https:\/\/www.hotelolympus.it\/it\/hotel-con-ristorante-a-caorle\/#primaryimage"},"image":{"@id":"https:\/\/www.hotelolympus.it\/it\/hotel-con-ristorante-a-caorle\/#primaryimage"},"thumbnailUrl":"https:\/\/www.hotelolympus.it\/wp-content\/uploads\/2023\/07\/Olympus_ristorante-1.webp","datePublished":"2023-02-23T16:01:42+00:00","dateModified":"2025-01-16T10:07:53+00:00","description":"Sala da pranzo climatizzata e un'ampia veranda con vista sulla piscina. Scopri il ristorante di Hotel Olympus a Caorle Lido Altanea.","breadcrumb":{"@id":"https:\/\/www.hotelolympus.it\/it\/hotel-con-ristorante-a-caorle\/#breadcrumb"},"inLanguage":"it-IT","potentialAction":[{"@type":"ReadAction","target":["https:\/\/www.hotelolympus.it\/it\/hotel-con-ristorante-a-caorle\/"]}]},{"@type":"ImageObject","inLanguage":"it-IT","@id":"https:\/\/www.hotelolympus.it\/it\/hotel-con-ristorante-a-caorle\/#primaryimage","url":"https:\/\/www.hotelolympus.it\/wp-content\/uploads\/2023\/07\/Olympus_ristorante-1.webp","contentUrl":"https:\/\/www.hotelolympus.it\/wp-content\/uploads\/2023\/07\/Olympus_ristorante-1.webp","width":1920,"height":1280},{"@type":"BreadcrumbList","@id":"https:\/\/www.hotelolympus.it\/it\/hotel-con-ristorante-a-caorle\/#breadcrumb","itemListElement":[{"@type":"ListItem","position":1,"name":"Home","item":"https:\/\/www.hotelolympus.it\/it\/"},{"@type":"ListItem","position":2,"name":"Ristorante"}]},{"@type":"WebSite","@id":"https:\/\/www.hotelolympus.it\/it\/#website","url":"https:\/\/www.hotelolympus.it\/it\/","name":"Hotel Olympus","description":"Il vostro hotel 4 stelle a Caorle Lido Altanea","publisher":{"@id":"https:\/\/www.hotelolympus.it\/it\/#organization"},"potentialAction":[{"@type":"SearchAction","target":{"@type":"EntryPoint","urlTemplate":"https:\/\/www.hotelolympus.it\/it\/?s={search_term_string}"},"query-input":{"@type":"PropertyValueSpecification","valueRequired":true,"valueName":"search_term_string"}}],"inLanguage":"it-IT"},{"@type":"Organization","@id":"https:\/\/www.hotelolympus.it\/it\/#organization","name":"Hotel Olympus","url":"https:\/\/www.hotelolympus.it\/it\/","logo":{"@type":"ImageObject","inLanguage":"it-IT","@id":"https:\/\/www.hotelolympus.it\/it\/#\/schema\/logo\/image\/","url":"https:\/\/www.hotelolympus.it\/wp-content\/uploads\/2023\/04\/hotel-olympus.svg","contentUrl":"https:\/\/www.hotelolympus.it\/wp-content\/uploads\/2023\/04\/hotel-olympus.svg","width":1,"height":1,"caption":"Hotel Olympus"},"image":{"@id":"https:\/\/www.hotelolympus.it\/it\/#\/schema\/logo\/image\/"},"sameAs":["https:\/\/www.facebook.com\/HotelOlympusCaorle\/"]}]}},"_links":{"self":[{"href":"https:\/\/www.hotelolympus.it\/it\/wp-json\/wp\/v2\/pages\/87","targetHints":{"allow":["GET"]}}],"collection":[{"href":"https:\/\/www.hotelolympus.it\/it\/wp-json\/wp\/v2\/pages"}],"about":[{"href":"https:\/\/www.hotelolympus.it\/it\/wp-json\/wp\/v2\/types\/page"}],"author":[{"embeddable":true,"href":"https:\/\/www.hotelolympus.it\/it\/wp-json\/wp\/v2\/users\/1"}],"replies":[{"embeddable":true,"href":"https:\/\/www.hotelolympus.it\/it\/wp-json\/wp\/v2\/comments?post=87"}],"version-history":[{"count":25,"href":"https:\/\/www.hotelolympus.it\/it\/wp-json\/wp\/v2\/pages\/87\/revisions"}],"predecessor-version":[{"id":3288,"href":"https:\/\/www.hotelolympus.it\/it\/wp-json\/wp\/v2\/pages\/87\/revisions\/3288"}],"wp:featuredmedia":[{"embeddable":true,"href":"https:\/\/www.hotelolympus.it\/it\/wp-json\/wp\/v2\/media\/2894"}],"wp:attachment":[{"href":"https:\/\/www.hotelolympus.it\/it\/wp-json\/wp\/v2\/media?parent=87"}],"curies":[{"name":"wp","href":"https:\/\/api.w.org\/{rel}","templated":true}]}}