{"id":2099,"date":"2023-05-01T01:48:49","date_gmt":"2023-04-30T23:48:49","guid":{"rendered":"https:\/\/www.hotelolympus.it\/?page_id=2099"},"modified":"2025-05-29T15:36:11","modified_gmt":"2025-05-29T13:36:11","slug":"hotel-con-animazione","status":"publish","type":"page","link":"https:\/\/www.hotelolympus.it\/it\/hotel-con-animazione\/","title":{"rendered":"Animazione"},"content":{"rendered":"\n<p>Hotel Olympus offre un programma di animazione dedicato&nbsp;ai bambini dai 4 anni di et\u00e0: sei giorni alla settimana i bambini saranno coinvolti in giochi di gruppo, laboratori e attivit\u00e0 creative.<\/p>\n\n\n\n<p><strong>Da non perdere:<\/strong><\/p>\n\n\n\n<ul class=\"wp-block-list list-ball\">\n<li>La merenda pomeridiana: servita tutti i giorni dalla nostra animatrice dalle 16:00 alle 16:30 nella terrazza del bar<\/li>\n\n\n\n<li>Pomeriggi a tema come Anguria Party e Nutella Party dove i bambini si divertono in piscina<\/li>\n\n\n\n<li>Baby dance subito dopo cena<\/li>\n<\/ul>\n\n\n\n<p>In Happy Arena tutte le sere dalle 20.30 tutta la famiglia pu\u00f2 divertirsi con l\u2019animazione del Gruppo Lampo: cabaret, musical, spettacoli e tanto svago per i bambini.<\/p>\n","protected":false},"excerpt":{"rendered":"<p>Hotel Olympus offre un programma di animazione dedicato&nbsp;ai bambini dai 4 anni di et\u00e0: sei giorni alla settimana i bambini saranno coinvolti in giochi di gruppo, laboratori e attivit\u00e0 creative. Da non perdere: In Happy Arena tutte le sere dalle 20.30 tutta la famiglia pu\u00f2 divertirsi con l\u2019animazione del Gruppo Lampo: cabaret, musical, spettacoli e [&hellip;]<\/p>\n","protected":false},"author":1,"featured_media":0,"parent":0,"menu_order":0,"comment_status":"closed","ping_status":"closed","template":"","meta":{"_acf_changed":false,"footnotes":""},"class_list":["post-2099","page","type-page","status-publish","hentry"],"acf":[],"yoast_head":"<!-- This site is optimized with the Yoast SEO plugin v26.7 - https:\/\/yoast.com\/wordpress\/plugins\/seo\/ -->\n<title>Animazione | Hotel Olympus<\/title>\n<meta name=\"robots\" content=\"index, follow, max-snippet:-1, max-image-preview:large, max-video-preview:-1\" \/>\n<link rel=\"canonical\" href=\"https:\/\/www.hotelolympus.it\/it\/hotel-con-animazione\/\" \/>\n<meta property=\"og:locale\" content=\"it_IT\" \/>\n<meta property=\"og:type\" content=\"article\" \/>\n<meta property=\"og:title\" content=\"Animazione | Hotel Olympus\" \/>\n<meta property=\"og:description\" content=\"Hotel Olympus offre un programma di animazione dedicato&nbsp;ai bambini dai 4 anni di et\u00e0: sei giorni alla settimana i bambini saranno coinvolti in giochi di gruppo, laboratori e attivit\u00e0 creative. Da non perdere: In Happy Arena tutte le sere dalle 20.30 tutta la famiglia pu\u00f2 divertirsi con l\u2019animazione del Gruppo Lampo: cabaret, musical, spettacoli e [&hellip;]\" \/>\n<meta property=\"og:url\" content=\"https:\/\/www.hotelolympus.it\/it\/hotel-con-animazione\/\" \/>\n<meta property=\"og:site_name\" content=\"Hotel Olympus\" \/>\n<meta property=\"article:publisher\" content=\"https:\/\/www.facebook.com\/HotelOlympusCaorle\/\" \/>\n<meta property=\"article:modified_time\" content=\"2025-05-29T13:36:11+00:00\" \/>\n<meta name=\"twitter:card\" content=\"summary_large_image\" \/>\n<script type=\"application\/ld+json\" class=\"yoast-schema-graph\">{\"@context\":\"https:\/\/schema.org\",\"@graph\":[{\"@type\":\"WebPage\",\"@id\":\"https:\/\/www.hotelolympus.it\/it\/hotel-con-animazione\/\",\"url\":\"https:\/\/www.hotelolympus.it\/it\/hotel-con-animazione\/\",\"name\":\"Animazione | Hotel Olympus\",\"isPartOf\":{\"@id\":\"https:\/\/www.hotelolympus.it\/it\/#website\"},\"datePublished\":\"2023-04-30T23:48:49+00:00\",\"dateModified\":\"2025-05-29T13:36:11+00:00\",\"breadcrumb\":{\"@id\":\"https:\/\/www.hotelolympus.it\/it\/hotel-con-animazione\/#breadcrumb\"},\"inLanguage\":\"it-IT\",\"potentialAction\":[{\"@type\":\"ReadAction\",\"target\":[\"https:\/\/www.hotelolympus.it\/it\/hotel-con-animazione\/\"]}]},{\"@type\":\"BreadcrumbList\",\"@id\":\"https:\/\/www.hotelolympus.it\/it\/hotel-con-animazione\/#breadcrumb\",\"itemListElement\":[{\"@type\":\"ListItem\",\"position\":1,\"name\":\"Home\",\"item\":\"https:\/\/www.hotelolympus.it\/it\/\"},{\"@type\":\"ListItem\",\"position\":2,\"name\":\"Animazione\"}]},{\"@type\":\"WebSite\",\"@id\":\"https:\/\/www.hotelolympus.it\/it\/#website\",\"url\":\"https:\/\/www.hotelolympus.it\/it\/\",\"name\":\"Hotel Olympus\",\"description\":\"Il vostro hotel 4 stelle a Caorle Lido Altanea\",\"publisher\":{\"@id\":\"https:\/\/www.hotelolympus.it\/it\/#organization\"},\"potentialAction\":[{\"@type\":\"SearchAction\",\"target\":{\"@type\":\"EntryPoint\",\"urlTemplate\":\"https:\/\/www.hotelolympus.it\/it\/?s={search_term_string}\"},\"query-input\":{\"@type\":\"PropertyValueSpecification\",\"valueRequired\":true,\"valueName\":\"search_term_string\"}}],\"inLanguage\":\"it-IT\"},{\"@type\":\"Organization\",\"@id\":\"https:\/\/www.hotelolympus.it\/it\/#organization\",\"name\":\"Hotel Olympus\",\"url\":\"https:\/\/www.hotelolympus.it\/it\/\",\"logo\":{\"@type\":\"ImageObject\",\"inLanguage\":\"it-IT\",\"@id\":\"https:\/\/www.hotelolympus.it\/it\/#\/schema\/logo\/image\/\",\"url\":\"https:\/\/www.hotelolympus.it\/wp-content\/uploads\/2023\/04\/hotel-olympus.svg\",\"contentUrl\":\"https:\/\/www.hotelolympus.it\/wp-content\/uploads\/2023\/04\/hotel-olympus.svg\",\"width\":1,\"height\":1,\"caption\":\"Hotel Olympus\"},\"image\":{\"@id\":\"https:\/\/www.hotelolympus.it\/it\/#\/schema\/logo\/image\/\"},\"sameAs\":[\"https:\/\/www.facebook.com\/HotelOlympusCaorle\/\"]}]}<\/script>\n<!-- \/ Yoast SEO plugin. -->","yoast_head_json":{"title":"Animazione | Hotel Olympus","robots":{"index":"index","follow":"follow","max-snippet":"max-snippet:-1","max-image-preview":"max-image-preview:large","max-video-preview":"max-video-preview:-1"},"canonical":"https:\/\/www.hotelolympus.it\/it\/hotel-con-animazione\/","og_locale":"it_IT","og_type":"article","og_title":"Animazione | Hotel Olympus","og_description":"Hotel Olympus offre un programma di animazione dedicato&nbsp;ai bambini dai 4 anni di et\u00e0: sei giorni alla settimana i bambini saranno coinvolti in giochi di gruppo, laboratori e attivit\u00e0 creative. Da non perdere: In Happy Arena tutte le sere dalle 20.30 tutta la famiglia pu\u00f2 divertirsi con l\u2019animazione del Gruppo Lampo: cabaret, musical, spettacoli e [&hellip;]","og_url":"https:\/\/www.hotelolympus.it\/it\/hotel-con-animazione\/","og_site_name":"Hotel Olympus","article_publisher":"https:\/\/www.facebook.com\/HotelOlympusCaorle\/","article_modified_time":"2025-05-29T13:36:11+00:00","twitter_card":"summary_large_image","schema":{"@context":"https:\/\/schema.org","@graph":[{"@type":"WebPage","@id":"https:\/\/www.hotelolympus.it\/it\/hotel-con-animazione\/","url":"https:\/\/www.hotelolympus.it\/it\/hotel-con-animazione\/","name":"Animazione | Hotel Olympus","isPartOf":{"@id":"https:\/\/www.hotelolympus.it\/it\/#website"},"datePublished":"2023-04-30T23:48:49+00:00","dateModified":"2025-05-29T13:36:11+00:00","breadcrumb":{"@id":"https:\/\/www.hotelolympus.it\/it\/hotel-con-animazione\/#breadcrumb"},"inLanguage":"it-IT","potentialAction":[{"@type":"ReadAction","target":["https:\/\/www.hotelolympus.it\/it\/hotel-con-animazione\/"]}]},{"@type":"BreadcrumbList","@id":"https:\/\/www.hotelolympus.it\/it\/hotel-con-animazione\/#breadcrumb","itemListElement":[{"@type":"ListItem","position":1,"name":"Home","item":"https:\/\/www.hotelolympus.it\/it\/"},{"@type":"ListItem","position":2,"name":"Animazione"}]},{"@type":"WebSite","@id":"https:\/\/www.hotelolympus.it\/it\/#website","url":"https:\/\/www.hotelolympus.it\/it\/","name":"Hotel Olympus","description":"Il vostro hotel 4 stelle a Caorle Lido Altanea","publisher":{"@id":"https:\/\/www.hotelolympus.it\/it\/#organization"},"potentialAction":[{"@type":"SearchAction","target":{"@type":"EntryPoint","urlTemplate":"https:\/\/www.hotelolympus.it\/it\/?s={search_term_string}"},"query-input":{"@type":"PropertyValueSpecification","valueRequired":true,"valueName":"search_term_string"}}],"inLanguage":"it-IT"},{"@type":"Organization","@id":"https:\/\/www.hotelolympus.it\/it\/#organization","name":"Hotel Olympus","url":"https:\/\/www.hotelolympus.it\/it\/","logo":{"@type":"ImageObject","inLanguage":"it-IT","@id":"https:\/\/www.hotelolympus.it\/it\/#\/schema\/logo\/image\/","url":"https:\/\/www.hotelolympus.it\/wp-content\/uploads\/2023\/04\/hotel-olympus.svg","contentUrl":"https:\/\/www.hotelolympus.it\/wp-content\/uploads\/2023\/04\/hotel-olympus.svg","width":1,"height":1,"caption":"Hotel Olympus"},"image":{"@id":"https:\/\/www.hotelolympus.it\/it\/#\/schema\/logo\/image\/"},"sameAs":["https:\/\/www.facebook.com\/HotelOlympusCaorle\/"]}]}},"_links":{"self":[{"href":"https:\/\/www.hotelolympus.it\/it\/wp-json\/wp\/v2\/pages\/2099","targetHints":{"allow":["GET"]}}],"collection":[{"href":"https:\/\/www.hotelolympus.it\/it\/wp-json\/wp\/v2\/pages"}],"about":[{"href":"https:\/\/www.hotelolympus.it\/it\/wp-json\/wp\/v2\/types\/page"}],"author":[{"embeddable":true,"href":"https:\/\/www.hotelolympus.it\/it\/wp-json\/wp\/v2\/users\/1"}],"replies":[{"embeddable":true,"href":"https:\/\/www.hotelolympus.it\/it\/wp-json\/wp\/v2\/comments?post=2099"}],"version-history":[{"count":8,"href":"https:\/\/www.hotelolympus.it\/it\/wp-json\/wp\/v2\/pages\/2099\/revisions"}],"predecessor-version":[{"id":3373,"href":"https:\/\/www.hotelolympus.it\/it\/wp-json\/wp\/v2\/pages\/2099\/revisions\/3373"}],"wp:attachment":[{"href":"https:\/\/www.hotelolympus.it\/it\/wp-json\/wp\/v2\/media?parent=2099"}],"curies":[{"name":"wp","href":"https:\/\/api.w.org\/{rel}","templated":true}]}}