{"id":27,"date":"2023-02-17T10:47:44","date_gmt":"2023-02-17T09:47:44","guid":{"rendered":"https:\/\/www.hotelolympus.it\/pagina-di-esempio\/"},"modified":"2025-01-14T11:12:03","modified_gmt":"2025-01-14T10:12:03","slug":"willkommen-im-hotel-olympus","status":"publish","type":"page","link":"https:\/\/www.hotelolympus.it\/de\/","title":{"rendered":"Willkommen im Kinderfreundlichen Hotel Olympus"},"content":{"rendered":"\n<p>Unser modernes und einladendes 4-Sterne-Hotel in Caorle befindet sich in dem wundersch\u00f6nen Feriendorf Altanea, dem perfekten Reiseziel f\u00fcr Familien mit Kindern. Die Anlage Altanea liegt n\u00e4mlich sehr g\u00fcnstig:&nbsp; weitab vom Trubel und Verkehr, aber nur 5 km vom Zentrum der Stadt Caorle entfernt, zu dem zahlreiche Fu\u00dfg\u00e4nger- und Radwege f\u00fchren. Der sichere Strand ist mit Toiletten, Umkleidekabinen, Kiosken ausgestattet und bietet Animation und einen Spielplatz f\u00fcr Kinder, w\u00e4hrend das Sportzentrum mit Pl\u00e4tzen f\u00fcr Tennis, Fu\u00dfball, Beachvolley- und Basketball ideal f\u00fcr begeisterte Aktivurlauber ist.<\/p>\n\n\n\n<p>Unser 4-Sterne-Hotel in Caorle Lido Altanea bietet Zimmer und Suiten in unterschiedlicher Gr\u00f6\u00dfe mit gro\u00dfem Balkon oder gro\u00dfz\u00fcgiger Terrasse, die sorgf\u00e4ltig, geschmackvoll und mit allem Komfort f\u00fcr einen perfekten Urlaub mit der ganzen Familie eingerichtet sind.<\/p>\n\n\n\n<p>Das Hotel Olympus stellt den Kindern sowohl drinnen als auch drau\u00dfen viele abwechslungsreiche M\u00f6glichkeiten zum Spiel und zur Unterhaltung zur Verf\u00fcgung, dazu geh\u00f6ren ein Au\u00dfenpool f\u00fcr Kinder, ein Spielplatz im Freien, eine Spielecke f\u00fcr kleine G\u00e4ste unter 6 Jahren mit Krabbelbereich und weichen Spielsachen und der neue Teen\u2019s Room f\u00fcr Kinder ab 7 Jahren mit Playstation-Konsolen, Tischfu\u00dfball und vielen anderen Spielen.<\/p>\n\n\n\n<p>Lassen Sie sich von den K\u00f6stlichkeiten des K\u00fcchenchefs in unserem exklusiven Restaurant in Versuchung f\u00fchren: Jeden Tag erwartet Sie ein Buffet mit den k\u00f6stlichen Spezialit\u00e4ten der italienischen und internationalen K\u00fcche.<\/p>\n\n\n\n<p>Starten Sie am besten mit einem reichhaltigen Fr\u00fchst\u00fcck in den Tag, dem am Mittag und Abend ein k\u00f6stliches Essen folgt: In dem gro\u00dfz\u00fcgigen Speisesaal mit Blick auf den Pool k\u00f6nnen Sie viele leckere Gerichte kosten.<\/p>\n","protected":false},"excerpt":{"rendered":"<p>Unser modernes und einladendes 4-Sterne-Hotel in Caorle befindet sich in dem wundersch\u00f6nen Feriendorf Altanea, dem perfekten Reiseziel f\u00fcr Familien mit Kindern. Die Anlage Altanea liegt n\u00e4mlich sehr g\u00fcnstig:&nbsp; weitab vom Trubel und Verkehr, aber nur 5 km vom Zentrum der Stadt Caorle entfernt, zu dem zahlreiche Fu\u00dfg\u00e4nger- und Radwege f\u00fchren. Der sichere Strand ist mit [&hellip;]<\/p>\n","protected":false},"author":1,"featured_media":2303,"parent":0,"menu_order":17,"comment_status":"closed","ping_status":"open","template":"","meta":{"_acf_changed":false,"footnotes":""},"class_list":["post-27","page","type-page","status-publish","has-post-thumbnail","hentry"],"acf":[],"yoast_head":"<!-- This site is optimized with the Yoast SEO plugin v26.7 - https:\/\/yoast.com\/wordpress\/plugins\/seo\/ -->\n<title>Caorle Hotel 4 Sterne mit Pool - Hotel Olympus<\/title>\n<meta name=\"description\" content=\"Das Hotel Olympus ist ein 4 Sterne Hotel in Caorle mit Pool und Privatstrand. Buchen Sie eines der besten Hotels in Caorle.\" \/>\n<meta name=\"robots\" content=\"index, follow, max-snippet:-1, max-image-preview:large, max-video-preview:-1\" \/>\n<link rel=\"canonical\" href=\"https:\/\/www.hotelolympus.it\/de\/\" \/>\n<meta property=\"og:locale\" content=\"de_DE\" \/>\n<meta property=\"og:type\" content=\"article\" \/>\n<meta property=\"og:title\" content=\"Caorle Hotel 4 Sterne mit Pool - Hotel Olympus\" \/>\n<meta property=\"og:description\" content=\"Das Hotel Olympus ist ein 4 Sterne Hotel in Caorle mit Pool und Privatstrand. Buchen Sie eines der besten Hotels in Caorle.\" \/>\n<meta property=\"og:url\" content=\"https:\/\/www.hotelolympus.it\/de\/\" \/>\n<meta property=\"og:site_name\" content=\"Hotel Olympus\" \/>\n<meta property=\"article:publisher\" content=\"https:\/\/www.facebook.com\/HotelOlympusCaorle\/\" \/>\n<meta property=\"article:modified_time\" content=\"2025-01-14T10:12:03+00:00\" \/>\n<meta property=\"og:image\" content=\"https:\/\/www.hotelolympus.it\/wp-content\/uploads\/2023\/05\/Hotel-Olympus-piscina-6.webp\" \/>\n\t<meta property=\"og:image:width\" content=\"1920\" \/>\n\t<meta property=\"og:image:height\" content=\"1280\" \/>\n\t<meta property=\"og:image:type\" content=\"image\/webp\" \/>\n<meta name=\"twitter:card\" content=\"summary_large_image\" \/>\n<script type=\"application\/ld+json\" class=\"yoast-schema-graph\">{\"@context\":\"https:\/\/schema.org\",\"@graph\":[{\"@type\":\"WebPage\",\"@id\":\"https:\/\/www.hotelolympus.it\/de\/\",\"url\":\"https:\/\/www.hotelolympus.it\/de\/\",\"name\":\"Caorle Hotel 4 Sterne mit Pool - Hotel Olympus\",\"isPartOf\":{\"@id\":\"https:\/\/www.hotelolympus.it\/it\/#website\"},\"primaryImageOfPage\":{\"@id\":\"https:\/\/www.hotelolympus.it\/de\/#primaryimage\"},\"image\":{\"@id\":\"https:\/\/www.hotelolympus.it\/de\/#primaryimage\"},\"thumbnailUrl\":\"https:\/\/www.hotelolympus.it\/wp-content\/uploads\/2023\/05\/Hotel-Olympus-piscina-6.webp\",\"datePublished\":\"2023-02-17T09:47:44+00:00\",\"dateModified\":\"2025-01-14T10:12:03+00:00\",\"description\":\"Das Hotel Olympus ist ein 4 Sterne Hotel in Caorle mit Pool und Privatstrand. Buchen Sie eines der besten Hotels in Caorle.\",\"breadcrumb\":{\"@id\":\"https:\/\/www.hotelolympus.it\/de\/#breadcrumb\"},\"inLanguage\":\"de\",\"potentialAction\":[{\"@type\":\"ReadAction\",\"target\":[\"https:\/\/www.hotelolympus.it\/de\/\"]}]},{\"@type\":\"ImageObject\",\"inLanguage\":\"de\",\"@id\":\"https:\/\/www.hotelolympus.it\/de\/#primaryimage\",\"url\":\"https:\/\/www.hotelolympus.it\/wp-content\/uploads\/2023\/05\/Hotel-Olympus-piscina-6.webp\",\"contentUrl\":\"https:\/\/www.hotelolympus.it\/wp-content\/uploads\/2023\/05\/Hotel-Olympus-piscina-6.webp\",\"width\":1920,\"height\":1280},{\"@type\":\"BreadcrumbList\",\"@id\":\"https:\/\/www.hotelolympus.it\/de\/#breadcrumb\",\"itemListElement\":[{\"@type\":\"ListItem\",\"position\":1,\"name\":\"Home\",\"item\":\"https:\/\/www.hotelolympus.it\/de\/\"},{\"@type\":\"ListItem\",\"position\":2,\"name\":\"Willkommen im Kinderfreundlichen Hotel Olympus\"}]},{\"@type\":\"WebSite\",\"@id\":\"https:\/\/www.hotelolympus.it\/it\/#website\",\"url\":\"https:\/\/www.hotelolympus.it\/it\/\",\"name\":\"Hotel Olympus\",\"description\":\"Il vostro hotel 4 stelle a Caorle Lido Altanea\",\"publisher\":{\"@id\":\"https:\/\/www.hotelolympus.it\/it\/#organization\"},\"potentialAction\":[{\"@type\":\"SearchAction\",\"target\":{\"@type\":\"EntryPoint\",\"urlTemplate\":\"https:\/\/www.hotelolympus.it\/it\/?s={search_term_string}\"},\"query-input\":{\"@type\":\"PropertyValueSpecification\",\"valueRequired\":true,\"valueName\":\"search_term_string\"}}],\"inLanguage\":\"de\"},{\"@type\":\"Organization\",\"@id\":\"https:\/\/www.hotelolympus.it\/it\/#organization\",\"name\":\"Hotel Olympus\",\"url\":\"https:\/\/www.hotelolympus.it\/it\/\",\"logo\":{\"@type\":\"ImageObject\",\"inLanguage\":\"de\",\"@id\":\"https:\/\/www.hotelolympus.it\/it\/#\/schema\/logo\/image\/\",\"url\":\"https:\/\/www.hotelolympus.it\/wp-content\/uploads\/2023\/04\/hotel-olympus.svg\",\"contentUrl\":\"https:\/\/www.hotelolympus.it\/wp-content\/uploads\/2023\/04\/hotel-olympus.svg\",\"width\":1,\"height\":1,\"caption\":\"Hotel Olympus\"},\"image\":{\"@id\":\"https:\/\/www.hotelolympus.it\/it\/#\/schema\/logo\/image\/\"},\"sameAs\":[\"https:\/\/www.facebook.com\/HotelOlympusCaorle\/\"]}]}<\/script>\n<!-- \/ Yoast SEO plugin. -->","yoast_head_json":{"title":"Caorle Hotel 4 Sterne mit Pool - Hotel Olympus","description":"Das Hotel Olympus ist ein 4 Sterne Hotel in Caorle mit Pool und Privatstrand. Buchen Sie eines der besten Hotels in Caorle.","robots":{"index":"index","follow":"follow","max-snippet":"max-snippet:-1","max-image-preview":"max-image-preview:large","max-video-preview":"max-video-preview:-1"},"canonical":"https:\/\/www.hotelolympus.it\/de\/","og_locale":"de_DE","og_type":"article","og_title":"Caorle Hotel 4 Sterne mit Pool - Hotel Olympus","og_description":"Das Hotel Olympus ist ein 4 Sterne Hotel in Caorle mit Pool und Privatstrand. Buchen Sie eines der besten Hotels in Caorle.","og_url":"https:\/\/www.hotelolympus.it\/de\/","og_site_name":"Hotel Olympus","article_publisher":"https:\/\/www.facebook.com\/HotelOlympusCaorle\/","article_modified_time":"2025-01-14T10:12:03+00:00","og_image":[{"width":1920,"height":1280,"url":"https:\/\/www.hotelolympus.it\/wp-content\/uploads\/2023\/05\/Hotel-Olympus-piscina-6.webp","type":"image\/webp"}],"twitter_card":"summary_large_image","schema":{"@context":"https:\/\/schema.org","@graph":[{"@type":"WebPage","@id":"https:\/\/www.hotelolympus.it\/de\/","url":"https:\/\/www.hotelolympus.it\/de\/","name":"Caorle Hotel 4 Sterne mit Pool - Hotel Olympus","isPartOf":{"@id":"https:\/\/www.hotelolympus.it\/it\/#website"},"primaryImageOfPage":{"@id":"https:\/\/www.hotelolympus.it\/de\/#primaryimage"},"image":{"@id":"https:\/\/www.hotelolympus.it\/de\/#primaryimage"},"thumbnailUrl":"https:\/\/www.hotelolympus.it\/wp-content\/uploads\/2023\/05\/Hotel-Olympus-piscina-6.webp","datePublished":"2023-02-17T09:47:44+00:00","dateModified":"2025-01-14T10:12:03+00:00","description":"Das Hotel Olympus ist ein 4 Sterne Hotel in Caorle mit Pool und Privatstrand. Buchen Sie eines der besten Hotels in Caorle.","breadcrumb":{"@id":"https:\/\/www.hotelolympus.it\/de\/#breadcrumb"},"inLanguage":"de","potentialAction":[{"@type":"ReadAction","target":["https:\/\/www.hotelolympus.it\/de\/"]}]},{"@type":"ImageObject","inLanguage":"de","@id":"https:\/\/www.hotelolympus.it\/de\/#primaryimage","url":"https:\/\/www.hotelolympus.it\/wp-content\/uploads\/2023\/05\/Hotel-Olympus-piscina-6.webp","contentUrl":"https:\/\/www.hotelolympus.it\/wp-content\/uploads\/2023\/05\/Hotel-Olympus-piscina-6.webp","width":1920,"height":1280},{"@type":"BreadcrumbList","@id":"https:\/\/www.hotelolympus.it\/de\/#breadcrumb","itemListElement":[{"@type":"ListItem","position":1,"name":"Home","item":"https:\/\/www.hotelolympus.it\/de\/"},{"@type":"ListItem","position":2,"name":"Willkommen im Kinderfreundlichen Hotel Olympus"}]},{"@type":"WebSite","@id":"https:\/\/www.hotelolympus.it\/it\/#website","url":"https:\/\/www.hotelolympus.it\/it\/","name":"Hotel Olympus","description":"Il vostro hotel 4 stelle a Caorle Lido Altanea","publisher":{"@id":"https:\/\/www.hotelolympus.it\/it\/#organization"},"potentialAction":[{"@type":"SearchAction","target":{"@type":"EntryPoint","urlTemplate":"https:\/\/www.hotelolympus.it\/it\/?s={search_term_string}"},"query-input":{"@type":"PropertyValueSpecification","valueRequired":true,"valueName":"search_term_string"}}],"inLanguage":"de"},{"@type":"Organization","@id":"https:\/\/www.hotelolympus.it\/it\/#organization","name":"Hotel Olympus","url":"https:\/\/www.hotelolympus.it\/it\/","logo":{"@type":"ImageObject","inLanguage":"de","@id":"https:\/\/www.hotelolympus.it\/it\/#\/schema\/logo\/image\/","url":"https:\/\/www.hotelolympus.it\/wp-content\/uploads\/2023\/04\/hotel-olympus.svg","contentUrl":"https:\/\/www.hotelolympus.it\/wp-content\/uploads\/2023\/04\/hotel-olympus.svg","width":1,"height":1,"caption":"Hotel Olympus"},"image":{"@id":"https:\/\/www.hotelolympus.it\/it\/#\/schema\/logo\/image\/"},"sameAs":["https:\/\/www.facebook.com\/HotelOlympusCaorle\/"]}]}},"_links":{"self":[{"href":"https:\/\/www.hotelolympus.it\/de\/wp-json\/wp\/v2\/pages\/27","targetHints":{"allow":["GET"]}}],"collection":[{"href":"https:\/\/www.hotelolympus.it\/de\/wp-json\/wp\/v2\/pages"}],"about":[{"href":"https:\/\/www.hotelolympus.it\/de\/wp-json\/wp\/v2\/types\/page"}],"author":[{"embeddable":true,"href":"https:\/\/www.hotelolympus.it\/de\/wp-json\/wp\/v2\/users\/1"}],"replies":[{"embeddable":true,"href":"https:\/\/www.hotelolympus.it\/de\/wp-json\/wp\/v2\/comments?post=27"}],"version-history":[{"count":15,"href":"https:\/\/www.hotelolympus.it\/de\/wp-json\/wp\/v2\/pages\/27\/revisions"}],"predecessor-version":[{"id":3281,"href":"https:\/\/www.hotelolympus.it\/de\/wp-json\/wp\/v2\/pages\/27\/revisions\/3281"}],"wp:featuredmedia":[{"embeddable":true,"href":"https:\/\/www.hotelolympus.it\/de\/wp-json\/wp\/v2\/media\/2303"}],"wp:attachment":[{"href":"https:\/\/www.hotelolympus.it\/de\/wp-json\/wp\/v2\/media?parent=27"}],"curies":[{"name":"wp","href":"https:\/\/api.w.org\/{rel}","templated":true}]}}