{"id":2205,"date":"2023-05-01T02:19:53","date_gmt":"2023-05-01T00:19:53","guid":{"rendered":"https:\/\/www.hotelolympus.it\/teens-room\/"},"modified":"2024-06-07T17:13:29","modified_gmt":"2024-06-07T15:13:29","slug":"teens-room","status":"publish","type":"page","link":"https:\/\/www.hotelolympus.it\/de\/teens-room\/","title":{"rendered":"Teen\u2019s Room"},"content":{"rendered":"\n<p>Das Hotel Olympus wei\u00df, was Kindern und Jugendlichen gef\u00e4llt und bietet ihnen ab diesem Jahr einen Bereich, der ausschlie\u00dflich ihnen, ihren Bed\u00fcrfnissen und Vorlieben gewidmet ist &#8211; ein breit gef\u00e4chertes Angebot f\u00fcr Kinder und Jugendliche.<\/p>\n\n\n\n<p>Auch die Kinder ab 7 Jahren k\u00f6nnen im Hotel Olympus viel erleben, wenn sie nicht mit ihren Eltern am Strand sind und bei den Aktivit\u00e4ten des Animationsteams von Lido Altanea neue Freunde kennen lernen: Im ersten Stock des Hotels befindet sich eine Spielothek mit Tischfu\u00dfball, Playstation, Tischhockey, Arcade-Automat und Videospielen aus den 80er, 90er und 2000er Jahren und vielem mehr.<\/p>\n\n\n\n<p><strong>\u00d6ffnungszeiten: t\u00e4glich von 9:00 bis 22:00 Uhr<\/strong><\/p>\n","protected":false},"excerpt":{"rendered":"<p>Das Hotel Olympus wei\u00df, was Kindern und Jugendlichen gef\u00e4llt und bietet ihnen ab diesem Jahr einen Bereich, der ausschlie\u00dflich ihnen, ihren Bed\u00fcrfnissen und Vorlieben gewidmet ist &#8211; ein breit gef\u00e4chertes Angebot f\u00fcr Kinder und Jugendliche. Auch die Kinder ab 7 Jahren k\u00f6nnen im Hotel Olympus viel erleben, wenn sie nicht mit ihren Eltern am Strand [&hellip;]<\/p>\n","protected":false},"author":1,"featured_media":0,"parent":0,"menu_order":0,"comment_status":"closed","ping_status":"closed","template":"","meta":{"_acf_changed":false,"footnotes":""},"class_list":["post-2205","page","type-page","status-publish","hentry"],"acf":[],"yoast_head":"<!-- This site is optimized with the Yoast SEO plugin v26.7 - https:\/\/yoast.com\/wordpress\/plugins\/seo\/ -->\n<title>Teen\u2019s Room | Hotel Olympus<\/title>\n<meta name=\"robots\" content=\"index, follow, max-snippet:-1, max-image-preview:large, max-video-preview:-1\" \/>\n<link rel=\"canonical\" href=\"https:\/\/www.hotelolympus.it\/de\/teens-room\/\" \/>\n<meta property=\"og:locale\" content=\"de_DE\" \/>\n<meta property=\"og:type\" content=\"article\" \/>\n<meta property=\"og:title\" content=\"Teen\u2019s Room | Hotel Olympus\" \/>\n<meta property=\"og:description\" content=\"Das Hotel Olympus wei\u00df, was Kindern und Jugendlichen gef\u00e4llt und bietet ihnen ab diesem Jahr einen Bereich, der ausschlie\u00dflich ihnen, ihren Bed\u00fcrfnissen und Vorlieben gewidmet ist &#8211; ein breit gef\u00e4chertes Angebot f\u00fcr Kinder und Jugendliche. Auch die Kinder ab 7 Jahren k\u00f6nnen im Hotel Olympus viel erleben, wenn sie nicht mit ihren Eltern am Strand [&hellip;]\" \/>\n<meta property=\"og:url\" content=\"https:\/\/www.hotelolympus.it\/de\/teens-room\/\" \/>\n<meta property=\"og:site_name\" content=\"Hotel Olympus\" \/>\n<meta property=\"article:publisher\" content=\"https:\/\/www.facebook.com\/HotelOlympusCaorle\/\" \/>\n<meta property=\"article:modified_time\" content=\"2024-06-07T15:13:29+00:00\" \/>\n<meta name=\"twitter:card\" content=\"summary_large_image\" \/>\n<script type=\"application\/ld+json\" class=\"yoast-schema-graph\">{\"@context\":\"https:\/\/schema.org\",\"@graph\":[{\"@type\":\"WebPage\",\"@id\":\"https:\/\/www.hotelolympus.it\/de\/teens-room\/\",\"url\":\"https:\/\/www.hotelolympus.it\/de\/teens-room\/\",\"name\":\"Teen\u2019s Room | Hotel Olympus\",\"isPartOf\":{\"@id\":\"https:\/\/www.hotelolympus.it\/it\/#website\"},\"datePublished\":\"2023-05-01T00:19:53+00:00\",\"dateModified\":\"2024-06-07T15:13:29+00:00\",\"breadcrumb\":{\"@id\":\"https:\/\/www.hotelolympus.it\/de\/teens-room\/#breadcrumb\"},\"inLanguage\":\"de\",\"potentialAction\":[{\"@type\":\"ReadAction\",\"target\":[\"https:\/\/www.hotelolympus.it\/de\/teens-room\/\"]}]},{\"@type\":\"BreadcrumbList\",\"@id\":\"https:\/\/www.hotelolympus.it\/de\/teens-room\/#breadcrumb\",\"itemListElement\":[{\"@type\":\"ListItem\",\"position\":1,\"name\":\"Home\",\"item\":\"https:\/\/www.hotelolympus.it\/de\/\"},{\"@type\":\"ListItem\",\"position\":2,\"name\":\"Teen\u2019s Room\"}]},{\"@type\":\"WebSite\",\"@id\":\"https:\/\/www.hotelolympus.it\/it\/#website\",\"url\":\"https:\/\/www.hotelolympus.it\/it\/\",\"name\":\"Hotel Olympus\",\"description\":\"Il vostro hotel 4 stelle a Caorle Lido Altanea\",\"publisher\":{\"@id\":\"https:\/\/www.hotelolympus.it\/it\/#organization\"},\"potentialAction\":[{\"@type\":\"SearchAction\",\"target\":{\"@type\":\"EntryPoint\",\"urlTemplate\":\"https:\/\/www.hotelolympus.it\/it\/?s={search_term_string}\"},\"query-input\":{\"@type\":\"PropertyValueSpecification\",\"valueRequired\":true,\"valueName\":\"search_term_string\"}}],\"inLanguage\":\"de\"},{\"@type\":\"Organization\",\"@id\":\"https:\/\/www.hotelolympus.it\/it\/#organization\",\"name\":\"Hotel Olympus\",\"url\":\"https:\/\/www.hotelolympus.it\/it\/\",\"logo\":{\"@type\":\"ImageObject\",\"inLanguage\":\"de\",\"@id\":\"https:\/\/www.hotelolympus.it\/it\/#\/schema\/logo\/image\/\",\"url\":\"https:\/\/www.hotelolympus.it\/wp-content\/uploads\/2023\/04\/hotel-olympus.svg\",\"contentUrl\":\"https:\/\/www.hotelolympus.it\/wp-content\/uploads\/2023\/04\/hotel-olympus.svg\",\"width\":1,\"height\":1,\"caption\":\"Hotel Olympus\"},\"image\":{\"@id\":\"https:\/\/www.hotelolympus.it\/it\/#\/schema\/logo\/image\/\"},\"sameAs\":[\"https:\/\/www.facebook.com\/HotelOlympusCaorle\/\"]}]}<\/script>\n<!-- \/ Yoast SEO plugin. -->","yoast_head_json":{"title":"Teen\u2019s Room | Hotel Olympus","robots":{"index":"index","follow":"follow","max-snippet":"max-snippet:-1","max-image-preview":"max-image-preview:large","max-video-preview":"max-video-preview:-1"},"canonical":"https:\/\/www.hotelolympus.it\/de\/teens-room\/","og_locale":"de_DE","og_type":"article","og_title":"Teen\u2019s Room | Hotel Olympus","og_description":"Das Hotel Olympus wei\u00df, was Kindern und Jugendlichen gef\u00e4llt und bietet ihnen ab diesem Jahr einen Bereich, der ausschlie\u00dflich ihnen, ihren Bed\u00fcrfnissen und Vorlieben gewidmet ist &#8211; ein breit gef\u00e4chertes Angebot f\u00fcr Kinder und Jugendliche. Auch die Kinder ab 7 Jahren k\u00f6nnen im Hotel Olympus viel erleben, wenn sie nicht mit ihren Eltern am Strand [&hellip;]","og_url":"https:\/\/www.hotelolympus.it\/de\/teens-room\/","og_site_name":"Hotel Olympus","article_publisher":"https:\/\/www.facebook.com\/HotelOlympusCaorle\/","article_modified_time":"2024-06-07T15:13:29+00:00","twitter_card":"summary_large_image","schema":{"@context":"https:\/\/schema.org","@graph":[{"@type":"WebPage","@id":"https:\/\/www.hotelolympus.it\/de\/teens-room\/","url":"https:\/\/www.hotelolympus.it\/de\/teens-room\/","name":"Teen\u2019s Room | Hotel Olympus","isPartOf":{"@id":"https:\/\/www.hotelolympus.it\/it\/#website"},"datePublished":"2023-05-01T00:19:53+00:00","dateModified":"2024-06-07T15:13:29+00:00","breadcrumb":{"@id":"https:\/\/www.hotelolympus.it\/de\/teens-room\/#breadcrumb"},"inLanguage":"de","potentialAction":[{"@type":"ReadAction","target":["https:\/\/www.hotelolympus.it\/de\/teens-room\/"]}]},{"@type":"BreadcrumbList","@id":"https:\/\/www.hotelolympus.it\/de\/teens-room\/#breadcrumb","itemListElement":[{"@type":"ListItem","position":1,"name":"Home","item":"https:\/\/www.hotelolympus.it\/de\/"},{"@type":"ListItem","position":2,"name":"Teen\u2019s Room"}]},{"@type":"WebSite","@id":"https:\/\/www.hotelolympus.it\/it\/#website","url":"https:\/\/www.hotelolympus.it\/it\/","name":"Hotel Olympus","description":"Il vostro hotel 4 stelle a Caorle Lido Altanea","publisher":{"@id":"https:\/\/www.hotelolympus.it\/it\/#organization"},"potentialAction":[{"@type":"SearchAction","target":{"@type":"EntryPoint","urlTemplate":"https:\/\/www.hotelolympus.it\/it\/?s={search_term_string}"},"query-input":{"@type":"PropertyValueSpecification","valueRequired":true,"valueName":"search_term_string"}}],"inLanguage":"de"},{"@type":"Organization","@id":"https:\/\/www.hotelolympus.it\/it\/#organization","name":"Hotel Olympus","url":"https:\/\/www.hotelolympus.it\/it\/","logo":{"@type":"ImageObject","inLanguage":"de","@id":"https:\/\/www.hotelolympus.it\/it\/#\/schema\/logo\/image\/","url":"https:\/\/www.hotelolympus.it\/wp-content\/uploads\/2023\/04\/hotel-olympus.svg","contentUrl":"https:\/\/www.hotelolympus.it\/wp-content\/uploads\/2023\/04\/hotel-olympus.svg","width":1,"height":1,"caption":"Hotel Olympus"},"image":{"@id":"https:\/\/www.hotelolympus.it\/it\/#\/schema\/logo\/image\/"},"sameAs":["https:\/\/www.facebook.com\/HotelOlympusCaorle\/"]}]}},"_links":{"self":[{"href":"https:\/\/www.hotelolympus.it\/de\/wp-json\/wp\/v2\/pages\/2205","targetHints":{"allow":["GET"]}}],"collection":[{"href":"https:\/\/www.hotelolympus.it\/de\/wp-json\/wp\/v2\/pages"}],"about":[{"href":"https:\/\/www.hotelolympus.it\/de\/wp-json\/wp\/v2\/types\/page"}],"author":[{"embeddable":true,"href":"https:\/\/www.hotelolympus.it\/de\/wp-json\/wp\/v2\/users\/1"}],"replies":[{"embeddable":true,"href":"https:\/\/www.hotelolympus.it\/de\/wp-json\/wp\/v2\/comments?post=2205"}],"version-history":[{"count":4,"href":"https:\/\/www.hotelolympus.it\/de\/wp-json\/wp\/v2\/pages\/2205\/revisions"}],"predecessor-version":[{"id":3087,"href":"https:\/\/www.hotelolympus.it\/de\/wp-json\/wp\/v2\/pages\/2205\/revisions\/3087"}],"wp:attachment":[{"href":"https:\/\/www.hotelolympus.it\/de\/wp-json\/wp\/v2\/media?parent=2205"}],"curies":[{"name":"wp","href":"https:\/\/api.w.org\/{rel}","templated":true}]}}