{"id":2197,"date":"2023-05-01T02:18:40","date_gmt":"2023-05-01T00:18:40","guid":{"rendered":"https:\/\/www.hotelolympus.it\/angolo-mamme\/"},"modified":"2024-06-07T17:35:54","modified_gmt":"2024-06-07T15:35:54","slug":"angolo-mamme","status":"publish","type":"page","link":"https:\/\/www.hotelolympus.it\/de\/angolo-mamme\/","title":{"rendered":"Eltern-Ecke"},"content":{"rendered":"\n<p>Das Hotel Olympus denkt an alle M\u00fctter und V\u00e4ter, die in aller Ruhe das Fl\u00e4schchen oder den Brei f\u00fcr ihre Babys zubereiten m\u00f6chten, denn niemand kennt die Gewohnheiten, den Geschmack und die Bed\u00fcrfnisse der Kleinen so gut wie die Eltern. <\/p>\n\n\n\n<p>In dem eigens daf\u00fcr eingerichteten Bereich der Lobby, der immer ge\u00f6ffnet ist (auch wenn das Restaurant geschlossen ist), stehen Mikrowellenherd und Flaschenw\u00e4rmer zur Verf\u00fcgung. Die Frucht Babynahrung k\u00f6nnen kostenlos an der Rezeption angefordert werden.<\/p>\n","protected":false},"excerpt":{"rendered":"<p>Das Hotel Olympus denkt an alle M\u00fctter und V\u00e4ter, die in aller Ruhe das Fl\u00e4schchen oder den Brei f\u00fcr ihre Babys zubereiten m\u00f6chten, denn niemand kennt die Gewohnheiten, den Geschmack und die Bed\u00fcrfnisse der Kleinen so gut wie die Eltern. In dem eigens daf\u00fcr eingerichteten Bereich der Lobby, der immer ge\u00f6ffnet ist (auch wenn das [&hellip;]<\/p>\n","protected":false},"author":1,"featured_media":0,"parent":0,"menu_order":0,"comment_status":"closed","ping_status":"closed","template":"","meta":{"_acf_changed":false,"footnotes":""},"class_list":["post-2197","page","type-page","status-publish","hentry"],"acf":[],"yoast_head":"<!-- This site is optimized with the Yoast SEO plugin v26.7 - https:\/\/yoast.com\/wordpress\/plugins\/seo\/ -->\n<title>Eltern-Ecke | Hotel Olympus<\/title>\n<meta name=\"robots\" content=\"index, follow, max-snippet:-1, max-image-preview:large, max-video-preview:-1\" \/>\n<link rel=\"canonical\" href=\"https:\/\/www.hotelolympus.it\/de\/angolo-mamme\/\" \/>\n<meta property=\"og:locale\" content=\"de_DE\" \/>\n<meta property=\"og:type\" content=\"article\" \/>\n<meta property=\"og:title\" content=\"Eltern-Ecke | Hotel Olympus\" \/>\n<meta property=\"og:description\" content=\"Das Hotel Olympus denkt an alle M\u00fctter und V\u00e4ter, die in aller Ruhe das Fl\u00e4schchen oder den Brei f\u00fcr ihre Babys zubereiten m\u00f6chten, denn niemand kennt die Gewohnheiten, den Geschmack und die Bed\u00fcrfnisse der Kleinen so gut wie die Eltern. In dem eigens daf\u00fcr eingerichteten Bereich der Lobby, der immer ge\u00f6ffnet ist (auch wenn das [&hellip;]\" \/>\n<meta property=\"og:url\" content=\"https:\/\/www.hotelolympus.it\/de\/angolo-mamme\/\" \/>\n<meta property=\"og:site_name\" content=\"Hotel Olympus\" \/>\n<meta property=\"article:publisher\" content=\"https:\/\/www.facebook.com\/HotelOlympusCaorle\/\" \/>\n<meta property=\"article:modified_time\" content=\"2024-06-07T15:35:54+00:00\" \/>\n<meta name=\"twitter:card\" content=\"summary_large_image\" \/>\n<script type=\"application\/ld+json\" class=\"yoast-schema-graph\">{\"@context\":\"https:\/\/schema.org\",\"@graph\":[{\"@type\":\"WebPage\",\"@id\":\"https:\/\/www.hotelolympus.it\/de\/angolo-mamme\/\",\"url\":\"https:\/\/www.hotelolympus.it\/de\/angolo-mamme\/\",\"name\":\"Eltern-Ecke | Hotel Olympus\",\"isPartOf\":{\"@id\":\"https:\/\/www.hotelolympus.it\/it\/#website\"},\"datePublished\":\"2023-05-01T00:18:40+00:00\",\"dateModified\":\"2024-06-07T15:35:54+00:00\",\"breadcrumb\":{\"@id\":\"https:\/\/www.hotelolympus.it\/de\/angolo-mamme\/#breadcrumb\"},\"inLanguage\":\"de\",\"potentialAction\":[{\"@type\":\"ReadAction\",\"target\":[\"https:\/\/www.hotelolympus.it\/de\/angolo-mamme\/\"]}]},{\"@type\":\"BreadcrumbList\",\"@id\":\"https:\/\/www.hotelolympus.it\/de\/angolo-mamme\/#breadcrumb\",\"itemListElement\":[{\"@type\":\"ListItem\",\"position\":1,\"name\":\"Home\",\"item\":\"https:\/\/www.hotelolympus.it\/de\/\"},{\"@type\":\"ListItem\",\"position\":2,\"name\":\"Eltern-Ecke\"}]},{\"@type\":\"WebSite\",\"@id\":\"https:\/\/www.hotelolympus.it\/it\/#website\",\"url\":\"https:\/\/www.hotelolympus.it\/it\/\",\"name\":\"Hotel Olympus\",\"description\":\"Il vostro hotel 4 stelle a Caorle Lido Altanea\",\"publisher\":{\"@id\":\"https:\/\/www.hotelolympus.it\/it\/#organization\"},\"potentialAction\":[{\"@type\":\"SearchAction\",\"target\":{\"@type\":\"EntryPoint\",\"urlTemplate\":\"https:\/\/www.hotelolympus.it\/it\/?s={search_term_string}\"},\"query-input\":{\"@type\":\"PropertyValueSpecification\",\"valueRequired\":true,\"valueName\":\"search_term_string\"}}],\"inLanguage\":\"de\"},{\"@type\":\"Organization\",\"@id\":\"https:\/\/www.hotelolympus.it\/it\/#organization\",\"name\":\"Hotel Olympus\",\"url\":\"https:\/\/www.hotelolympus.it\/it\/\",\"logo\":{\"@type\":\"ImageObject\",\"inLanguage\":\"de\",\"@id\":\"https:\/\/www.hotelolympus.it\/it\/#\/schema\/logo\/image\/\",\"url\":\"https:\/\/www.hotelolympus.it\/wp-content\/uploads\/2023\/04\/hotel-olympus.svg\",\"contentUrl\":\"https:\/\/www.hotelolympus.it\/wp-content\/uploads\/2023\/04\/hotel-olympus.svg\",\"width\":1,\"height\":1,\"caption\":\"Hotel Olympus\"},\"image\":{\"@id\":\"https:\/\/www.hotelolympus.it\/it\/#\/schema\/logo\/image\/\"},\"sameAs\":[\"https:\/\/www.facebook.com\/HotelOlympusCaorle\/\"]}]}<\/script>\n<!-- \/ Yoast SEO plugin. -->","yoast_head_json":{"title":"Eltern-Ecke | Hotel Olympus","robots":{"index":"index","follow":"follow","max-snippet":"max-snippet:-1","max-image-preview":"max-image-preview:large","max-video-preview":"max-video-preview:-1"},"canonical":"https:\/\/www.hotelolympus.it\/de\/angolo-mamme\/","og_locale":"de_DE","og_type":"article","og_title":"Eltern-Ecke | Hotel Olympus","og_description":"Das Hotel Olympus denkt an alle M\u00fctter und V\u00e4ter, die in aller Ruhe das Fl\u00e4schchen oder den Brei f\u00fcr ihre Babys zubereiten m\u00f6chten, denn niemand kennt die Gewohnheiten, den Geschmack und die Bed\u00fcrfnisse der Kleinen so gut wie die Eltern. In dem eigens daf\u00fcr eingerichteten Bereich der Lobby, der immer ge\u00f6ffnet ist (auch wenn das [&hellip;]","og_url":"https:\/\/www.hotelolympus.it\/de\/angolo-mamme\/","og_site_name":"Hotel Olympus","article_publisher":"https:\/\/www.facebook.com\/HotelOlympusCaorle\/","article_modified_time":"2024-06-07T15:35:54+00:00","twitter_card":"summary_large_image","schema":{"@context":"https:\/\/schema.org","@graph":[{"@type":"WebPage","@id":"https:\/\/www.hotelolympus.it\/de\/angolo-mamme\/","url":"https:\/\/www.hotelolympus.it\/de\/angolo-mamme\/","name":"Eltern-Ecke | Hotel Olympus","isPartOf":{"@id":"https:\/\/www.hotelolympus.it\/it\/#website"},"datePublished":"2023-05-01T00:18:40+00:00","dateModified":"2024-06-07T15:35:54+00:00","breadcrumb":{"@id":"https:\/\/www.hotelolympus.it\/de\/angolo-mamme\/#breadcrumb"},"inLanguage":"de","potentialAction":[{"@type":"ReadAction","target":["https:\/\/www.hotelolympus.it\/de\/angolo-mamme\/"]}]},{"@type":"BreadcrumbList","@id":"https:\/\/www.hotelolympus.it\/de\/angolo-mamme\/#breadcrumb","itemListElement":[{"@type":"ListItem","position":1,"name":"Home","item":"https:\/\/www.hotelolympus.it\/de\/"},{"@type":"ListItem","position":2,"name":"Eltern-Ecke"}]},{"@type":"WebSite","@id":"https:\/\/www.hotelolympus.it\/it\/#website","url":"https:\/\/www.hotelolympus.it\/it\/","name":"Hotel Olympus","description":"Il vostro hotel 4 stelle a Caorle Lido Altanea","publisher":{"@id":"https:\/\/www.hotelolympus.it\/it\/#organization"},"potentialAction":[{"@type":"SearchAction","target":{"@type":"EntryPoint","urlTemplate":"https:\/\/www.hotelolympus.it\/it\/?s={search_term_string}"},"query-input":{"@type":"PropertyValueSpecification","valueRequired":true,"valueName":"search_term_string"}}],"inLanguage":"de"},{"@type":"Organization","@id":"https:\/\/www.hotelolympus.it\/it\/#organization","name":"Hotel Olympus","url":"https:\/\/www.hotelolympus.it\/it\/","logo":{"@type":"ImageObject","inLanguage":"de","@id":"https:\/\/www.hotelolympus.it\/it\/#\/schema\/logo\/image\/","url":"https:\/\/www.hotelolympus.it\/wp-content\/uploads\/2023\/04\/hotel-olympus.svg","contentUrl":"https:\/\/www.hotelolympus.it\/wp-content\/uploads\/2023\/04\/hotel-olympus.svg","width":1,"height":1,"caption":"Hotel Olympus"},"image":{"@id":"https:\/\/www.hotelolympus.it\/it\/#\/schema\/logo\/image\/"},"sameAs":["https:\/\/www.facebook.com\/HotelOlympusCaorle\/"]}]}},"_links":{"self":[{"href":"https:\/\/www.hotelolympus.it\/de\/wp-json\/wp\/v2\/pages\/2197","targetHints":{"allow":["GET"]}}],"collection":[{"href":"https:\/\/www.hotelolympus.it\/de\/wp-json\/wp\/v2\/pages"}],"about":[{"href":"https:\/\/www.hotelolympus.it\/de\/wp-json\/wp\/v2\/types\/page"}],"author":[{"embeddable":true,"href":"https:\/\/www.hotelolympus.it\/de\/wp-json\/wp\/v2\/users\/1"}],"replies":[{"embeddable":true,"href":"https:\/\/www.hotelolympus.it\/de\/wp-json\/wp\/v2\/comments?post=2197"}],"version-history":[{"count":3,"href":"https:\/\/www.hotelolympus.it\/de\/wp-json\/wp\/v2\/pages\/2197\/revisions"}],"predecessor-version":[{"id":3097,"href":"https:\/\/www.hotelolympus.it\/de\/wp-json\/wp\/v2\/pages\/2197\/revisions\/3097"}],"wp:attachment":[{"href":"https:\/\/www.hotelolympus.it\/de\/wp-json\/wp\/v2\/media?parent=2197"}],"curies":[{"name":"wp","href":"https:\/\/api.w.org\/{rel}","templated":true}]}}