{"id":2132,"date":"2023-05-01T01:56:51","date_gmt":"2023-04-30T23:56:51","guid":{"rendered":"https:\/\/www.hotelolympus.it\/il-golf\/"},"modified":"2023-05-09T15:55:24","modified_gmt":"2023-05-09T13:55:24","slug":"golfplatz-caorle","status":"publish","type":"page","link":"https:\/\/www.hotelolympus.it\/de\/golfplatz-caorle\/","title":{"rendered":"Golfplatz Caorle"},"content":{"rendered":"\n<p>Im Ortsteil Lido Altanea von Caorle befindet sich direkt am Strand und nicht weit vom Hotel Olympus entfernt der gepflegte 18-Loch-Golfplatz Pr\u00e0 delle Torri von Caorle, der sowohl f\u00fcr Anf\u00e4nger als auch f\u00fcr erfahrene Spieler geeignet ist.<\/p>\n\n\n\n<p>Das Hotel Olympus ist die ideale L\u00f6sung f\u00fcr Golf-Fans, die vormittags erholsame Stunden am Meer verbringen und sich nachmittags beim Golfspiel entspannen m\u00f6chten.<\/p>\n\n\n\n<p>Das Hotel bietet seinen G\u00e4sten im <strong>Golfclub Pr\u00e0 delle Torri<\/strong> von Caorle au\u00dferdem einen <strong>Sonderrabatt von 40 %<\/strong> auf die Greenfees f\u00fcr Erwachsene.<\/p>\n","protected":false},"excerpt":{"rendered":"<p>Im Ortsteil Lido Altanea von Caorle befindet sich direkt am Strand und nicht weit vom Hotel Olympus entfernt der gepflegte 18-Loch-Golfplatz Pr\u00e0 delle Torri von Caorle, der sowohl f\u00fcr Anf\u00e4nger als auch f\u00fcr erfahrene Spieler geeignet ist. Das Hotel Olympus ist die ideale L\u00f6sung f\u00fcr Golf-Fans, die vormittags erholsame Stunden am Meer verbringen und sich [&hellip;]<\/p>\n","protected":false},"author":1,"featured_media":0,"parent":0,"menu_order":0,"comment_status":"closed","ping_status":"closed","template":"","meta":{"_acf_changed":false,"footnotes":""},"class_list":["post-2132","page","type-page","status-publish","hentry"],"acf":[],"yoast_head":"<!-- This site is optimized with the Yoast SEO plugin v26.7 - https:\/\/yoast.com\/wordpress\/plugins\/seo\/ -->\n<title>Golfplatz Caorle | Hotel Olympus<\/title>\n<meta name=\"description\" content=\"Golf-Liebhabern finden in der n\u00e4he des Hotels einen 18 Loch- Golfplatz in Caorle. Golf Urlaub in Caorle.\" \/>\n<meta name=\"robots\" content=\"index, follow, max-snippet:-1, max-image-preview:large, max-video-preview:-1\" \/>\n<link rel=\"canonical\" href=\"https:\/\/www.hotelolympus.it\/de\/golfplatz-caorle\/\" \/>\n<meta property=\"og:locale\" content=\"de_DE\" \/>\n<meta property=\"og:type\" content=\"article\" \/>\n<meta property=\"og:title\" content=\"Golfplatz Caorle | Hotel Olympus\" \/>\n<meta property=\"og:description\" content=\"Golf-Liebhabern finden in der n\u00e4he des Hotels einen 18 Loch- Golfplatz in Caorle. Golf Urlaub in Caorle.\" \/>\n<meta property=\"og:url\" content=\"https:\/\/www.hotelolympus.it\/de\/golfplatz-caorle\/\" \/>\n<meta property=\"og:site_name\" content=\"Hotel Olympus\" \/>\n<meta property=\"article:publisher\" content=\"https:\/\/www.facebook.com\/HotelOlympusCaorle\/\" \/>\n<meta property=\"article:modified_time\" content=\"2023-05-09T13:55:24+00:00\" \/>\n<meta name=\"twitter:card\" content=\"summary_large_image\" \/>\n<script type=\"application\/ld+json\" class=\"yoast-schema-graph\">{\"@context\":\"https:\/\/schema.org\",\"@graph\":[{\"@type\":\"WebPage\",\"@id\":\"https:\/\/www.hotelolympus.it\/de\/golfplatz-caorle\/\",\"url\":\"https:\/\/www.hotelolympus.it\/de\/golfplatz-caorle\/\",\"name\":\"Golfplatz Caorle | Hotel Olympus\",\"isPartOf\":{\"@id\":\"https:\/\/www.hotelolympus.it\/it\/#website\"},\"datePublished\":\"2023-04-30T23:56:51+00:00\",\"dateModified\":\"2023-05-09T13:55:24+00:00\",\"description\":\"Golf-Liebhabern finden in der n\u00e4he des Hotels einen 18 Loch- Golfplatz in Caorle. Golf Urlaub in Caorle.\",\"breadcrumb\":{\"@id\":\"https:\/\/www.hotelolympus.it\/de\/golfplatz-caorle\/#breadcrumb\"},\"inLanguage\":\"de\",\"potentialAction\":[{\"@type\":\"ReadAction\",\"target\":[\"https:\/\/www.hotelolympus.it\/de\/golfplatz-caorle\/\"]}]},{\"@type\":\"BreadcrumbList\",\"@id\":\"https:\/\/www.hotelolympus.it\/de\/golfplatz-caorle\/#breadcrumb\",\"itemListElement\":[{\"@type\":\"ListItem\",\"position\":1,\"name\":\"Home\",\"item\":\"https:\/\/www.hotelolympus.it\/de\/\"},{\"@type\":\"ListItem\",\"position\":2,\"name\":\"Golfplatz Caorle\"}]},{\"@type\":\"WebSite\",\"@id\":\"https:\/\/www.hotelolympus.it\/it\/#website\",\"url\":\"https:\/\/www.hotelolympus.it\/it\/\",\"name\":\"Hotel Olympus\",\"description\":\"Il vostro hotel 4 stelle a Caorle Lido Altanea\",\"publisher\":{\"@id\":\"https:\/\/www.hotelolympus.it\/it\/#organization\"},\"potentialAction\":[{\"@type\":\"SearchAction\",\"target\":{\"@type\":\"EntryPoint\",\"urlTemplate\":\"https:\/\/www.hotelolympus.it\/it\/?s={search_term_string}\"},\"query-input\":{\"@type\":\"PropertyValueSpecification\",\"valueRequired\":true,\"valueName\":\"search_term_string\"}}],\"inLanguage\":\"de\"},{\"@type\":\"Organization\",\"@id\":\"https:\/\/www.hotelolympus.it\/it\/#organization\",\"name\":\"Hotel Olympus\",\"url\":\"https:\/\/www.hotelolympus.it\/it\/\",\"logo\":{\"@type\":\"ImageObject\",\"inLanguage\":\"de\",\"@id\":\"https:\/\/www.hotelolympus.it\/it\/#\/schema\/logo\/image\/\",\"url\":\"https:\/\/www.hotelolympus.it\/wp-content\/uploads\/2023\/04\/hotel-olympus.svg\",\"contentUrl\":\"https:\/\/www.hotelolympus.it\/wp-content\/uploads\/2023\/04\/hotel-olympus.svg\",\"width\":1,\"height\":1,\"caption\":\"Hotel Olympus\"},\"image\":{\"@id\":\"https:\/\/www.hotelolympus.it\/it\/#\/schema\/logo\/image\/\"},\"sameAs\":[\"https:\/\/www.facebook.com\/HotelOlympusCaorle\/\"]}]}<\/script>\n<!-- \/ Yoast SEO plugin. -->","yoast_head_json":{"title":"Golfplatz Caorle | Hotel Olympus","description":"Golf-Liebhabern finden in der n\u00e4he des Hotels einen 18 Loch- Golfplatz in Caorle. Golf Urlaub in Caorle.","robots":{"index":"index","follow":"follow","max-snippet":"max-snippet:-1","max-image-preview":"max-image-preview:large","max-video-preview":"max-video-preview:-1"},"canonical":"https:\/\/www.hotelolympus.it\/de\/golfplatz-caorle\/","og_locale":"de_DE","og_type":"article","og_title":"Golfplatz Caorle | Hotel Olympus","og_description":"Golf-Liebhabern finden in der n\u00e4he des Hotels einen 18 Loch- Golfplatz in Caorle. Golf Urlaub in Caorle.","og_url":"https:\/\/www.hotelolympus.it\/de\/golfplatz-caorle\/","og_site_name":"Hotel Olympus","article_publisher":"https:\/\/www.facebook.com\/HotelOlympusCaorle\/","article_modified_time":"2023-05-09T13:55:24+00:00","twitter_card":"summary_large_image","schema":{"@context":"https:\/\/schema.org","@graph":[{"@type":"WebPage","@id":"https:\/\/www.hotelolympus.it\/de\/golfplatz-caorle\/","url":"https:\/\/www.hotelolympus.it\/de\/golfplatz-caorle\/","name":"Golfplatz Caorle | Hotel Olympus","isPartOf":{"@id":"https:\/\/www.hotelolympus.it\/it\/#website"},"datePublished":"2023-04-30T23:56:51+00:00","dateModified":"2023-05-09T13:55:24+00:00","description":"Golf-Liebhabern finden in der n\u00e4he des Hotels einen 18 Loch- Golfplatz in Caorle. Golf Urlaub in Caorle.","breadcrumb":{"@id":"https:\/\/www.hotelolympus.it\/de\/golfplatz-caorle\/#breadcrumb"},"inLanguage":"de","potentialAction":[{"@type":"ReadAction","target":["https:\/\/www.hotelolympus.it\/de\/golfplatz-caorle\/"]}]},{"@type":"BreadcrumbList","@id":"https:\/\/www.hotelolympus.it\/de\/golfplatz-caorle\/#breadcrumb","itemListElement":[{"@type":"ListItem","position":1,"name":"Home","item":"https:\/\/www.hotelolympus.it\/de\/"},{"@type":"ListItem","position":2,"name":"Golfplatz Caorle"}]},{"@type":"WebSite","@id":"https:\/\/www.hotelolympus.it\/it\/#website","url":"https:\/\/www.hotelolympus.it\/it\/","name":"Hotel Olympus","description":"Il vostro hotel 4 stelle a Caorle Lido Altanea","publisher":{"@id":"https:\/\/www.hotelolympus.it\/it\/#organization"},"potentialAction":[{"@type":"SearchAction","target":{"@type":"EntryPoint","urlTemplate":"https:\/\/www.hotelolympus.it\/it\/?s={search_term_string}"},"query-input":{"@type":"PropertyValueSpecification","valueRequired":true,"valueName":"search_term_string"}}],"inLanguage":"de"},{"@type":"Organization","@id":"https:\/\/www.hotelolympus.it\/it\/#organization","name":"Hotel Olympus","url":"https:\/\/www.hotelolympus.it\/it\/","logo":{"@type":"ImageObject","inLanguage":"de","@id":"https:\/\/www.hotelolympus.it\/it\/#\/schema\/logo\/image\/","url":"https:\/\/www.hotelolympus.it\/wp-content\/uploads\/2023\/04\/hotel-olympus.svg","contentUrl":"https:\/\/www.hotelolympus.it\/wp-content\/uploads\/2023\/04\/hotel-olympus.svg","width":1,"height":1,"caption":"Hotel Olympus"},"image":{"@id":"https:\/\/www.hotelolympus.it\/it\/#\/schema\/logo\/image\/"},"sameAs":["https:\/\/www.facebook.com\/HotelOlympusCaorle\/"]}]}},"_links":{"self":[{"href":"https:\/\/www.hotelolympus.it\/de\/wp-json\/wp\/v2\/pages\/2132","targetHints":{"allow":["GET"]}}],"collection":[{"href":"https:\/\/www.hotelolympus.it\/de\/wp-json\/wp\/v2\/pages"}],"about":[{"href":"https:\/\/www.hotelolympus.it\/de\/wp-json\/wp\/v2\/types\/page"}],"author":[{"embeddable":true,"href":"https:\/\/www.hotelolympus.it\/de\/wp-json\/wp\/v2\/users\/1"}],"replies":[{"embeddable":true,"href":"https:\/\/www.hotelolympus.it\/de\/wp-json\/wp\/v2\/comments?post=2132"}],"version-history":[{"count":4,"href":"https:\/\/www.hotelolympus.it\/de\/wp-json\/wp\/v2\/pages\/2132\/revisions"}],"predecessor-version":[{"id":2582,"href":"https:\/\/www.hotelolympus.it\/de\/wp-json\/wp\/v2\/pages\/2132\/revisions\/2582"}],"wp:attachment":[{"href":"https:\/\/www.hotelolympus.it\/de\/wp-json\/wp\/v2\/media?parent=2132"}],"curies":[{"name":"wp","href":"https:\/\/api.w.org\/{rel}","templated":true}]}}