{"id":2035,"date":"2023-02-23T17:01:42","date_gmt":"2023-02-23T16:01:42","guid":{"rendered":"https:\/\/www.hotelolympus.it\/minimarket\/"},"modified":"2025-01-16T11:13:09","modified_gmt":"2025-01-16T10:13:09","slug":"restaurant-de","status":"publish","type":"page","link":"https:\/\/www.hotelolympus.it\/de\/restaurant-de\/","title":{"rendered":"Restaurant"},"content":{"rendered":"\n<p>Am <strong>Buffet <\/strong>des Hotels finden Sie Gerichte, die t\u00e4glich von unseren K\u00f6chen aus hochwertigen Zutaten zubereitet werden.<\/p>\n\n\n\n<p>Schon beim <strong>Fr\u00fchst\u00fcck<\/strong> stellen wir auf die W\u00fcnsche und Bed\u00fcrfnisse unserer G\u00e4ste ein. Auf der Veranda des Speisesaals k\u00f6nnen Sie die Aussicht auf den Pool genie\u00dfen, w\u00e4hrend Sie einen Kaffee trinken und sich das s\u00fc\u00dfe und herzhafte Angebot vom Buffet schmecken lassen. F\u00fcr die Kleinen gibt es M\u00fcsli und hei\u00dfe Getr\u00e4nke sowie frische Backwaren aus dem Ofen, verschiedene Marmeladen und Obst der Saison. Nach solch einem guten Fr\u00fchst\u00fcck k\u00f6nnen Sie in einen energiereichen Tag starten, mit der Familie an den Strand gehen oder die Sonne am Pool genie\u00dfen.<\/p>\n\n\n\n<p>Auf der Speisekarte des Hotels Olympus stehen <strong>mittags und abends<\/strong> Fleisch- und Fischgerichte, begleitet von einer gro\u00dfen Auswahl an Salaten, Vorspeisen sowie k\u00f6stliche Desserts, die jeden Morgen von unserer K\u00fcche zubereitet werden.<\/p>\n\n\n\n<p>Wenn Sie unter einer Lebensmittelunvertr\u00e4glichkeit oder Allergie leiden, teilen Sie uns dies bitte vor Ihrer Ankunft mit, damit wir Ihnen Alternativen anbieten k\u00f6nnen.<\/p>\n\n\n\n<h4 class=\"wp-block-heading\">\u00d6FFNUNGSZEITEN<\/h4>\n\n\n\n<ul class=\"wp-block-list list-item\">\n<li><strong>Fr\u00fchst\u00fcck von 7:30 bis 10:00 Uhr<\/strong><\/li>\n\n\n\n<li><strong>Mittagessen von 12.30 bis 13.30 Uhr<\/strong><\/li>\n\n\n\n<li><strong>Imbiss f\u00fcr Kinder von 16:30 bis 17:00 Uhr (serviert auf der Terrassenbar)<\/strong><\/li>\n\n\n\n<li><strong>Abendessen von 19.00 bis 20.30 Uhr<\/strong><\/li>\n<\/ul>\n","protected":false},"excerpt":{"rendered":"<p>Am Buffet des Hotels finden Sie Gerichte, die t\u00e4glich von unseren K\u00f6chen aus hochwertigen Zutaten zubereitet werden. Schon beim Fr\u00fchst\u00fcck stellen wir auf die W\u00fcnsche und Bed\u00fcrfnisse unserer G\u00e4ste ein. Auf der Veranda des Speisesaals k\u00f6nnen Sie die Aussicht auf den Pool genie\u00dfen, w\u00e4hrend Sie einen Kaffee trinken und sich das s\u00fc\u00dfe und herzhafte Angebot [&hellip;]<\/p>\n","protected":false},"author":1,"featured_media":2896,"parent":0,"menu_order":31,"comment_status":"closed","ping_status":"closed","template":"","meta":{"_acf_changed":false,"footnotes":""},"class_list":["post-2035","page","type-page","status-publish","has-post-thumbnail","hentry"],"acf":[],"yoast_head":"<!-- This site is optimized with the Yoast SEO plugin v26.7 - https:\/\/yoast.com\/wordpress\/plugins\/seo\/ -->\n<title>Restaurant | Hotel Olympus<\/title>\n<meta name=\"description\" content=\"Klimatisierter Speisesaal und eine gro\u00dfe Veranda mit Blick auf den Swimmingpool. Entdecken Sie das Restaurant des Hotels Olympus in Caorle.\" \/>\n<meta name=\"robots\" content=\"index, follow, max-snippet:-1, max-image-preview:large, max-video-preview:-1\" \/>\n<link rel=\"canonical\" href=\"https:\/\/www.hotelolympus.it\/de\/restaurant-de\/\" \/>\n<meta property=\"og:locale\" content=\"de_DE\" \/>\n<meta property=\"og:type\" content=\"article\" \/>\n<meta property=\"og:title\" content=\"Restaurant | Hotel Olympus\" \/>\n<meta property=\"og:description\" content=\"Klimatisierter Speisesaal und eine gro\u00dfe Veranda mit Blick auf den Swimmingpool. Entdecken Sie das Restaurant des Hotels Olympus in Caorle.\" \/>\n<meta property=\"og:url\" content=\"https:\/\/www.hotelolympus.it\/de\/restaurant-de\/\" \/>\n<meta property=\"og:site_name\" content=\"Hotel Olympus\" \/>\n<meta property=\"article:publisher\" content=\"https:\/\/www.facebook.com\/HotelOlympusCaorle\/\" \/>\n<meta property=\"article:modified_time\" content=\"2025-01-16T10:13:09+00:00\" \/>\n<meta property=\"og:image\" content=\"https:\/\/www.hotelolympus.it\/wp-content\/uploads\/2023\/07\/Olympus_ristorante-1.webp\" \/>\n\t<meta property=\"og:image:width\" content=\"1920\" \/>\n\t<meta property=\"og:image:height\" content=\"1280\" \/>\n\t<meta property=\"og:image:type\" content=\"image\/webp\" \/>\n<meta name=\"twitter:card\" content=\"summary_large_image\" \/>\n<script type=\"application\/ld+json\" class=\"yoast-schema-graph\">{\"@context\":\"https:\/\/schema.org\",\"@graph\":[{\"@type\":\"WebPage\",\"@id\":\"https:\/\/www.hotelolympus.it\/de\/restaurant-de\/\",\"url\":\"https:\/\/www.hotelolympus.it\/de\/restaurant-de\/\",\"name\":\"Restaurant | Hotel Olympus\",\"isPartOf\":{\"@id\":\"https:\/\/www.hotelolympus.it\/it\/#website\"},\"primaryImageOfPage\":{\"@id\":\"https:\/\/www.hotelolympus.it\/de\/restaurant-de\/#primaryimage\"},\"image\":{\"@id\":\"https:\/\/www.hotelolympus.it\/de\/restaurant-de\/#primaryimage\"},\"thumbnailUrl\":\"https:\/\/www.hotelolympus.it\/wp-content\/uploads\/2023\/07\/Olympus_ristorante-1.webp\",\"datePublished\":\"2023-02-23T16:01:42+00:00\",\"dateModified\":\"2025-01-16T10:13:09+00:00\",\"description\":\"Klimatisierter Speisesaal und eine gro\u00dfe Veranda mit Blick auf den Swimmingpool. Entdecken Sie das Restaurant des Hotels Olympus in Caorle.\",\"breadcrumb\":{\"@id\":\"https:\/\/www.hotelolympus.it\/de\/restaurant-de\/#breadcrumb\"},\"inLanguage\":\"de\",\"potentialAction\":[{\"@type\":\"ReadAction\",\"target\":[\"https:\/\/www.hotelolympus.it\/de\/restaurant-de\/\"]}]},{\"@type\":\"ImageObject\",\"inLanguage\":\"de\",\"@id\":\"https:\/\/www.hotelolympus.it\/de\/restaurant-de\/#primaryimage\",\"url\":\"https:\/\/www.hotelolympus.it\/wp-content\/uploads\/2023\/07\/Olympus_ristorante-1.webp\",\"contentUrl\":\"https:\/\/www.hotelolympus.it\/wp-content\/uploads\/2023\/07\/Olympus_ristorante-1.webp\",\"width\":1920,\"height\":1280},{\"@type\":\"BreadcrumbList\",\"@id\":\"https:\/\/www.hotelolympus.it\/de\/restaurant-de\/#breadcrumb\",\"itemListElement\":[{\"@type\":\"ListItem\",\"position\":1,\"name\":\"Home\",\"item\":\"https:\/\/www.hotelolympus.it\/de\/\"},{\"@type\":\"ListItem\",\"position\":2,\"name\":\"Restaurant\"}]},{\"@type\":\"WebSite\",\"@id\":\"https:\/\/www.hotelolympus.it\/it\/#website\",\"url\":\"https:\/\/www.hotelolympus.it\/it\/\",\"name\":\"Hotel Olympus\",\"description\":\"Il vostro hotel 4 stelle a Caorle Lido Altanea\",\"publisher\":{\"@id\":\"https:\/\/www.hotelolympus.it\/it\/#organization\"},\"potentialAction\":[{\"@type\":\"SearchAction\",\"target\":{\"@type\":\"EntryPoint\",\"urlTemplate\":\"https:\/\/www.hotelolympus.it\/it\/?s={search_term_string}\"},\"query-input\":{\"@type\":\"PropertyValueSpecification\",\"valueRequired\":true,\"valueName\":\"search_term_string\"}}],\"inLanguage\":\"de\"},{\"@type\":\"Organization\",\"@id\":\"https:\/\/www.hotelolympus.it\/it\/#organization\",\"name\":\"Hotel Olympus\",\"url\":\"https:\/\/www.hotelolympus.it\/it\/\",\"logo\":{\"@type\":\"ImageObject\",\"inLanguage\":\"de\",\"@id\":\"https:\/\/www.hotelolympus.it\/it\/#\/schema\/logo\/image\/\",\"url\":\"https:\/\/www.hotelolympus.it\/wp-content\/uploads\/2023\/04\/hotel-olympus.svg\",\"contentUrl\":\"https:\/\/www.hotelolympus.it\/wp-content\/uploads\/2023\/04\/hotel-olympus.svg\",\"width\":1,\"height\":1,\"caption\":\"Hotel Olympus\"},\"image\":{\"@id\":\"https:\/\/www.hotelolympus.it\/it\/#\/schema\/logo\/image\/\"},\"sameAs\":[\"https:\/\/www.facebook.com\/HotelOlympusCaorle\/\"]}]}<\/script>\n<!-- \/ Yoast SEO plugin. -->","yoast_head_json":{"title":"Restaurant | Hotel Olympus","description":"Klimatisierter Speisesaal und eine gro\u00dfe Veranda mit Blick auf den Swimmingpool. Entdecken Sie das Restaurant des Hotels Olympus in Caorle.","robots":{"index":"index","follow":"follow","max-snippet":"max-snippet:-1","max-image-preview":"max-image-preview:large","max-video-preview":"max-video-preview:-1"},"canonical":"https:\/\/www.hotelolympus.it\/de\/restaurant-de\/","og_locale":"de_DE","og_type":"article","og_title":"Restaurant | Hotel Olympus","og_description":"Klimatisierter Speisesaal und eine gro\u00dfe Veranda mit Blick auf den Swimmingpool. Entdecken Sie das Restaurant des Hotels Olympus in Caorle.","og_url":"https:\/\/www.hotelolympus.it\/de\/restaurant-de\/","og_site_name":"Hotel Olympus","article_publisher":"https:\/\/www.facebook.com\/HotelOlympusCaorle\/","article_modified_time":"2025-01-16T10:13:09+00:00","og_image":[{"width":1920,"height":1280,"url":"https:\/\/www.hotelolympus.it\/wp-content\/uploads\/2023\/07\/Olympus_ristorante-1.webp","type":"image\/webp"}],"twitter_card":"summary_large_image","schema":{"@context":"https:\/\/schema.org","@graph":[{"@type":"WebPage","@id":"https:\/\/www.hotelolympus.it\/de\/restaurant-de\/","url":"https:\/\/www.hotelolympus.it\/de\/restaurant-de\/","name":"Restaurant | Hotel Olympus","isPartOf":{"@id":"https:\/\/www.hotelolympus.it\/it\/#website"},"primaryImageOfPage":{"@id":"https:\/\/www.hotelolympus.it\/de\/restaurant-de\/#primaryimage"},"image":{"@id":"https:\/\/www.hotelolympus.it\/de\/restaurant-de\/#primaryimage"},"thumbnailUrl":"https:\/\/www.hotelolympus.it\/wp-content\/uploads\/2023\/07\/Olympus_ristorante-1.webp","datePublished":"2023-02-23T16:01:42+00:00","dateModified":"2025-01-16T10:13:09+00:00","description":"Klimatisierter Speisesaal und eine gro\u00dfe Veranda mit Blick auf den Swimmingpool. Entdecken Sie das Restaurant des Hotels Olympus in Caorle.","breadcrumb":{"@id":"https:\/\/www.hotelolympus.it\/de\/restaurant-de\/#breadcrumb"},"inLanguage":"de","potentialAction":[{"@type":"ReadAction","target":["https:\/\/www.hotelolympus.it\/de\/restaurant-de\/"]}]},{"@type":"ImageObject","inLanguage":"de","@id":"https:\/\/www.hotelolympus.it\/de\/restaurant-de\/#primaryimage","url":"https:\/\/www.hotelolympus.it\/wp-content\/uploads\/2023\/07\/Olympus_ristorante-1.webp","contentUrl":"https:\/\/www.hotelolympus.it\/wp-content\/uploads\/2023\/07\/Olympus_ristorante-1.webp","width":1920,"height":1280},{"@type":"BreadcrumbList","@id":"https:\/\/www.hotelolympus.it\/de\/restaurant-de\/#breadcrumb","itemListElement":[{"@type":"ListItem","position":1,"name":"Home","item":"https:\/\/www.hotelolympus.it\/de\/"},{"@type":"ListItem","position":2,"name":"Restaurant"}]},{"@type":"WebSite","@id":"https:\/\/www.hotelolympus.it\/it\/#website","url":"https:\/\/www.hotelolympus.it\/it\/","name":"Hotel Olympus","description":"Il vostro hotel 4 stelle a Caorle Lido Altanea","publisher":{"@id":"https:\/\/www.hotelolympus.it\/it\/#organization"},"potentialAction":[{"@type":"SearchAction","target":{"@type":"EntryPoint","urlTemplate":"https:\/\/www.hotelolympus.it\/it\/?s={search_term_string}"},"query-input":{"@type":"PropertyValueSpecification","valueRequired":true,"valueName":"search_term_string"}}],"inLanguage":"de"},{"@type":"Organization","@id":"https:\/\/www.hotelolympus.it\/it\/#organization","name":"Hotel Olympus","url":"https:\/\/www.hotelolympus.it\/it\/","logo":{"@type":"ImageObject","inLanguage":"de","@id":"https:\/\/www.hotelolympus.it\/it\/#\/schema\/logo\/image\/","url":"https:\/\/www.hotelolympus.it\/wp-content\/uploads\/2023\/04\/hotel-olympus.svg","contentUrl":"https:\/\/www.hotelolympus.it\/wp-content\/uploads\/2023\/04\/hotel-olympus.svg","width":1,"height":1,"caption":"Hotel Olympus"},"image":{"@id":"https:\/\/www.hotelolympus.it\/it\/#\/schema\/logo\/image\/"},"sameAs":["https:\/\/www.facebook.com\/HotelOlympusCaorle\/"]}]}},"_links":{"self":[{"href":"https:\/\/www.hotelolympus.it\/de\/wp-json\/wp\/v2\/pages\/2035","targetHints":{"allow":["GET"]}}],"collection":[{"href":"https:\/\/www.hotelolympus.it\/de\/wp-json\/wp\/v2\/pages"}],"about":[{"href":"https:\/\/www.hotelolympus.it\/de\/wp-json\/wp\/v2\/types\/page"}],"author":[{"embeddable":true,"href":"https:\/\/www.hotelolympus.it\/de\/wp-json\/wp\/v2\/users\/1"}],"replies":[{"embeddable":true,"href":"https:\/\/www.hotelolympus.it\/de\/wp-json\/wp\/v2\/comments?post=2035"}],"version-history":[{"count":8,"href":"https:\/\/www.hotelolympus.it\/de\/wp-json\/wp\/v2\/pages\/2035\/revisions"}],"predecessor-version":[{"id":3292,"href":"https:\/\/www.hotelolympus.it\/de\/wp-json\/wp\/v2\/pages\/2035\/revisions\/3292"}],"wp:featuredmedia":[{"embeddable":true,"href":"https:\/\/www.hotelolympus.it\/de\/wp-json\/wp\/v2\/media\/2896"}],"wp:attachment":[{"href":"https:\/\/www.hotelolympus.it\/de\/wp-json\/wp\/v2\/media?parent=2035"}],"curies":[{"name":"wp","href":"https:\/\/api.w.org\/{rel}","templated":true}]}}