{"id":1960,"date":"2023-02-23T17:01:08","date_gmt":"2023-02-23T16:01:08","guid":{"rendered":"https:\/\/www.hotelolympus.it\/pool-area\/"},"modified":"2026-02-25T15:21:03","modified_gmt":"2026-02-25T14:21:03","slug":"pool-area","status":"publish","type":"page","link":"https:\/\/www.hotelolympus.it\/de\/pool-area\/","title":{"rendered":"Pool und Terrassenbar"},"content":{"rendered":"\n<p>Es liegt nur wenige Meter vom Meer entfernt und macht jeden Tag unvergesslich. Wer die Sonne und Ruhe liebt und keine Minute des Urlaubs vergeuden m\u00f6chte, kann sich auch am Pool entspannen, der den erwachsenen G\u00e4sten vorbehalten ist, w\u00e4hrend den Kindern ein kleineres Becken zur Verf\u00fcgung steht.<\/p>\n\n\n\n<p>Der Bereich ist mit Liegen und Sonnenschirmen ausgestattet und l\u00e4dt Sie an Sommertagen zu einem Sonnenbad ein, nach dem Sie sich mit einem Sprung in den Pool abk\u00fchlen k\u00f6nnen.<\/p>\n\n\n\n<p><strong>Der Poolbereich ist t\u00e4glich von 9 Uhr bis 19 Uhr ge\u00f6ffnet.<\/strong><\/p>\n","protected":false},"excerpt":{"rendered":"<p>Es liegt nur wenige Meter vom Meer entfernt und macht jeden Tag unvergesslich. Wer die Sonne und Ruhe liebt und keine Minute des Urlaubs vergeuden m\u00f6chte, kann sich auch am Pool entspannen, der den erwachsenen G\u00e4sten vorbehalten ist, w\u00e4hrend den Kindern ein kleineres Becken zur Verf\u00fcgung steht. Der Bereich ist mit Liegen und Sonnenschirmen ausgestattet [&hellip;]<\/p>\n","protected":false},"author":1,"featured_media":0,"parent":0,"menu_order":25,"comment_status":"closed","ping_status":"closed","template":"","meta":{"_acf_changed":false,"footnotes":""},"class_list":["post-1960","page","type-page","status-publish","hentry"],"acf":[],"yoast_head":"<!-- This site is optimized with the Yoast SEO plugin v26.7 - https:\/\/yoast.com\/wordpress\/plugins\/seo\/ -->\n<title>Pool und Terrassenbar | Hotel Olympus<\/title>\n<meta name=\"robots\" content=\"index, follow, max-snippet:-1, max-image-preview:large, max-video-preview:-1\" \/>\n<link rel=\"canonical\" href=\"https:\/\/www.hotelolympus.it\/de\/pool-area\/\" \/>\n<meta property=\"og:locale\" content=\"de_DE\" \/>\n<meta property=\"og:type\" content=\"article\" \/>\n<meta property=\"og:title\" content=\"Pool und Terrassenbar | Hotel Olympus\" \/>\n<meta property=\"og:description\" content=\"Es liegt nur wenige Meter vom Meer entfernt und macht jeden Tag unvergesslich. Wer die Sonne und Ruhe liebt und keine Minute des Urlaubs vergeuden m\u00f6chte, kann sich auch am Pool entspannen, der den erwachsenen G\u00e4sten vorbehalten ist, w\u00e4hrend den Kindern ein kleineres Becken zur Verf\u00fcgung steht. Der Bereich ist mit Liegen und Sonnenschirmen ausgestattet [&hellip;]\" \/>\n<meta property=\"og:url\" content=\"https:\/\/www.hotelolympus.it\/de\/pool-area\/\" \/>\n<meta property=\"og:site_name\" content=\"Hotel Olympus\" \/>\n<meta property=\"article:publisher\" content=\"https:\/\/www.facebook.com\/HotelOlympusCaorle\/\" \/>\n<meta property=\"article:modified_time\" content=\"2026-02-25T14:21:03+00:00\" \/>\n<meta name=\"twitter:card\" content=\"summary_large_image\" \/>\n<script type=\"application\/ld+json\" class=\"yoast-schema-graph\">{\"@context\":\"https:\/\/schema.org\",\"@graph\":[{\"@type\":\"WebPage\",\"@id\":\"https:\/\/www.hotelolympus.it\/de\/pool-area\/\",\"url\":\"https:\/\/www.hotelolympus.it\/de\/pool-area\/\",\"name\":\"Pool und Terrassenbar | Hotel Olympus\",\"isPartOf\":{\"@id\":\"https:\/\/www.hotelolympus.it\/it\/#website\"},\"datePublished\":\"2023-02-23T16:01:08+00:00\",\"dateModified\":\"2026-02-25T14:21:03+00:00\",\"breadcrumb\":{\"@id\":\"https:\/\/www.hotelolympus.it\/de\/pool-area\/#breadcrumb\"},\"inLanguage\":\"de\",\"potentialAction\":[{\"@type\":\"ReadAction\",\"target\":[\"https:\/\/www.hotelolympus.it\/de\/pool-area\/\"]}]},{\"@type\":\"BreadcrumbList\",\"@id\":\"https:\/\/www.hotelolympus.it\/de\/pool-area\/#breadcrumb\",\"itemListElement\":[{\"@type\":\"ListItem\",\"position\":1,\"name\":\"Home\",\"item\":\"https:\/\/www.hotelolympus.it\/de\/\"},{\"@type\":\"ListItem\",\"position\":2,\"name\":\"Pool und Terrassenbar\"}]},{\"@type\":\"WebSite\",\"@id\":\"https:\/\/www.hotelolympus.it\/it\/#website\",\"url\":\"https:\/\/www.hotelolympus.it\/it\/\",\"name\":\"Hotel Olympus\",\"description\":\"Il vostro hotel 4 stelle a Caorle Lido Altanea\",\"publisher\":{\"@id\":\"https:\/\/www.hotelolympus.it\/it\/#organization\"},\"potentialAction\":[{\"@type\":\"SearchAction\",\"target\":{\"@type\":\"EntryPoint\",\"urlTemplate\":\"https:\/\/www.hotelolympus.it\/it\/?s={search_term_string}\"},\"query-input\":{\"@type\":\"PropertyValueSpecification\",\"valueRequired\":true,\"valueName\":\"search_term_string\"}}],\"inLanguage\":\"de\"},{\"@type\":\"Organization\",\"@id\":\"https:\/\/www.hotelolympus.it\/it\/#organization\",\"name\":\"Hotel Olympus\",\"url\":\"https:\/\/www.hotelolympus.it\/it\/\",\"logo\":{\"@type\":\"ImageObject\",\"inLanguage\":\"de\",\"@id\":\"https:\/\/www.hotelolympus.it\/it\/#\/schema\/logo\/image\/\",\"url\":\"https:\/\/www.hotelolympus.it\/wp-content\/uploads\/2023\/04\/hotel-olympus.svg\",\"contentUrl\":\"https:\/\/www.hotelolympus.it\/wp-content\/uploads\/2023\/04\/hotel-olympus.svg\",\"width\":1,\"height\":1,\"caption\":\"Hotel Olympus\"},\"image\":{\"@id\":\"https:\/\/www.hotelolympus.it\/it\/#\/schema\/logo\/image\/\"},\"sameAs\":[\"https:\/\/www.facebook.com\/HotelOlympusCaorle\/\"]}]}<\/script>\n<!-- \/ Yoast SEO plugin. -->","yoast_head_json":{"title":"Pool und Terrassenbar | Hotel Olympus","robots":{"index":"index","follow":"follow","max-snippet":"max-snippet:-1","max-image-preview":"max-image-preview:large","max-video-preview":"max-video-preview:-1"},"canonical":"https:\/\/www.hotelolympus.it\/de\/pool-area\/","og_locale":"de_DE","og_type":"article","og_title":"Pool und Terrassenbar | Hotel Olympus","og_description":"Es liegt nur wenige Meter vom Meer entfernt und macht jeden Tag unvergesslich. Wer die Sonne und Ruhe liebt und keine Minute des Urlaubs vergeuden m\u00f6chte, kann sich auch am Pool entspannen, der den erwachsenen G\u00e4sten vorbehalten ist, w\u00e4hrend den Kindern ein kleineres Becken zur Verf\u00fcgung steht. Der Bereich ist mit Liegen und Sonnenschirmen ausgestattet [&hellip;]","og_url":"https:\/\/www.hotelolympus.it\/de\/pool-area\/","og_site_name":"Hotel Olympus","article_publisher":"https:\/\/www.facebook.com\/HotelOlympusCaorle\/","article_modified_time":"2026-02-25T14:21:03+00:00","twitter_card":"summary_large_image","schema":{"@context":"https:\/\/schema.org","@graph":[{"@type":"WebPage","@id":"https:\/\/www.hotelolympus.it\/de\/pool-area\/","url":"https:\/\/www.hotelolympus.it\/de\/pool-area\/","name":"Pool und Terrassenbar | Hotel Olympus","isPartOf":{"@id":"https:\/\/www.hotelolympus.it\/it\/#website"},"datePublished":"2023-02-23T16:01:08+00:00","dateModified":"2026-02-25T14:21:03+00:00","breadcrumb":{"@id":"https:\/\/www.hotelolympus.it\/de\/pool-area\/#breadcrumb"},"inLanguage":"de","potentialAction":[{"@type":"ReadAction","target":["https:\/\/www.hotelolympus.it\/de\/pool-area\/"]}]},{"@type":"BreadcrumbList","@id":"https:\/\/www.hotelolympus.it\/de\/pool-area\/#breadcrumb","itemListElement":[{"@type":"ListItem","position":1,"name":"Home","item":"https:\/\/www.hotelolympus.it\/de\/"},{"@type":"ListItem","position":2,"name":"Pool und Terrassenbar"}]},{"@type":"WebSite","@id":"https:\/\/www.hotelolympus.it\/it\/#website","url":"https:\/\/www.hotelolympus.it\/it\/","name":"Hotel Olympus","description":"Il vostro hotel 4 stelle a Caorle Lido Altanea","publisher":{"@id":"https:\/\/www.hotelolympus.it\/it\/#organization"},"potentialAction":[{"@type":"SearchAction","target":{"@type":"EntryPoint","urlTemplate":"https:\/\/www.hotelolympus.it\/it\/?s={search_term_string}"},"query-input":{"@type":"PropertyValueSpecification","valueRequired":true,"valueName":"search_term_string"}}],"inLanguage":"de"},{"@type":"Organization","@id":"https:\/\/www.hotelolympus.it\/it\/#organization","name":"Hotel Olympus","url":"https:\/\/www.hotelolympus.it\/it\/","logo":{"@type":"ImageObject","inLanguage":"de","@id":"https:\/\/www.hotelolympus.it\/it\/#\/schema\/logo\/image\/","url":"https:\/\/www.hotelolympus.it\/wp-content\/uploads\/2023\/04\/hotel-olympus.svg","contentUrl":"https:\/\/www.hotelolympus.it\/wp-content\/uploads\/2023\/04\/hotel-olympus.svg","width":1,"height":1,"caption":"Hotel Olympus"},"image":{"@id":"https:\/\/www.hotelolympus.it\/it\/#\/schema\/logo\/image\/"},"sameAs":["https:\/\/www.facebook.com\/HotelOlympusCaorle\/"]}]}},"_links":{"self":[{"href":"https:\/\/www.hotelolympus.it\/de\/wp-json\/wp\/v2\/pages\/1960","targetHints":{"allow":["GET"]}}],"collection":[{"href":"https:\/\/www.hotelolympus.it\/de\/wp-json\/wp\/v2\/pages"}],"about":[{"href":"https:\/\/www.hotelolympus.it\/de\/wp-json\/wp\/v2\/types\/page"}],"author":[{"embeddable":true,"href":"https:\/\/www.hotelolympus.it\/de\/wp-json\/wp\/v2\/users\/1"}],"replies":[{"embeddable":true,"href":"https:\/\/www.hotelolympus.it\/de\/wp-json\/wp\/v2\/comments?post=1960"}],"version-history":[{"count":6,"href":"https:\/\/www.hotelolympus.it\/de\/wp-json\/wp\/v2\/pages\/1960\/revisions"}],"predecessor-version":[{"id":3490,"href":"https:\/\/www.hotelolympus.it\/de\/wp-json\/wp\/v2\/pages\/1960\/revisions\/3490"}],"wp:attachment":[{"href":"https:\/\/www.hotelolympus.it\/de\/wp-json\/wp\/v2\/media?parent=1960"}],"curies":[{"name":"wp","href":"https:\/\/api.w.org\/{rel}","templated":true}]}}