{"id":1944,"date":"2023-02-23T16:55:39","date_gmt":"2023-02-23T15:55:39","guid":{"rendered":"https:\/\/www.hotelolympus.it\/camping-con-animazione\/"},"modified":"2026-01-07T17:55:17","modified_gmt":"2026-01-07T16:55:17","slug":"fahrrad-service-caorle","status":"publish","type":"page","link":"https:\/\/www.hotelolympus.it\/de\/fahrrad-service-caorle\/","title":{"rendered":"Fahrr\u00e4der"},"content":{"rendered":"\n<p>Das Hotel Olympus stellt seinen G\u00e4sten einige kostenlose Citybikes f\u00fcr Erwachsene, auch mit Kindersitzen, zur Verf\u00fcgung. Alle Fahrr\u00e4der f\u00fcr Erwachsene sind verschlie\u00dfbar und befinden sich in einem besonderen Bereich unserer Garage.<\/p>\n\n\n\n<p>Von unserem Hotel aus ist die nahe gelegene Stadt Caorle sehr leicht zu erreichen: Der ca. 5 km lange Radweg nach Caorle verl\u00e4uft direkt vor dem Hotel Olympus.<\/p>\n\n\n\n<h4 class=\"wp-block-heading\">Das sollten Sie wissen:<\/h4>\n\n\n\n<ul class=\"list-item wp-block-list\">\n<li>Der Service kann nicht gebucht werden, und die Verf\u00fcgbarkeit muss direkt im Hotel \u00fcberpr\u00fcft werden.<\/li>\n\n\n\n<li>Sie k\u00f6nnen den Schl\u00fcssel f\u00fcr das Schloss an der Rezeption gegen eine Pfandgeb\u00fchr von 10,00 \u20ac anfordern.<\/li>\n\n\n\n<li>Die Fahrr\u00e4der m\u00fcssen nach der R\u00fcckkehr ins Hotel immer zur\u00fcckgegeben werden.<\/li>\n\n\n\n<li>Vor der R\u00fcckgabe werden die Fahrr\u00e4der in der Garage abgeschlossen und der Schl\u00fcssel an der Rezeption abgegeben.<\/li>\n\n\n\n<li>Wenn der Schl\u00fcssel nicht zur\u00fcckgegeben wird, kann die Pfandgeb\u00fchr nicht erstattet werden.<\/li>\n<\/ul>\n","protected":false},"excerpt":{"rendered":"<p>Das Hotel Olympus stellt seinen G\u00e4sten einige kostenlose Citybikes f\u00fcr Erwachsene, auch mit Kindersitzen, zur Verf\u00fcgung. Alle Fahrr\u00e4der f\u00fcr Erwachsene sind verschlie\u00dfbar und befinden sich in einem besonderen Bereich unserer Garage. Von unserem Hotel aus ist die nahe gelegene Stadt Caorle sehr leicht zu erreichen: Der ca. 5 km lange Radweg nach Caorle verl\u00e4uft direkt [&hellip;]<\/p>\n","protected":false},"author":1,"featured_media":0,"parent":0,"menu_order":18,"comment_status":"closed","ping_status":"closed","template":"","meta":{"_acf_changed":false,"footnotes":""},"class_list":["post-1944","page","type-page","status-publish","hentry"],"acf":[],"yoast_head":"<!-- This site is optimized with the Yoast SEO plugin v26.7 - https:\/\/yoast.com\/wordpress\/plugins\/seo\/ -->\n<title>Fahrr\u00e4der | Hotel Olympus<\/title>\n<meta name=\"robots\" content=\"index, follow, max-snippet:-1, max-image-preview:large, max-video-preview:-1\" \/>\n<link rel=\"canonical\" href=\"https:\/\/www.hotelolympus.it\/de\/fahrrad-service-caorle\/\" \/>\n<meta property=\"og:locale\" content=\"de_DE\" \/>\n<meta property=\"og:type\" content=\"article\" \/>\n<meta property=\"og:title\" content=\"Fahrr\u00e4der | Hotel Olympus\" \/>\n<meta property=\"og:description\" content=\"Das Hotel Olympus stellt seinen G\u00e4sten einige kostenlose Citybikes f\u00fcr Erwachsene, auch mit Kindersitzen, zur Verf\u00fcgung. Alle Fahrr\u00e4der f\u00fcr Erwachsene sind verschlie\u00dfbar und befinden sich in einem besonderen Bereich unserer Garage. Von unserem Hotel aus ist die nahe gelegene Stadt Caorle sehr leicht zu erreichen: Der ca. 5 km lange Radweg nach Caorle verl\u00e4uft direkt [&hellip;]\" \/>\n<meta property=\"og:url\" content=\"https:\/\/www.hotelolympus.it\/de\/fahrrad-service-caorle\/\" \/>\n<meta property=\"og:site_name\" content=\"Hotel Olympus\" \/>\n<meta property=\"article:publisher\" content=\"https:\/\/www.facebook.com\/HotelOlympusCaorle\/\" \/>\n<meta property=\"article:modified_time\" content=\"2026-01-07T16:55:17+00:00\" \/>\n<meta name=\"twitter:card\" content=\"summary_large_image\" \/>\n<script type=\"application\/ld+json\" class=\"yoast-schema-graph\">{\"@context\":\"https:\/\/schema.org\",\"@graph\":[{\"@type\":\"WebPage\",\"@id\":\"https:\/\/www.hotelolympus.it\/de\/fahrrad-service-caorle\/\",\"url\":\"https:\/\/www.hotelolympus.it\/de\/fahrrad-service-caorle\/\",\"name\":\"Fahrr\u00e4der | Hotel Olympus\",\"isPartOf\":{\"@id\":\"https:\/\/www.hotelolympus.it\/it\/#website\"},\"datePublished\":\"2023-02-23T15:55:39+00:00\",\"dateModified\":\"2026-01-07T16:55:17+00:00\",\"breadcrumb\":{\"@id\":\"https:\/\/www.hotelolympus.it\/de\/fahrrad-service-caorle\/#breadcrumb\"},\"inLanguage\":\"de\",\"potentialAction\":[{\"@type\":\"ReadAction\",\"target\":[\"https:\/\/www.hotelolympus.it\/de\/fahrrad-service-caorle\/\"]}]},{\"@type\":\"BreadcrumbList\",\"@id\":\"https:\/\/www.hotelolympus.it\/de\/fahrrad-service-caorle\/#breadcrumb\",\"itemListElement\":[{\"@type\":\"ListItem\",\"position\":1,\"name\":\"Home\",\"item\":\"https:\/\/www.hotelolympus.it\/de\/\"},{\"@type\":\"ListItem\",\"position\":2,\"name\":\"Fahrr\u00e4der\"}]},{\"@type\":\"WebSite\",\"@id\":\"https:\/\/www.hotelolympus.it\/it\/#website\",\"url\":\"https:\/\/www.hotelolympus.it\/it\/\",\"name\":\"Hotel Olympus\",\"description\":\"Il vostro hotel 4 stelle a Caorle Lido Altanea\",\"publisher\":{\"@id\":\"https:\/\/www.hotelolympus.it\/it\/#organization\"},\"potentialAction\":[{\"@type\":\"SearchAction\",\"target\":{\"@type\":\"EntryPoint\",\"urlTemplate\":\"https:\/\/www.hotelolympus.it\/it\/?s={search_term_string}\"},\"query-input\":{\"@type\":\"PropertyValueSpecification\",\"valueRequired\":true,\"valueName\":\"search_term_string\"}}],\"inLanguage\":\"de\"},{\"@type\":\"Organization\",\"@id\":\"https:\/\/www.hotelolympus.it\/it\/#organization\",\"name\":\"Hotel Olympus\",\"url\":\"https:\/\/www.hotelolympus.it\/it\/\",\"logo\":{\"@type\":\"ImageObject\",\"inLanguage\":\"de\",\"@id\":\"https:\/\/www.hotelolympus.it\/it\/#\/schema\/logo\/image\/\",\"url\":\"https:\/\/www.hotelolympus.it\/wp-content\/uploads\/2023\/04\/hotel-olympus.svg\",\"contentUrl\":\"https:\/\/www.hotelolympus.it\/wp-content\/uploads\/2023\/04\/hotel-olympus.svg\",\"width\":1,\"height\":1,\"caption\":\"Hotel Olympus\"},\"image\":{\"@id\":\"https:\/\/www.hotelolympus.it\/it\/#\/schema\/logo\/image\/\"},\"sameAs\":[\"https:\/\/www.facebook.com\/HotelOlympusCaorle\/\"]}]}<\/script>\n<!-- \/ Yoast SEO plugin. -->","yoast_head_json":{"title":"Fahrr\u00e4der | Hotel Olympus","robots":{"index":"index","follow":"follow","max-snippet":"max-snippet:-1","max-image-preview":"max-image-preview:large","max-video-preview":"max-video-preview:-1"},"canonical":"https:\/\/www.hotelolympus.it\/de\/fahrrad-service-caorle\/","og_locale":"de_DE","og_type":"article","og_title":"Fahrr\u00e4der | Hotel Olympus","og_description":"Das Hotel Olympus stellt seinen G\u00e4sten einige kostenlose Citybikes f\u00fcr Erwachsene, auch mit Kindersitzen, zur Verf\u00fcgung. Alle Fahrr\u00e4der f\u00fcr Erwachsene sind verschlie\u00dfbar und befinden sich in einem besonderen Bereich unserer Garage. Von unserem Hotel aus ist die nahe gelegene Stadt Caorle sehr leicht zu erreichen: Der ca. 5 km lange Radweg nach Caorle verl\u00e4uft direkt [&hellip;]","og_url":"https:\/\/www.hotelolympus.it\/de\/fahrrad-service-caorle\/","og_site_name":"Hotel Olympus","article_publisher":"https:\/\/www.facebook.com\/HotelOlympusCaorle\/","article_modified_time":"2026-01-07T16:55:17+00:00","twitter_card":"summary_large_image","schema":{"@context":"https:\/\/schema.org","@graph":[{"@type":"WebPage","@id":"https:\/\/www.hotelolympus.it\/de\/fahrrad-service-caorle\/","url":"https:\/\/www.hotelolympus.it\/de\/fahrrad-service-caorle\/","name":"Fahrr\u00e4der | Hotel Olympus","isPartOf":{"@id":"https:\/\/www.hotelolympus.it\/it\/#website"},"datePublished":"2023-02-23T15:55:39+00:00","dateModified":"2026-01-07T16:55:17+00:00","breadcrumb":{"@id":"https:\/\/www.hotelolympus.it\/de\/fahrrad-service-caorle\/#breadcrumb"},"inLanguage":"de","potentialAction":[{"@type":"ReadAction","target":["https:\/\/www.hotelolympus.it\/de\/fahrrad-service-caorle\/"]}]},{"@type":"BreadcrumbList","@id":"https:\/\/www.hotelolympus.it\/de\/fahrrad-service-caorle\/#breadcrumb","itemListElement":[{"@type":"ListItem","position":1,"name":"Home","item":"https:\/\/www.hotelolympus.it\/de\/"},{"@type":"ListItem","position":2,"name":"Fahrr\u00e4der"}]},{"@type":"WebSite","@id":"https:\/\/www.hotelolympus.it\/it\/#website","url":"https:\/\/www.hotelolympus.it\/it\/","name":"Hotel Olympus","description":"Il vostro hotel 4 stelle a Caorle Lido Altanea","publisher":{"@id":"https:\/\/www.hotelolympus.it\/it\/#organization"},"potentialAction":[{"@type":"SearchAction","target":{"@type":"EntryPoint","urlTemplate":"https:\/\/www.hotelolympus.it\/it\/?s={search_term_string}"},"query-input":{"@type":"PropertyValueSpecification","valueRequired":true,"valueName":"search_term_string"}}],"inLanguage":"de"},{"@type":"Organization","@id":"https:\/\/www.hotelolympus.it\/it\/#organization","name":"Hotel Olympus","url":"https:\/\/www.hotelolympus.it\/it\/","logo":{"@type":"ImageObject","inLanguage":"de","@id":"https:\/\/www.hotelolympus.it\/it\/#\/schema\/logo\/image\/","url":"https:\/\/www.hotelolympus.it\/wp-content\/uploads\/2023\/04\/hotel-olympus.svg","contentUrl":"https:\/\/www.hotelolympus.it\/wp-content\/uploads\/2023\/04\/hotel-olympus.svg","width":1,"height":1,"caption":"Hotel Olympus"},"image":{"@id":"https:\/\/www.hotelolympus.it\/it\/#\/schema\/logo\/image\/"},"sameAs":["https:\/\/www.facebook.com\/HotelOlympusCaorle\/"]}]}},"_links":{"self":[{"href":"https:\/\/www.hotelolympus.it\/de\/wp-json\/wp\/v2\/pages\/1944","targetHints":{"allow":["GET"]}}],"collection":[{"href":"https:\/\/www.hotelolympus.it\/de\/wp-json\/wp\/v2\/pages"}],"about":[{"href":"https:\/\/www.hotelolympus.it\/de\/wp-json\/wp\/v2\/types\/page"}],"author":[{"embeddable":true,"href":"https:\/\/www.hotelolympus.it\/de\/wp-json\/wp\/v2\/users\/1"}],"replies":[{"embeddable":true,"href":"https:\/\/www.hotelolympus.it\/de\/wp-json\/wp\/v2\/comments?post=1944"}],"version-history":[{"count":4,"href":"https:\/\/www.hotelolympus.it\/de\/wp-json\/wp\/v2\/pages\/1944\/revisions"}],"predecessor-version":[{"id":2940,"href":"https:\/\/www.hotelolympus.it\/de\/wp-json\/wp\/v2\/pages\/1944\/revisions\/2940"}],"wp:attachment":[{"href":"https:\/\/www.hotelolympus.it\/de\/wp-json\/wp\/v2\/media?parent=1944"}],"curies":[{"name":"wp","href":"https:\/\/api.w.org\/{rel}","templated":true}]}}