{"id":1709,"date":"2023-04-30T17:57:51","date_gmt":"2023-04-30T15:57:51","guid":{"rendered":"https:\/\/www.hotelolympus.it\/zimmer-in-caorle\/camera-standard\/"},"modified":"2026-02-19T18:02:52","modified_gmt":"2026-02-19T17:02:52","slug":"camera-standard","status":"publish","type":"page","link":"https:\/\/www.hotelolympus.it\/de\/zimmer-in-caorle\/camera-standard\/","title":{"rendered":"ZIMMERKATEGORIE STANDARD"},"content":{"rendered":"\n<p>Dieses Zimmer besticht durch einen Parkettboden, der f\u00fcr eine warme und einladende Atmosph\u00e4re sorgt. Der private Balkon, ausgestattet mit Tisch und St\u00fchlen, ist der ideale R\u00fcckzugsort f\u00fcr entspannte Momente an der frischen Luft.<\/p>\n\n\n\n<p>Die meisten Standard Zimmer sind mit einem bequemen Doppelbett, einem Einzelschlafsofa und einem Zustellbett ausgestattet. Einige Zimmer verf\u00fcgen hingegen \u00fcber ein Doppelbett und ein Einzelschlafsofa. F\u00fcr gr\u00f6\u00dfere Familien empfehlen wir unsere Zimmer mit Verbindungst\u00fcr, die bis zu 6 G\u00e4sten ausreichend Raum und Komfort bieten \u2013 ideal auch f\u00fcr die kleinsten G\u00e4ste. <\/p>\n\n\n\n<p>Auf Anfrage sind auch Zimmer mit barrierefreiem Bad verf\u00fcgbar.<\/p>\n\n\n\n<ul class=\"wp-block-list list-room\"><\/ul>\n","protected":false},"excerpt":{"rendered":"<p>Dieses Zimmer besticht durch einen Parkettboden, der f\u00fcr eine warme und einladende Atmosph\u00e4re sorgt. Der private Balkon, ausgestattet mit Tisch und St\u00fchlen, ist der ideale R\u00fcckzugsort f\u00fcr entspannte Momente an der frischen Luft. Die meisten Standard Zimmer sind mit einem bequemen Doppelbett, einem Einzelschlafsofa und einem Zustellbett ausgestattet. Einige Zimmer verf\u00fcgen hingegen \u00fcber ein Doppelbett [&hellip;]<\/p>\n","protected":false},"author":1,"featured_media":1579,"parent":21,"menu_order":1,"comment_status":"closed","ping_status":"closed","template":"template-room-details.php","meta":{"_acf_changed":false,"footnotes":""},"class_list":["post-1709","page","type-page","status-publish","has-post-thumbnail","hentry"],"acf":[],"yoast_head":"<!-- This site is optimized with the Yoast SEO plugin v26.7 - https:\/\/yoast.com\/wordpress\/plugins\/seo\/ -->\n<title>ZIMMERKATEGORIE STANDARD | Hotel Olympus<\/title>\n<meta name=\"robots\" content=\"index, follow, max-snippet:-1, max-image-preview:large, max-video-preview:-1\" \/>\n<link rel=\"canonical\" href=\"https:\/\/www.hotelolympus.it\/de\/zimmer-in-caorle\/camera-standard\/\" \/>\n<meta property=\"og:locale\" content=\"de_DE\" \/>\n<meta property=\"og:type\" content=\"article\" \/>\n<meta property=\"og:title\" content=\"ZIMMERKATEGORIE STANDARD | Hotel Olympus\" \/>\n<meta property=\"og:description\" content=\"Dieses Zimmer besticht durch einen Parkettboden, der f\u00fcr eine warme und einladende Atmosph\u00e4re sorgt. Der private Balkon, ausgestattet mit Tisch und St\u00fchlen, ist der ideale R\u00fcckzugsort f\u00fcr entspannte Momente an der frischen Luft. Die meisten Standard Zimmer sind mit einem bequemen Doppelbett, einem Einzelschlafsofa und einem Zustellbett ausgestattet. Einige Zimmer verf\u00fcgen hingegen \u00fcber ein Doppelbett [&hellip;]\" \/>\n<meta property=\"og:url\" content=\"https:\/\/www.hotelolympus.it\/de\/zimmer-in-caorle\/camera-standard\/\" \/>\n<meta property=\"og:site_name\" content=\"Hotel Olympus\" \/>\n<meta property=\"article:publisher\" content=\"https:\/\/www.facebook.com\/HotelOlympusCaorle\/\" \/>\n<meta property=\"article:modified_time\" content=\"2026-02-19T17:02:52+00:00\" \/>\n<meta property=\"og:image\" content=\"https:\/\/www.hotelolympus.it\/wp-content\/uploads\/2023\/04\/Hotel-Olympus-standard-1.webp\" \/>\n\t<meta property=\"og:image:width\" content=\"1900\" \/>\n\t<meta property=\"og:image:height\" content=\"1280\" \/>\n\t<meta property=\"og:image:type\" content=\"image\/webp\" \/>\n<meta name=\"twitter:card\" content=\"summary_large_image\" \/>\n<script type=\"application\/ld+json\" class=\"yoast-schema-graph\">{\"@context\":\"https:\/\/schema.org\",\"@graph\":[{\"@type\":\"WebPage\",\"@id\":\"https:\/\/www.hotelolympus.it\/de\/zimmer-in-caorle\/camera-standard\/\",\"url\":\"https:\/\/www.hotelolympus.it\/de\/zimmer-in-caorle\/camera-standard\/\",\"name\":\"ZIMMERKATEGORIE STANDARD | Hotel Olympus\",\"isPartOf\":{\"@id\":\"https:\/\/www.hotelolympus.it\/it\/#website\"},\"primaryImageOfPage\":{\"@id\":\"https:\/\/www.hotelolympus.it\/de\/zimmer-in-caorle\/camera-standard\/#primaryimage\"},\"image\":{\"@id\":\"https:\/\/www.hotelolympus.it\/de\/zimmer-in-caorle\/camera-standard\/#primaryimage\"},\"thumbnailUrl\":\"https:\/\/www.hotelolympus.it\/wp-content\/uploads\/2023\/04\/Hotel-Olympus-standard-1.webp\",\"datePublished\":\"2023-04-30T15:57:51+00:00\",\"dateModified\":\"2026-02-19T17:02:52+00:00\",\"breadcrumb\":{\"@id\":\"https:\/\/www.hotelolympus.it\/de\/zimmer-in-caorle\/camera-standard\/#breadcrumb\"},\"inLanguage\":\"de\",\"potentialAction\":[{\"@type\":\"ReadAction\",\"target\":[\"https:\/\/www.hotelolympus.it\/de\/zimmer-in-caorle\/camera-standard\/\"]}]},{\"@type\":\"ImageObject\",\"inLanguage\":\"de\",\"@id\":\"https:\/\/www.hotelolympus.it\/de\/zimmer-in-caorle\/camera-standard\/#primaryimage\",\"url\":\"https:\/\/www.hotelolympus.it\/wp-content\/uploads\/2023\/04\/Hotel-Olympus-standard-1.webp\",\"contentUrl\":\"https:\/\/www.hotelolympus.it\/wp-content\/uploads\/2023\/04\/Hotel-Olympus-standard-1.webp\",\"width\":1900,\"height\":1280},{\"@type\":\"BreadcrumbList\",\"@id\":\"https:\/\/www.hotelolympus.it\/de\/zimmer-in-caorle\/camera-standard\/#breadcrumb\",\"itemListElement\":[{\"@type\":\"ListItem\",\"position\":1,\"name\":\"Home\",\"item\":\"https:\/\/www.hotelolympus.it\/de\/\"},{\"@type\":\"ListItem\",\"position\":2,\"name\":\"Zimmer und Suiten\",\"item\":\"https:\/\/www.hotelolympus.it\/de\/zimmer-in-caorle\/\"},{\"@type\":\"ListItem\",\"position\":3,\"name\":\"ZIMMERKATEGORIE STANDARD\"}]},{\"@type\":\"WebSite\",\"@id\":\"https:\/\/www.hotelolympus.it\/it\/#website\",\"url\":\"https:\/\/www.hotelolympus.it\/it\/\",\"name\":\"Hotel Olympus\",\"description\":\"Il vostro hotel 4 stelle a Caorle Lido Altanea\",\"publisher\":{\"@id\":\"https:\/\/www.hotelolympus.it\/it\/#organization\"},\"potentialAction\":[{\"@type\":\"SearchAction\",\"target\":{\"@type\":\"EntryPoint\",\"urlTemplate\":\"https:\/\/www.hotelolympus.it\/it\/?s={search_term_string}\"},\"query-input\":{\"@type\":\"PropertyValueSpecification\",\"valueRequired\":true,\"valueName\":\"search_term_string\"}}],\"inLanguage\":\"de\"},{\"@type\":\"Organization\",\"@id\":\"https:\/\/www.hotelolympus.it\/it\/#organization\",\"name\":\"Hotel Olympus\",\"url\":\"https:\/\/www.hotelolympus.it\/it\/\",\"logo\":{\"@type\":\"ImageObject\",\"inLanguage\":\"de\",\"@id\":\"https:\/\/www.hotelolympus.it\/it\/#\/schema\/logo\/image\/\",\"url\":\"https:\/\/www.hotelolympus.it\/wp-content\/uploads\/2023\/04\/hotel-olympus.svg\",\"contentUrl\":\"https:\/\/www.hotelolympus.it\/wp-content\/uploads\/2023\/04\/hotel-olympus.svg\",\"width\":1,\"height\":1,\"caption\":\"Hotel Olympus\"},\"image\":{\"@id\":\"https:\/\/www.hotelolympus.it\/it\/#\/schema\/logo\/image\/\"},\"sameAs\":[\"https:\/\/www.facebook.com\/HotelOlympusCaorle\/\"]}]}<\/script>\n<!-- \/ Yoast SEO plugin. -->","yoast_head_json":{"title":"ZIMMERKATEGORIE STANDARD | Hotel Olympus","robots":{"index":"index","follow":"follow","max-snippet":"max-snippet:-1","max-image-preview":"max-image-preview:large","max-video-preview":"max-video-preview:-1"},"canonical":"https:\/\/www.hotelolympus.it\/de\/zimmer-in-caorle\/camera-standard\/","og_locale":"de_DE","og_type":"article","og_title":"ZIMMERKATEGORIE STANDARD | Hotel Olympus","og_description":"Dieses Zimmer besticht durch einen Parkettboden, der f\u00fcr eine warme und einladende Atmosph\u00e4re sorgt. Der private Balkon, ausgestattet mit Tisch und St\u00fchlen, ist der ideale R\u00fcckzugsort f\u00fcr entspannte Momente an der frischen Luft. Die meisten Standard Zimmer sind mit einem bequemen Doppelbett, einem Einzelschlafsofa und einem Zustellbett ausgestattet. Einige Zimmer verf\u00fcgen hingegen \u00fcber ein Doppelbett [&hellip;]","og_url":"https:\/\/www.hotelolympus.it\/de\/zimmer-in-caorle\/camera-standard\/","og_site_name":"Hotel Olympus","article_publisher":"https:\/\/www.facebook.com\/HotelOlympusCaorle\/","article_modified_time":"2026-02-19T17:02:52+00:00","og_image":[{"width":1900,"height":1280,"url":"https:\/\/www.hotelolympus.it\/wp-content\/uploads\/2023\/04\/Hotel-Olympus-standard-1.webp","type":"image\/webp"}],"twitter_card":"summary_large_image","schema":{"@context":"https:\/\/schema.org","@graph":[{"@type":"WebPage","@id":"https:\/\/www.hotelolympus.it\/de\/zimmer-in-caorle\/camera-standard\/","url":"https:\/\/www.hotelolympus.it\/de\/zimmer-in-caorle\/camera-standard\/","name":"ZIMMERKATEGORIE STANDARD | Hotel Olympus","isPartOf":{"@id":"https:\/\/www.hotelolympus.it\/it\/#website"},"primaryImageOfPage":{"@id":"https:\/\/www.hotelolympus.it\/de\/zimmer-in-caorle\/camera-standard\/#primaryimage"},"image":{"@id":"https:\/\/www.hotelolympus.it\/de\/zimmer-in-caorle\/camera-standard\/#primaryimage"},"thumbnailUrl":"https:\/\/www.hotelolympus.it\/wp-content\/uploads\/2023\/04\/Hotel-Olympus-standard-1.webp","datePublished":"2023-04-30T15:57:51+00:00","dateModified":"2026-02-19T17:02:52+00:00","breadcrumb":{"@id":"https:\/\/www.hotelolympus.it\/de\/zimmer-in-caorle\/camera-standard\/#breadcrumb"},"inLanguage":"de","potentialAction":[{"@type":"ReadAction","target":["https:\/\/www.hotelolympus.it\/de\/zimmer-in-caorle\/camera-standard\/"]}]},{"@type":"ImageObject","inLanguage":"de","@id":"https:\/\/www.hotelolympus.it\/de\/zimmer-in-caorle\/camera-standard\/#primaryimage","url":"https:\/\/www.hotelolympus.it\/wp-content\/uploads\/2023\/04\/Hotel-Olympus-standard-1.webp","contentUrl":"https:\/\/www.hotelolympus.it\/wp-content\/uploads\/2023\/04\/Hotel-Olympus-standard-1.webp","width":1900,"height":1280},{"@type":"BreadcrumbList","@id":"https:\/\/www.hotelolympus.it\/de\/zimmer-in-caorle\/camera-standard\/#breadcrumb","itemListElement":[{"@type":"ListItem","position":1,"name":"Home","item":"https:\/\/www.hotelolympus.it\/de\/"},{"@type":"ListItem","position":2,"name":"Zimmer und Suiten","item":"https:\/\/www.hotelolympus.it\/de\/zimmer-in-caorle\/"},{"@type":"ListItem","position":3,"name":"ZIMMERKATEGORIE STANDARD"}]},{"@type":"WebSite","@id":"https:\/\/www.hotelolympus.it\/it\/#website","url":"https:\/\/www.hotelolympus.it\/it\/","name":"Hotel Olympus","description":"Il vostro hotel 4 stelle a Caorle Lido Altanea","publisher":{"@id":"https:\/\/www.hotelolympus.it\/it\/#organization"},"potentialAction":[{"@type":"SearchAction","target":{"@type":"EntryPoint","urlTemplate":"https:\/\/www.hotelolympus.it\/it\/?s={search_term_string}"},"query-input":{"@type":"PropertyValueSpecification","valueRequired":true,"valueName":"search_term_string"}}],"inLanguage":"de"},{"@type":"Organization","@id":"https:\/\/www.hotelolympus.it\/it\/#organization","name":"Hotel Olympus","url":"https:\/\/www.hotelolympus.it\/it\/","logo":{"@type":"ImageObject","inLanguage":"de","@id":"https:\/\/www.hotelolympus.it\/it\/#\/schema\/logo\/image\/","url":"https:\/\/www.hotelolympus.it\/wp-content\/uploads\/2023\/04\/hotel-olympus.svg","contentUrl":"https:\/\/www.hotelolympus.it\/wp-content\/uploads\/2023\/04\/hotel-olympus.svg","width":1,"height":1,"caption":"Hotel Olympus"},"image":{"@id":"https:\/\/www.hotelolympus.it\/it\/#\/schema\/logo\/image\/"},"sameAs":["https:\/\/www.facebook.com\/HotelOlympusCaorle\/"]}]}},"_links":{"self":[{"href":"https:\/\/www.hotelolympus.it\/de\/wp-json\/wp\/v2\/pages\/1709","targetHints":{"allow":["GET"]}}],"collection":[{"href":"https:\/\/www.hotelolympus.it\/de\/wp-json\/wp\/v2\/pages"}],"about":[{"href":"https:\/\/www.hotelolympus.it\/de\/wp-json\/wp\/v2\/types\/page"}],"author":[{"embeddable":true,"href":"https:\/\/www.hotelolympus.it\/de\/wp-json\/wp\/v2\/users\/1"}],"replies":[{"embeddable":true,"href":"https:\/\/www.hotelolympus.it\/de\/wp-json\/wp\/v2\/comments?post=1709"}],"version-history":[{"count":11,"href":"https:\/\/www.hotelolympus.it\/de\/wp-json\/wp\/v2\/pages\/1709\/revisions"}],"predecessor-version":[{"id":3461,"href":"https:\/\/www.hotelolympus.it\/de\/wp-json\/wp\/v2\/pages\/1709\/revisions\/3461"}],"up":[{"embeddable":true,"href":"https:\/\/www.hotelolympus.it\/de\/wp-json\/wp\/v2\/pages\/21"}],"wp:featuredmedia":[{"embeddable":true,"href":"https:\/\/www.hotelolympus.it\/de\/wp-json\/wp\/v2\/media\/1579"}],"wp:attachment":[{"href":"https:\/\/www.hotelolympus.it\/de\/wp-json\/wp\/v2\/media?parent=1709"}],"curies":[{"name":"wp","href":"https:\/\/api.w.org\/{rel}","templated":true}]}}