{"id":1701,"date":"2023-03-08T16:23:08","date_gmt":"2023-03-08T15:23:08","guid":{"rendered":"https:\/\/www.hotelolympus.it\/zimmer-in-caorle\/junior-suite\/"},"modified":"2026-02-19T18:10:16","modified_gmt":"2026-02-19T17:10:16","slug":"standard-superior","status":"publish","type":"page","link":"https:\/\/www.hotelolympus.it\/de\/zimmer-in-caorle\/standard-superior\/","title":{"rendered":"STANDARD SUPERIOR"},"content":{"rendered":"\n<p>Das Superior-Zimmer ist ger\u00e4umiger als das Standardzimmer und verf\u00fcgt \u00fcber ein Doppelbett sowie ein bequemes Doppelschlafsofa.<\/p>\n\n\n\n<p>Die mit Parkettb\u00f6den ausgestatteten Innenr\u00e4ume \u00f6ffnen sich zu einer kleinen Eckterrasse mit St\u00fchlen und einem Tisch.<\/p>\n\n\n\n<p>F\u00fcr einen noch angenehmeren Aufenthalt steht Ihnen ein praktischer Wasserkocher mit einer Auswahl an Teesorten zur Verf\u00fcgung, sodass Sie sich direkt in Ihrem Zimmer eine Auszeit g\u00f6nnen k\u00f6nnen.<\/p>\n","protected":false},"excerpt":{"rendered":"<p>Das Superior-Zimmer ist ger\u00e4umiger als das Standardzimmer und verf\u00fcgt \u00fcber ein Doppelbett sowie ein bequemes Doppelschlafsofa. Die mit Parkettb\u00f6den ausgestatteten Innenr\u00e4ume \u00f6ffnen sich zu einer kleinen Eckterrasse mit St\u00fchlen und einem Tisch. F\u00fcr einen noch angenehmeren Aufenthalt steht Ihnen ein praktischer Wasserkocher mit einer Auswahl an Teesorten zur Verf\u00fcgung, sodass Sie sich direkt in Ihrem [&hellip;]<\/p>\n","protected":false},"author":1,"featured_media":2739,"parent":21,"menu_order":3,"comment_status":"closed","ping_status":"closed","template":"template-room-details.php","meta":{"_acf_changed":false,"footnotes":""},"class_list":["post-1701","page","type-page","status-publish","has-post-thumbnail","hentry"],"acf":[],"yoast_head":"<!-- This site is optimized with the Yoast SEO plugin v26.7 - https:\/\/yoast.com\/wordpress\/plugins\/seo\/ -->\n<title>STANDARD SUPERIOR | Hotel Olympus<\/title>\n<meta name=\"robots\" content=\"index, follow, max-snippet:-1, max-image-preview:large, max-video-preview:-1\" \/>\n<link rel=\"canonical\" href=\"https:\/\/www.hotelolympus.it\/de\/zimmer-in-caorle\/standard-superior\/\" \/>\n<meta property=\"og:locale\" content=\"de_DE\" \/>\n<meta property=\"og:type\" content=\"article\" \/>\n<meta property=\"og:title\" content=\"STANDARD SUPERIOR | Hotel Olympus\" \/>\n<meta property=\"og:description\" content=\"Das Superior-Zimmer ist ger\u00e4umiger als das Standardzimmer und verf\u00fcgt \u00fcber ein Doppelbett sowie ein bequemes Doppelschlafsofa. Die mit Parkettb\u00f6den ausgestatteten Innenr\u00e4ume \u00f6ffnen sich zu einer kleinen Eckterrasse mit St\u00fchlen und einem Tisch. F\u00fcr einen noch angenehmeren Aufenthalt steht Ihnen ein praktischer Wasserkocher mit einer Auswahl an Teesorten zur Verf\u00fcgung, sodass Sie sich direkt in Ihrem [&hellip;]\" \/>\n<meta property=\"og:url\" content=\"https:\/\/www.hotelolympus.it\/de\/zimmer-in-caorle\/standard-superior\/\" \/>\n<meta property=\"og:site_name\" content=\"Hotel Olympus\" \/>\n<meta property=\"article:publisher\" content=\"https:\/\/www.facebook.com\/HotelOlympusCaorle\/\" \/>\n<meta property=\"article:modified_time\" content=\"2026-02-19T17:10:16+00:00\" \/>\n<meta property=\"og:image\" content=\"https:\/\/www.hotelolympus.it\/wp-content\/uploads\/2023\/07\/Olympus_junior_suite-5.webp\" \/>\n\t<meta property=\"og:image:width\" content=\"1920\" \/>\n\t<meta property=\"og:image:height\" content=\"1280\" \/>\n\t<meta property=\"og:image:type\" content=\"image\/webp\" \/>\n<meta name=\"twitter:card\" content=\"summary_large_image\" \/>\n<script type=\"application\/ld+json\" class=\"yoast-schema-graph\">{\"@context\":\"https:\/\/schema.org\",\"@graph\":[{\"@type\":\"WebPage\",\"@id\":\"https:\/\/www.hotelolympus.it\/de\/zimmer-in-caorle\/standard-superior\/\",\"url\":\"https:\/\/www.hotelolympus.it\/de\/zimmer-in-caorle\/standard-superior\/\",\"name\":\"STANDARD SUPERIOR | Hotel Olympus\",\"isPartOf\":{\"@id\":\"https:\/\/www.hotelolympus.it\/it\/#website\"},\"primaryImageOfPage\":{\"@id\":\"https:\/\/www.hotelolympus.it\/de\/zimmer-in-caorle\/standard-superior\/#primaryimage\"},\"image\":{\"@id\":\"https:\/\/www.hotelolympus.it\/de\/zimmer-in-caorle\/standard-superior\/#primaryimage\"},\"thumbnailUrl\":\"https:\/\/www.hotelolympus.it\/wp-content\/uploads\/2023\/07\/Olympus_junior_suite-5.webp\",\"datePublished\":\"2023-03-08T15:23:08+00:00\",\"dateModified\":\"2026-02-19T17:10:16+00:00\",\"breadcrumb\":{\"@id\":\"https:\/\/www.hotelolympus.it\/de\/zimmer-in-caorle\/standard-superior\/#breadcrumb\"},\"inLanguage\":\"de\",\"potentialAction\":[{\"@type\":\"ReadAction\",\"target\":[\"https:\/\/www.hotelolympus.it\/de\/zimmer-in-caorle\/standard-superior\/\"]}]},{\"@type\":\"ImageObject\",\"inLanguage\":\"de\",\"@id\":\"https:\/\/www.hotelolympus.it\/de\/zimmer-in-caorle\/standard-superior\/#primaryimage\",\"url\":\"https:\/\/www.hotelolympus.it\/wp-content\/uploads\/2023\/07\/Olympus_junior_suite-5.webp\",\"contentUrl\":\"https:\/\/www.hotelolympus.it\/wp-content\/uploads\/2023\/07\/Olympus_junior_suite-5.webp\",\"width\":1920,\"height\":1280},{\"@type\":\"BreadcrumbList\",\"@id\":\"https:\/\/www.hotelolympus.it\/de\/zimmer-in-caorle\/standard-superior\/#breadcrumb\",\"itemListElement\":[{\"@type\":\"ListItem\",\"position\":1,\"name\":\"Home\",\"item\":\"https:\/\/www.hotelolympus.it\/de\/\"},{\"@type\":\"ListItem\",\"position\":2,\"name\":\"Zimmer und Suiten\",\"item\":\"https:\/\/www.hotelolympus.it\/de\/zimmer-in-caorle\/\"},{\"@type\":\"ListItem\",\"position\":3,\"name\":\"STANDARD SUPERIOR\"}]},{\"@type\":\"WebSite\",\"@id\":\"https:\/\/www.hotelolympus.it\/it\/#website\",\"url\":\"https:\/\/www.hotelolympus.it\/it\/\",\"name\":\"Hotel Olympus\",\"description\":\"Il vostro hotel 4 stelle a Caorle Lido Altanea\",\"publisher\":{\"@id\":\"https:\/\/www.hotelolympus.it\/it\/#organization\"},\"potentialAction\":[{\"@type\":\"SearchAction\",\"target\":{\"@type\":\"EntryPoint\",\"urlTemplate\":\"https:\/\/www.hotelolympus.it\/it\/?s={search_term_string}\"},\"query-input\":{\"@type\":\"PropertyValueSpecification\",\"valueRequired\":true,\"valueName\":\"search_term_string\"}}],\"inLanguage\":\"de\"},{\"@type\":\"Organization\",\"@id\":\"https:\/\/www.hotelolympus.it\/it\/#organization\",\"name\":\"Hotel Olympus\",\"url\":\"https:\/\/www.hotelolympus.it\/it\/\",\"logo\":{\"@type\":\"ImageObject\",\"inLanguage\":\"de\",\"@id\":\"https:\/\/www.hotelolympus.it\/it\/#\/schema\/logo\/image\/\",\"url\":\"https:\/\/www.hotelolympus.it\/wp-content\/uploads\/2023\/04\/hotel-olympus.svg\",\"contentUrl\":\"https:\/\/www.hotelolympus.it\/wp-content\/uploads\/2023\/04\/hotel-olympus.svg\",\"width\":1,\"height\":1,\"caption\":\"Hotel Olympus\"},\"image\":{\"@id\":\"https:\/\/www.hotelolympus.it\/it\/#\/schema\/logo\/image\/\"},\"sameAs\":[\"https:\/\/www.facebook.com\/HotelOlympusCaorle\/\"]}]}<\/script>\n<!-- \/ Yoast SEO plugin. -->","yoast_head_json":{"title":"STANDARD SUPERIOR | Hotel Olympus","robots":{"index":"index","follow":"follow","max-snippet":"max-snippet:-1","max-image-preview":"max-image-preview:large","max-video-preview":"max-video-preview:-1"},"canonical":"https:\/\/www.hotelolympus.it\/de\/zimmer-in-caorle\/standard-superior\/","og_locale":"de_DE","og_type":"article","og_title":"STANDARD SUPERIOR | Hotel Olympus","og_description":"Das Superior-Zimmer ist ger\u00e4umiger als das Standardzimmer und verf\u00fcgt \u00fcber ein Doppelbett sowie ein bequemes Doppelschlafsofa. Die mit Parkettb\u00f6den ausgestatteten Innenr\u00e4ume \u00f6ffnen sich zu einer kleinen Eckterrasse mit St\u00fchlen und einem Tisch. F\u00fcr einen noch angenehmeren Aufenthalt steht Ihnen ein praktischer Wasserkocher mit einer Auswahl an Teesorten zur Verf\u00fcgung, sodass Sie sich direkt in Ihrem [&hellip;]","og_url":"https:\/\/www.hotelolympus.it\/de\/zimmer-in-caorle\/standard-superior\/","og_site_name":"Hotel Olympus","article_publisher":"https:\/\/www.facebook.com\/HotelOlympusCaorle\/","article_modified_time":"2026-02-19T17:10:16+00:00","og_image":[{"width":1920,"height":1280,"url":"https:\/\/www.hotelolympus.it\/wp-content\/uploads\/2023\/07\/Olympus_junior_suite-5.webp","type":"image\/webp"}],"twitter_card":"summary_large_image","schema":{"@context":"https:\/\/schema.org","@graph":[{"@type":"WebPage","@id":"https:\/\/www.hotelolympus.it\/de\/zimmer-in-caorle\/standard-superior\/","url":"https:\/\/www.hotelolympus.it\/de\/zimmer-in-caorle\/standard-superior\/","name":"STANDARD SUPERIOR | Hotel Olympus","isPartOf":{"@id":"https:\/\/www.hotelolympus.it\/it\/#website"},"primaryImageOfPage":{"@id":"https:\/\/www.hotelolympus.it\/de\/zimmer-in-caorle\/standard-superior\/#primaryimage"},"image":{"@id":"https:\/\/www.hotelolympus.it\/de\/zimmer-in-caorle\/standard-superior\/#primaryimage"},"thumbnailUrl":"https:\/\/www.hotelolympus.it\/wp-content\/uploads\/2023\/07\/Olympus_junior_suite-5.webp","datePublished":"2023-03-08T15:23:08+00:00","dateModified":"2026-02-19T17:10:16+00:00","breadcrumb":{"@id":"https:\/\/www.hotelolympus.it\/de\/zimmer-in-caorle\/standard-superior\/#breadcrumb"},"inLanguage":"de","potentialAction":[{"@type":"ReadAction","target":["https:\/\/www.hotelolympus.it\/de\/zimmer-in-caorle\/standard-superior\/"]}]},{"@type":"ImageObject","inLanguage":"de","@id":"https:\/\/www.hotelolympus.it\/de\/zimmer-in-caorle\/standard-superior\/#primaryimage","url":"https:\/\/www.hotelolympus.it\/wp-content\/uploads\/2023\/07\/Olympus_junior_suite-5.webp","contentUrl":"https:\/\/www.hotelolympus.it\/wp-content\/uploads\/2023\/07\/Olympus_junior_suite-5.webp","width":1920,"height":1280},{"@type":"BreadcrumbList","@id":"https:\/\/www.hotelolympus.it\/de\/zimmer-in-caorle\/standard-superior\/#breadcrumb","itemListElement":[{"@type":"ListItem","position":1,"name":"Home","item":"https:\/\/www.hotelolympus.it\/de\/"},{"@type":"ListItem","position":2,"name":"Zimmer und Suiten","item":"https:\/\/www.hotelolympus.it\/de\/zimmer-in-caorle\/"},{"@type":"ListItem","position":3,"name":"STANDARD SUPERIOR"}]},{"@type":"WebSite","@id":"https:\/\/www.hotelolympus.it\/it\/#website","url":"https:\/\/www.hotelolympus.it\/it\/","name":"Hotel Olympus","description":"Il vostro hotel 4 stelle a Caorle Lido Altanea","publisher":{"@id":"https:\/\/www.hotelolympus.it\/it\/#organization"},"potentialAction":[{"@type":"SearchAction","target":{"@type":"EntryPoint","urlTemplate":"https:\/\/www.hotelolympus.it\/it\/?s={search_term_string}"},"query-input":{"@type":"PropertyValueSpecification","valueRequired":true,"valueName":"search_term_string"}}],"inLanguage":"de"},{"@type":"Organization","@id":"https:\/\/www.hotelolympus.it\/it\/#organization","name":"Hotel Olympus","url":"https:\/\/www.hotelolympus.it\/it\/","logo":{"@type":"ImageObject","inLanguage":"de","@id":"https:\/\/www.hotelolympus.it\/it\/#\/schema\/logo\/image\/","url":"https:\/\/www.hotelolympus.it\/wp-content\/uploads\/2023\/04\/hotel-olympus.svg","contentUrl":"https:\/\/www.hotelolympus.it\/wp-content\/uploads\/2023\/04\/hotel-olympus.svg","width":1,"height":1,"caption":"Hotel Olympus"},"image":{"@id":"https:\/\/www.hotelolympus.it\/it\/#\/schema\/logo\/image\/"},"sameAs":["https:\/\/www.facebook.com\/HotelOlympusCaorle\/"]}]}},"_links":{"self":[{"href":"https:\/\/www.hotelolympus.it\/de\/wp-json\/wp\/v2\/pages\/1701","targetHints":{"allow":["GET"]}}],"collection":[{"href":"https:\/\/www.hotelolympus.it\/de\/wp-json\/wp\/v2\/pages"}],"about":[{"href":"https:\/\/www.hotelolympus.it\/de\/wp-json\/wp\/v2\/types\/page"}],"author":[{"embeddable":true,"href":"https:\/\/www.hotelolympus.it\/de\/wp-json\/wp\/v2\/users\/1"}],"replies":[{"embeddable":true,"href":"https:\/\/www.hotelolympus.it\/de\/wp-json\/wp\/v2\/comments?post=1701"}],"version-history":[{"count":10,"href":"https:\/\/www.hotelolympus.it\/de\/wp-json\/wp\/v2\/pages\/1701\/revisions"}],"predecessor-version":[{"id":3468,"href":"https:\/\/www.hotelolympus.it\/de\/wp-json\/wp\/v2\/pages\/1701\/revisions\/3468"}],"up":[{"embeddable":true,"href":"https:\/\/www.hotelolympus.it\/de\/wp-json\/wp\/v2\/pages\/21"}],"wp:featuredmedia":[{"embeddable":true,"href":"https:\/\/www.hotelolympus.it\/de\/wp-json\/wp\/v2\/media\/2739"}],"wp:attachment":[{"href":"https:\/\/www.hotelolympus.it\/de\/wp-json\/wp\/v2\/media?parent=1701"}],"curies":[{"name":"wp","href":"https:\/\/api.w.org\/{rel}","templated":true}]}}