{"id":1683,"date":"2023-03-08T16:25:21","date_gmt":"2023-03-08T15:25:21","guid":{"rendered":"https:\/\/www.hotelolympus.it\/zimmer-in-caorle\/suite\/"},"modified":"2026-02-19T17:58:58","modified_gmt":"2026-02-19T16:58:58","slug":"suite","status":"publish","type":"page","link":"https:\/\/www.hotelolympus.it\/de\/zimmer-in-caorle\/suite\/","title":{"rendered":"FAMILY SUITE"},"content":{"rendered":"\n<p>Die Family Suite ist die ideale L\u00f6sung f\u00fcr Familien mit Kindern oder f\u00fcr Gruppen von Freunden, die gemeinsam reisen und dennoch ihre Privatsph\u00e4re genie\u00dfen m\u00f6chten.<\/p>\n\n\n\n<p>Die Suite ist <strong>f\u00fcr bis zu 5 Personen<\/strong> geeignetund besteht aus zwei separaten Schlafzimmern: eines mit einem Doppelbett und das andere mit einem Doppelbett sowie einem Einzelschlafsofa. <\/p>\n\n\n\n<p>Beide Zimmer verf\u00fcgen \u00fcber einen eigenen Balkonmit wundersch\u00f6nem Blick auf den Pool und sind \u00fcber einen gemeinsamen Eingang miteinander verbunden. Der Parkettboden verleiht den R\u00e4umen eine elegante und zugleich gem\u00fctliche Atmosph\u00e4re.<\/p>\n\n\n\n<p>Reisen Sie mit einem Baby? Auf Anfrage stellen wir Ihnen gerne ein Babybett zur Verf\u00fcgung.<\/p>\n\n\n\n<ul class=\"wp-block-list list-room\"><\/ul>\n","protected":false},"excerpt":{"rendered":"<p>Die Family Suite ist die ideale L\u00f6sung f\u00fcr Familien mit Kindern oder f\u00fcr Gruppen von Freunden, die gemeinsam reisen und dennoch ihre Privatsph\u00e4re genie\u00dfen m\u00f6chten. Die Suite ist f\u00fcr bis zu 5 Personen geeignetund besteht aus zwei separaten Schlafzimmern: eines mit einem Doppelbett und das andere mit einem Doppelbett sowie einem Einzelschlafsofa. Beide Zimmer verf\u00fcgen [&hellip;]<\/p>\n","protected":false},"author":1,"featured_media":1662,"parent":21,"menu_order":4,"comment_status":"closed","ping_status":"closed","template":"template-room-details.php","meta":{"_acf_changed":false,"footnotes":""},"class_list":["post-1683","page","type-page","status-publish","has-post-thumbnail","hentry"],"acf":[],"yoast_head":"<!-- This site is optimized with the Yoast SEO plugin v26.7 - https:\/\/yoast.com\/wordpress\/plugins\/seo\/ -->\n<title>FAMILY SUITE | Hotel Olympus<\/title>\n<meta name=\"robots\" content=\"index, follow, max-snippet:-1, max-image-preview:large, max-video-preview:-1\" \/>\n<link rel=\"canonical\" href=\"https:\/\/www.hotelolympus.it\/de\/zimmer-in-caorle\/suite\/\" \/>\n<meta property=\"og:locale\" content=\"de_DE\" \/>\n<meta property=\"og:type\" content=\"article\" \/>\n<meta property=\"og:title\" content=\"FAMILY SUITE | Hotel Olympus\" \/>\n<meta property=\"og:description\" content=\"Die Family Suite ist die ideale L\u00f6sung f\u00fcr Familien mit Kindern oder f\u00fcr Gruppen von Freunden, die gemeinsam reisen und dennoch ihre Privatsph\u00e4re genie\u00dfen m\u00f6chten. Die Suite ist f\u00fcr bis zu 5 Personen geeignetund besteht aus zwei separaten Schlafzimmern: eines mit einem Doppelbett und das andere mit einem Doppelbett sowie einem Einzelschlafsofa. Beide Zimmer verf\u00fcgen [&hellip;]\" \/>\n<meta property=\"og:url\" content=\"https:\/\/www.hotelolympus.it\/de\/zimmer-in-caorle\/suite\/\" \/>\n<meta property=\"og:site_name\" content=\"Hotel Olympus\" \/>\n<meta property=\"article:publisher\" content=\"https:\/\/www.facebook.com\/HotelOlympusCaorle\/\" \/>\n<meta property=\"article:modified_time\" content=\"2026-02-19T16:58:58+00:00\" \/>\n<meta property=\"og:image\" content=\"https:\/\/www.hotelolympus.it\/wp-content\/uploads\/2023\/04\/Hotel-Olympus-suite-8.webp\" \/>\n\t<meta property=\"og:image:width\" content=\"1900\" \/>\n\t<meta property=\"og:image:height\" content=\"1280\" \/>\n\t<meta property=\"og:image:type\" content=\"image\/webp\" \/>\n<meta name=\"twitter:card\" content=\"summary_large_image\" \/>\n<script type=\"application\/ld+json\" class=\"yoast-schema-graph\">{\"@context\":\"https:\/\/schema.org\",\"@graph\":[{\"@type\":\"WebPage\",\"@id\":\"https:\/\/www.hotelolympus.it\/de\/zimmer-in-caorle\/suite\/\",\"url\":\"https:\/\/www.hotelolympus.it\/de\/zimmer-in-caorle\/suite\/\",\"name\":\"FAMILY SUITE | Hotel Olympus\",\"isPartOf\":{\"@id\":\"https:\/\/www.hotelolympus.it\/it\/#website\"},\"primaryImageOfPage\":{\"@id\":\"https:\/\/www.hotelolympus.it\/de\/zimmer-in-caorle\/suite\/#primaryimage\"},\"image\":{\"@id\":\"https:\/\/www.hotelolympus.it\/de\/zimmer-in-caorle\/suite\/#primaryimage\"},\"thumbnailUrl\":\"https:\/\/www.hotelolympus.it\/wp-content\/uploads\/2023\/04\/Hotel-Olympus-suite-8.webp\",\"datePublished\":\"2023-03-08T15:25:21+00:00\",\"dateModified\":\"2026-02-19T16:58:58+00:00\",\"breadcrumb\":{\"@id\":\"https:\/\/www.hotelolympus.it\/de\/zimmer-in-caorle\/suite\/#breadcrumb\"},\"inLanguage\":\"de\",\"potentialAction\":[{\"@type\":\"ReadAction\",\"target\":[\"https:\/\/www.hotelolympus.it\/de\/zimmer-in-caorle\/suite\/\"]}]},{\"@type\":\"ImageObject\",\"inLanguage\":\"de\",\"@id\":\"https:\/\/www.hotelolympus.it\/de\/zimmer-in-caorle\/suite\/#primaryimage\",\"url\":\"https:\/\/www.hotelolympus.it\/wp-content\/uploads\/2023\/04\/Hotel-Olympus-suite-8.webp\",\"contentUrl\":\"https:\/\/www.hotelolympus.it\/wp-content\/uploads\/2023\/04\/Hotel-Olympus-suite-8.webp\",\"width\":1900,\"height\":1280},{\"@type\":\"BreadcrumbList\",\"@id\":\"https:\/\/www.hotelolympus.it\/de\/zimmer-in-caorle\/suite\/#breadcrumb\",\"itemListElement\":[{\"@type\":\"ListItem\",\"position\":1,\"name\":\"Home\",\"item\":\"https:\/\/www.hotelolympus.it\/de\/\"},{\"@type\":\"ListItem\",\"position\":2,\"name\":\"Zimmer und Suiten\",\"item\":\"https:\/\/www.hotelolympus.it\/de\/zimmer-in-caorle\/\"},{\"@type\":\"ListItem\",\"position\":3,\"name\":\"FAMILY SUITE\"}]},{\"@type\":\"WebSite\",\"@id\":\"https:\/\/www.hotelolympus.it\/it\/#website\",\"url\":\"https:\/\/www.hotelolympus.it\/it\/\",\"name\":\"Hotel Olympus\",\"description\":\"Il vostro hotel 4 stelle a Caorle Lido Altanea\",\"publisher\":{\"@id\":\"https:\/\/www.hotelolympus.it\/it\/#organization\"},\"potentialAction\":[{\"@type\":\"SearchAction\",\"target\":{\"@type\":\"EntryPoint\",\"urlTemplate\":\"https:\/\/www.hotelolympus.it\/it\/?s={search_term_string}\"},\"query-input\":{\"@type\":\"PropertyValueSpecification\",\"valueRequired\":true,\"valueName\":\"search_term_string\"}}],\"inLanguage\":\"de\"},{\"@type\":\"Organization\",\"@id\":\"https:\/\/www.hotelolympus.it\/it\/#organization\",\"name\":\"Hotel Olympus\",\"url\":\"https:\/\/www.hotelolympus.it\/it\/\",\"logo\":{\"@type\":\"ImageObject\",\"inLanguage\":\"de\",\"@id\":\"https:\/\/www.hotelolympus.it\/it\/#\/schema\/logo\/image\/\",\"url\":\"https:\/\/www.hotelolympus.it\/wp-content\/uploads\/2023\/04\/hotel-olympus.svg\",\"contentUrl\":\"https:\/\/www.hotelolympus.it\/wp-content\/uploads\/2023\/04\/hotel-olympus.svg\",\"width\":1,\"height\":1,\"caption\":\"Hotel Olympus\"},\"image\":{\"@id\":\"https:\/\/www.hotelolympus.it\/it\/#\/schema\/logo\/image\/\"},\"sameAs\":[\"https:\/\/www.facebook.com\/HotelOlympusCaorle\/\"]}]}<\/script>\n<!-- \/ Yoast SEO plugin. -->","yoast_head_json":{"title":"FAMILY SUITE | Hotel Olympus","robots":{"index":"index","follow":"follow","max-snippet":"max-snippet:-1","max-image-preview":"max-image-preview:large","max-video-preview":"max-video-preview:-1"},"canonical":"https:\/\/www.hotelolympus.it\/de\/zimmer-in-caorle\/suite\/","og_locale":"de_DE","og_type":"article","og_title":"FAMILY SUITE | Hotel Olympus","og_description":"Die Family Suite ist die ideale L\u00f6sung f\u00fcr Familien mit Kindern oder f\u00fcr Gruppen von Freunden, die gemeinsam reisen und dennoch ihre Privatsph\u00e4re genie\u00dfen m\u00f6chten. Die Suite ist f\u00fcr bis zu 5 Personen geeignetund besteht aus zwei separaten Schlafzimmern: eines mit einem Doppelbett und das andere mit einem Doppelbett sowie einem Einzelschlafsofa. Beide Zimmer verf\u00fcgen [&hellip;]","og_url":"https:\/\/www.hotelolympus.it\/de\/zimmer-in-caorle\/suite\/","og_site_name":"Hotel Olympus","article_publisher":"https:\/\/www.facebook.com\/HotelOlympusCaorle\/","article_modified_time":"2026-02-19T16:58:58+00:00","og_image":[{"width":1900,"height":1280,"url":"https:\/\/www.hotelolympus.it\/wp-content\/uploads\/2023\/04\/Hotel-Olympus-suite-8.webp","type":"image\/webp"}],"twitter_card":"summary_large_image","schema":{"@context":"https:\/\/schema.org","@graph":[{"@type":"WebPage","@id":"https:\/\/www.hotelolympus.it\/de\/zimmer-in-caorle\/suite\/","url":"https:\/\/www.hotelolympus.it\/de\/zimmer-in-caorle\/suite\/","name":"FAMILY SUITE | Hotel Olympus","isPartOf":{"@id":"https:\/\/www.hotelolympus.it\/it\/#website"},"primaryImageOfPage":{"@id":"https:\/\/www.hotelolympus.it\/de\/zimmer-in-caorle\/suite\/#primaryimage"},"image":{"@id":"https:\/\/www.hotelolympus.it\/de\/zimmer-in-caorle\/suite\/#primaryimage"},"thumbnailUrl":"https:\/\/www.hotelolympus.it\/wp-content\/uploads\/2023\/04\/Hotel-Olympus-suite-8.webp","datePublished":"2023-03-08T15:25:21+00:00","dateModified":"2026-02-19T16:58:58+00:00","breadcrumb":{"@id":"https:\/\/www.hotelolympus.it\/de\/zimmer-in-caorle\/suite\/#breadcrumb"},"inLanguage":"de","potentialAction":[{"@type":"ReadAction","target":["https:\/\/www.hotelolympus.it\/de\/zimmer-in-caorle\/suite\/"]}]},{"@type":"ImageObject","inLanguage":"de","@id":"https:\/\/www.hotelolympus.it\/de\/zimmer-in-caorle\/suite\/#primaryimage","url":"https:\/\/www.hotelolympus.it\/wp-content\/uploads\/2023\/04\/Hotel-Olympus-suite-8.webp","contentUrl":"https:\/\/www.hotelolympus.it\/wp-content\/uploads\/2023\/04\/Hotel-Olympus-suite-8.webp","width":1900,"height":1280},{"@type":"BreadcrumbList","@id":"https:\/\/www.hotelolympus.it\/de\/zimmer-in-caorle\/suite\/#breadcrumb","itemListElement":[{"@type":"ListItem","position":1,"name":"Home","item":"https:\/\/www.hotelolympus.it\/de\/"},{"@type":"ListItem","position":2,"name":"Zimmer und Suiten","item":"https:\/\/www.hotelolympus.it\/de\/zimmer-in-caorle\/"},{"@type":"ListItem","position":3,"name":"FAMILY SUITE"}]},{"@type":"WebSite","@id":"https:\/\/www.hotelolympus.it\/it\/#website","url":"https:\/\/www.hotelolympus.it\/it\/","name":"Hotel Olympus","description":"Il vostro hotel 4 stelle a Caorle Lido Altanea","publisher":{"@id":"https:\/\/www.hotelolympus.it\/it\/#organization"},"potentialAction":[{"@type":"SearchAction","target":{"@type":"EntryPoint","urlTemplate":"https:\/\/www.hotelolympus.it\/it\/?s={search_term_string}"},"query-input":{"@type":"PropertyValueSpecification","valueRequired":true,"valueName":"search_term_string"}}],"inLanguage":"de"},{"@type":"Organization","@id":"https:\/\/www.hotelolympus.it\/it\/#organization","name":"Hotel Olympus","url":"https:\/\/www.hotelolympus.it\/it\/","logo":{"@type":"ImageObject","inLanguage":"de","@id":"https:\/\/www.hotelolympus.it\/it\/#\/schema\/logo\/image\/","url":"https:\/\/www.hotelolympus.it\/wp-content\/uploads\/2023\/04\/hotel-olympus.svg","contentUrl":"https:\/\/www.hotelolympus.it\/wp-content\/uploads\/2023\/04\/hotel-olympus.svg","width":1,"height":1,"caption":"Hotel Olympus"},"image":{"@id":"https:\/\/www.hotelolympus.it\/it\/#\/schema\/logo\/image\/"},"sameAs":["https:\/\/www.facebook.com\/HotelOlympusCaorle\/"]}]}},"_links":{"self":[{"href":"https:\/\/www.hotelolympus.it\/de\/wp-json\/wp\/v2\/pages\/1683","targetHints":{"allow":["GET"]}}],"collection":[{"href":"https:\/\/www.hotelolympus.it\/de\/wp-json\/wp\/v2\/pages"}],"about":[{"href":"https:\/\/www.hotelolympus.it\/de\/wp-json\/wp\/v2\/types\/page"}],"author":[{"embeddable":true,"href":"https:\/\/www.hotelolympus.it\/de\/wp-json\/wp\/v2\/users\/1"}],"replies":[{"embeddable":true,"href":"https:\/\/www.hotelolympus.it\/de\/wp-json\/wp\/v2\/comments?post=1683"}],"version-history":[{"count":12,"href":"https:\/\/www.hotelolympus.it\/de\/wp-json\/wp\/v2\/pages\/1683\/revisions"}],"predecessor-version":[{"id":3457,"href":"https:\/\/www.hotelolympus.it\/de\/wp-json\/wp\/v2\/pages\/1683\/revisions\/3457"}],"up":[{"embeddable":true,"href":"https:\/\/www.hotelolympus.it\/de\/wp-json\/wp\/v2\/pages\/21"}],"wp:featuredmedia":[{"embeddable":true,"href":"https:\/\/www.hotelolympus.it\/de\/wp-json\/wp\/v2\/media\/1662"}],"wp:attachment":[{"href":"https:\/\/www.hotelolympus.it\/de\/wp-json\/wp\/v2\/media?parent=1683"}],"curies":[{"name":"wp","href":"https:\/\/api.w.org\/{rel}","templated":true}]}}