{"id":1387,"date":"2023-02-23T17:04:04","date_gmt":"2023-02-23T16:04:04","guid":{"rendered":"https:\/\/www.hotelolympus.it\/dove-siamo\/"},"modified":"2023-06-05T14:56:33","modified_gmt":"2023-06-05T12:56:33","slug":"wo-wir-sind","status":"publish","type":"page","link":"https:\/\/www.hotelolympus.it\/de\/wo-wir-sind\/","title":{"rendered":"Wo Sind Wir Hotel Olympus"},"content":{"rendered":"\n<h3 class=\"wp-block-heading\">MIT DEM AUTO:<\/h3>\n\n\n\n<p class=\"has-medium-font-size\"><strong>GPS-Koordinaten &#8211; Breitengrad: 45.580121 N &#8211;&nbsp; L\u00e4ngengrad 12.826181 E<\/strong><\/p>\n\n\n\n<p>Die n\u00e4chstgelegenen Autobahnausfahrten sind:<\/p>\n\n\n\n<ul class=\"list-item wp-block-list\">\n<li>Ausfahrt San Don\u00e0\/Noventa di Piave (Autobahn A4 Venedig-Triest)<\/li>\n\n\n\n<li>Ausfahrt S. Stino di Livenza (Autobahn A4 Venedig-Triest)<\/li>\n<\/ul>\n\n\n\n<p>Dann den Schildern nach Caorle und Porto Santa Margherita folgen<\/p>\n\n\n\n<h3 class=\"wp-block-heading\">MIT DEM ZUG:<\/h3>\n\n\n\n<p>N\u00e4chstgelegene Bahnh\u00f6fe:<\/p>\n\n\n\n<ul class=\"list-item wp-block-list\">\n<li>Portogruaro\/Caorle (30 km bis zum Hotel)<\/li>\n\n\n\n<li>San Don\u00e0 di Piave\/Jesolo (28 km bis zum Hotel)<\/li>\n<\/ul>\n\n\n\n<p>Von den beiden Bahnh\u00f6fen k\u00f6nnen Sie mit einem Taxi oder Bus der Linie ATVO in unsere Ortschaft fahren.<\/p>\n\n\n\n<h3 class=\"wp-block-heading\">MIT DEM FLUGZEUG:<\/h3>\n\n\n\n<ul class=\"list-item wp-block-list\">\n<li>Flughafen Venedig \u201eMarco Polo\u201d VCE (48 km bis zum Hotel)<\/li>\n\n\n\n<li>Flughafen Treviso \u201eAntonio Canova\u2033 TSF (59 km bis zum Hotel)<\/li>\n\n\n\n<li>Flughafen Trieste \u201eRonchi dei Legionari\u2033 TRS (90 km bis zum Hotel)<\/li>\n<\/ul>\n\n\n\n<p>Das Hotel kann von jedem der 3 Flugh\u00e4fen bequem mit dem Taxi erreicht werden (bitte wenden Sie sich an die Rezeption, wenn Sie Hilfe brauchen).<\/p>\n\n\n\n<p>Au\u00dferdem verkehrt die Buslinie ATVO zwischen Caorle und den Flugh\u00e4fen Venedig und Treviso.<\/p>\n","protected":false},"excerpt":{"rendered":"<p>MIT DEM AUTO: GPS-Koordinaten &#8211; Breitengrad: 45.580121 N &#8211;&nbsp; L\u00e4ngengrad 12.826181 E Die n\u00e4chstgelegenen Autobahnausfahrten sind: Dann den Schildern nach Caorle und Porto Santa Margherita folgen MIT DEM ZUG: N\u00e4chstgelegene Bahnh\u00f6fe: Von den beiden Bahnh\u00f6fen k\u00f6nnen Sie mit einem Taxi oder Bus der Linie ATVO in unsere Ortschaft fahren. MIT DEM FLUGZEUG: Das Hotel kann [&hellip;]<\/p>\n","protected":false},"author":1,"featured_media":0,"parent":0,"menu_order":8,"comment_status":"closed","ping_status":"closed","template":"template-contact.php","meta":{"_acf_changed":false,"footnotes":""},"class_list":["post-1387","page","type-page","status-publish","hentry"],"acf":[],"yoast_head":"<!-- This site is optimized with the Yoast SEO plugin v26.7 - https:\/\/yoast.com\/wordpress\/plugins\/seo\/ -->\n<title>Wo wir sind | Hotel Olympus Italien<\/title>\n<meta name=\"description\" content=\"So erreichen Sie das Olympus Hotel bequem mit Auto, Bahn, Flugzeug und allen GPS-Koordinaten. Viale dei Cigni, 11 - 30021 Caorle\" \/>\n<meta name=\"robots\" content=\"index, follow, max-snippet:-1, max-image-preview:large, max-video-preview:-1\" \/>\n<link rel=\"canonical\" href=\"https:\/\/www.hotelolympus.it\/de\/wo-wir-sind\/\" \/>\n<meta property=\"og:locale\" content=\"de_DE\" \/>\n<meta property=\"og:type\" content=\"article\" \/>\n<meta property=\"og:title\" content=\"Wo wir sind | Hotel Olympus Italien\" \/>\n<meta property=\"og:description\" content=\"So erreichen Sie das Olympus Hotel bequem mit Auto, Bahn, Flugzeug und allen GPS-Koordinaten. Viale dei Cigni, 11 - 30021 Caorle\" \/>\n<meta property=\"og:url\" content=\"https:\/\/www.hotelolympus.it\/de\/wo-wir-sind\/\" \/>\n<meta property=\"og:site_name\" content=\"Hotel Olympus\" \/>\n<meta property=\"article:publisher\" content=\"https:\/\/www.facebook.com\/HotelOlympusCaorle\/\" \/>\n<meta property=\"article:modified_time\" content=\"2023-06-05T12:56:33+00:00\" \/>\n<meta name=\"twitter:card\" content=\"summary_large_image\" \/>\n<script type=\"application\/ld+json\" class=\"yoast-schema-graph\">{\"@context\":\"https:\/\/schema.org\",\"@graph\":[{\"@type\":\"WebPage\",\"@id\":\"https:\/\/www.hotelolympus.it\/de\/wo-wir-sind\/\",\"url\":\"https:\/\/www.hotelolympus.it\/de\/wo-wir-sind\/\",\"name\":\"Wo wir sind | Hotel Olympus Italien\",\"isPartOf\":{\"@id\":\"https:\/\/www.hotelolympus.it\/it\/#website\"},\"datePublished\":\"2023-02-23T16:04:04+00:00\",\"dateModified\":\"2023-06-05T12:56:33+00:00\",\"description\":\"So erreichen Sie das Olympus Hotel bequem mit Auto, Bahn, Flugzeug und allen GPS-Koordinaten. Viale dei Cigni, 11 - 30021 Caorle\",\"breadcrumb\":{\"@id\":\"https:\/\/www.hotelolympus.it\/de\/wo-wir-sind\/#breadcrumb\"},\"inLanguage\":\"de\",\"potentialAction\":[{\"@type\":\"ReadAction\",\"target\":[\"https:\/\/www.hotelolympus.it\/de\/wo-wir-sind\/\"]}]},{\"@type\":\"BreadcrumbList\",\"@id\":\"https:\/\/www.hotelolympus.it\/de\/wo-wir-sind\/#breadcrumb\",\"itemListElement\":[{\"@type\":\"ListItem\",\"position\":1,\"name\":\"Home\",\"item\":\"https:\/\/www.hotelolympus.it\/de\/\"},{\"@type\":\"ListItem\",\"position\":2,\"name\":\"Wo Sind Wir Hotel Olympus\"}]},{\"@type\":\"WebSite\",\"@id\":\"https:\/\/www.hotelolympus.it\/it\/#website\",\"url\":\"https:\/\/www.hotelolympus.it\/it\/\",\"name\":\"Hotel Olympus\",\"description\":\"Il vostro hotel 4 stelle a Caorle Lido Altanea\",\"publisher\":{\"@id\":\"https:\/\/www.hotelolympus.it\/it\/#organization\"},\"potentialAction\":[{\"@type\":\"SearchAction\",\"target\":{\"@type\":\"EntryPoint\",\"urlTemplate\":\"https:\/\/www.hotelolympus.it\/it\/?s={search_term_string}\"},\"query-input\":{\"@type\":\"PropertyValueSpecification\",\"valueRequired\":true,\"valueName\":\"search_term_string\"}}],\"inLanguage\":\"de\"},{\"@type\":\"Organization\",\"@id\":\"https:\/\/www.hotelolympus.it\/it\/#organization\",\"name\":\"Hotel Olympus\",\"url\":\"https:\/\/www.hotelolympus.it\/it\/\",\"logo\":{\"@type\":\"ImageObject\",\"inLanguage\":\"de\",\"@id\":\"https:\/\/www.hotelolympus.it\/it\/#\/schema\/logo\/image\/\",\"url\":\"https:\/\/www.hotelolympus.it\/wp-content\/uploads\/2023\/04\/hotel-olympus.svg\",\"contentUrl\":\"https:\/\/www.hotelolympus.it\/wp-content\/uploads\/2023\/04\/hotel-olympus.svg\",\"width\":1,\"height\":1,\"caption\":\"Hotel Olympus\"},\"image\":{\"@id\":\"https:\/\/www.hotelolympus.it\/it\/#\/schema\/logo\/image\/\"},\"sameAs\":[\"https:\/\/www.facebook.com\/HotelOlympusCaorle\/\"]}]}<\/script>\n<!-- \/ Yoast SEO plugin. -->","yoast_head_json":{"title":"Wo wir sind | Hotel Olympus Italien","description":"So erreichen Sie das Olympus Hotel bequem mit Auto, Bahn, Flugzeug und allen GPS-Koordinaten. Viale dei Cigni, 11 - 30021 Caorle","robots":{"index":"index","follow":"follow","max-snippet":"max-snippet:-1","max-image-preview":"max-image-preview:large","max-video-preview":"max-video-preview:-1"},"canonical":"https:\/\/www.hotelolympus.it\/de\/wo-wir-sind\/","og_locale":"de_DE","og_type":"article","og_title":"Wo wir sind | Hotel Olympus Italien","og_description":"So erreichen Sie das Olympus Hotel bequem mit Auto, Bahn, Flugzeug und allen GPS-Koordinaten. Viale dei Cigni, 11 - 30021 Caorle","og_url":"https:\/\/www.hotelolympus.it\/de\/wo-wir-sind\/","og_site_name":"Hotel Olympus","article_publisher":"https:\/\/www.facebook.com\/HotelOlympusCaorle\/","article_modified_time":"2023-06-05T12:56:33+00:00","twitter_card":"summary_large_image","schema":{"@context":"https:\/\/schema.org","@graph":[{"@type":"WebPage","@id":"https:\/\/www.hotelolympus.it\/de\/wo-wir-sind\/","url":"https:\/\/www.hotelolympus.it\/de\/wo-wir-sind\/","name":"Wo wir sind | Hotel Olympus Italien","isPartOf":{"@id":"https:\/\/www.hotelolympus.it\/it\/#website"},"datePublished":"2023-02-23T16:04:04+00:00","dateModified":"2023-06-05T12:56:33+00:00","description":"So erreichen Sie das Olympus Hotel bequem mit Auto, Bahn, Flugzeug und allen GPS-Koordinaten. Viale dei Cigni, 11 - 30021 Caorle","breadcrumb":{"@id":"https:\/\/www.hotelolympus.it\/de\/wo-wir-sind\/#breadcrumb"},"inLanguage":"de","potentialAction":[{"@type":"ReadAction","target":["https:\/\/www.hotelolympus.it\/de\/wo-wir-sind\/"]}]},{"@type":"BreadcrumbList","@id":"https:\/\/www.hotelolympus.it\/de\/wo-wir-sind\/#breadcrumb","itemListElement":[{"@type":"ListItem","position":1,"name":"Home","item":"https:\/\/www.hotelolympus.it\/de\/"},{"@type":"ListItem","position":2,"name":"Wo Sind Wir Hotel Olympus"}]},{"@type":"WebSite","@id":"https:\/\/www.hotelolympus.it\/it\/#website","url":"https:\/\/www.hotelolympus.it\/it\/","name":"Hotel Olympus","description":"Il vostro hotel 4 stelle a Caorle Lido Altanea","publisher":{"@id":"https:\/\/www.hotelolympus.it\/it\/#organization"},"potentialAction":[{"@type":"SearchAction","target":{"@type":"EntryPoint","urlTemplate":"https:\/\/www.hotelolympus.it\/it\/?s={search_term_string}"},"query-input":{"@type":"PropertyValueSpecification","valueRequired":true,"valueName":"search_term_string"}}],"inLanguage":"de"},{"@type":"Organization","@id":"https:\/\/www.hotelolympus.it\/it\/#organization","name":"Hotel Olympus","url":"https:\/\/www.hotelolympus.it\/it\/","logo":{"@type":"ImageObject","inLanguage":"de","@id":"https:\/\/www.hotelolympus.it\/it\/#\/schema\/logo\/image\/","url":"https:\/\/www.hotelolympus.it\/wp-content\/uploads\/2023\/04\/hotel-olympus.svg","contentUrl":"https:\/\/www.hotelolympus.it\/wp-content\/uploads\/2023\/04\/hotel-olympus.svg","width":1,"height":1,"caption":"Hotel Olympus"},"image":{"@id":"https:\/\/www.hotelolympus.it\/it\/#\/schema\/logo\/image\/"},"sameAs":["https:\/\/www.facebook.com\/HotelOlympusCaorle\/"]}]}},"_links":{"self":[{"href":"https:\/\/www.hotelolympus.it\/de\/wp-json\/wp\/v2\/pages\/1387","targetHints":{"allow":["GET"]}}],"collection":[{"href":"https:\/\/www.hotelolympus.it\/de\/wp-json\/wp\/v2\/pages"}],"about":[{"href":"https:\/\/www.hotelolympus.it\/de\/wp-json\/wp\/v2\/types\/page"}],"author":[{"embeddable":true,"href":"https:\/\/www.hotelolympus.it\/de\/wp-json\/wp\/v2\/users\/1"}],"replies":[{"embeddable":true,"href":"https:\/\/www.hotelolympus.it\/de\/wp-json\/wp\/v2\/comments?post=1387"}],"version-history":[{"count":6,"href":"https:\/\/www.hotelolympus.it\/de\/wp-json\/wp\/v2\/pages\/1387\/revisions"}],"predecessor-version":[{"id":2711,"href":"https:\/\/www.hotelolympus.it\/de\/wp-json\/wp\/v2\/pages\/1387\/revisions\/2711"}],"wp:attachment":[{"href":"https:\/\/www.hotelolympus.it\/de\/wp-json\/wp\/v2\/media?parent=1387"}],"curies":[{"name":"wp","href":"https:\/\/api.w.org\/{rel}","templated":true}]}}