{"id":1250,"date":"2023-02-23T16:59:56","date_gmt":"2023-02-23T15:59:56","guid":{"rendered":"https:\/\/www.hotelolympus.it\/hotel-per-famiglie\/"},"modified":"2026-02-12T11:00:57","modified_gmt":"2026-02-12T10:00:57","slug":"kinderhotel-caorle","status":"publish","type":"page","link":"https:\/\/www.hotelolympus.it\/de\/kinderhotel-caorle\/","title":{"rendered":"Family Hotel"},"content":{"rendered":"\n<p>Wir haben den Ehrgeiz, der ganzen Familie einen unvergesslichen Urlaub zu erm\u00f6glichen.<\/p>\n\n\n\n<h4 class=\"wp-block-heading\">Hotel Olympus &#8211; eine kindgerechte Welt:<\/h4>\n\n\n\n<ul class=\"wp-block-list list-ball\">\n<li><strong>Baby Corner<\/strong> f\u00fcr Kinder unter 6 Jahren: ein Raum mit kleinen Tischen und St\u00fchlen, Krabbelbereich und einer Menge Spiele<\/li>\n\n\n\n<li><strong>Teen\u2019s Room<\/strong>: gro\u00dfer Spielbereich f\u00fcr Kinder ab 7 Jahren mit Tischfu\u00dfball, Playstation, Tischhockey, Arcade-Spielautomat und vielem mehr<\/li>\n\n\n\n<li><strong>Animationsprogramm<\/strong> an 6 Wochentagen f\u00fcr Kinder ab 4 Jahren mit kreativen Workshops und abwechslungsreichen Nachmittagen<\/li>\n\n\n\n<li>Billardtisch (kostenpflichtig) und Tischtennisplatte in der Lobby<\/li>\n\n\n\n<li>Im Restaurant sind Einweg-L\u00e4tzchen, Hochst\u00fchle und Servietten zum Ausmalen erh\u00e4ltlich<\/li>\n\n\n\n<li>Kleines Kinderbuffet mit ersten und zweiten G\u00e4ngen zum Mittag- und Abendessen. F\u00fcr S\u00e4uglinge und Kinder bis zu 2 Jahren gibt es eine Auswahl an Babynahrung wie Kinderpasta, Fleischbr\u00fche, Babynahrung<\/li>\n\n\n\n<li>Im Elternbereich der Lobby, der stets ge\u00f6ffnet ist (auch au\u00dferhalb der \u00d6ffnungszeiten des Restaurants) stehen ein Mikrowellenherd, ein Flaschenw\u00e4rmer und Frucht-Babynahrung zur Verf\u00fcgung<\/li>\n\n\n\n<li>Spielplatz im Freien mit Rutsche und Schaukeln<\/li>\n\n\n\n<li>Weitere Ausstattungsgegenst\u00e4nde wie Kinderbetten, Fallschutzgitter, Babybadewannen, Flaschenw\u00e4rmer, T\u00f6pfchen und WC-Kindersitze k\u00f6nnen bei der Buchung kostenlos angefordert werden<\/li>\n\n\n\n<li>Nachmittags von 16:30 bis 17:00 Uhr wird auf der Terrassenbar ein kleiner Imbiss serviert<\/li>\n<\/ul>\n\n\n\n<h4 class=\"wp-block-heading\">Au\u00dferdem f\u00fcr die ganze Familie:<\/h4>\n\n\n\n<ul class=\"wp-block-list list-beach\">\n<li>Pool im Freien mit Flachwasserbereich f\u00fcr Kinder und Terrasse mit Sonnenschirmen und Liegest\u00fchlen<\/li>\n\n\n\n<li>Der Strandplatz mit Sonnenschirm und zwei Liegen ist im Zimmerpreis enthalten.<\/li>\n\n\n\n<li>Kostenloser Shuttleservice zum Strand f\u00fcr die Hotelg\u00e4ste<\/li>\n\n\n\n<li>Kostenloser Citybike-Verleih<\/li>\n\n\n\n<li>Bereich f\u00fcr K\u00f6rper- und Gesichtsmassagen<\/li>\n\n\n\n<li>40 % Rabatt auf Greenfees im Golfclub Pr\u00e0 delle Torri, Caorle<\/li>\n\n\n\n<li>Altanea Sporting Club und Outdoor-Spielplatz mit H\u00fcpfburgen und Minigolfplatz in 600 m Entfernung vom Hotel (kostenpflichtig)<\/li>\n<\/ul>\n","protected":false},"excerpt":{"rendered":"<p>Wir haben den Ehrgeiz, der ganzen Familie einen unvergesslichen Urlaub zu erm\u00f6glichen. Hotel Olympus &#8211; eine kindgerechte Welt: Au\u00dferdem f\u00fcr die ganze Familie:<\/p>\n","protected":false},"author":1,"featured_media":0,"parent":0,"menu_order":35,"comment_status":"closed","ping_status":"closed","template":"","meta":{"_acf_changed":false,"footnotes":""},"class_list":["post-1250","page","type-page","status-publish","hentry"],"acf":[],"yoast_head":"<!-- This site is optimized with the Yoast SEO plugin v26.7 - https:\/\/yoast.com\/wordpress\/plugins\/seo\/ -->\n<title>Kinderhotel Caorle | Hotel Olympus<\/title>\n<meta name=\"description\" content=\"Das Hotel Olympus ist das ideale Kinderhotel in Caorle mit einem umfassenden Serviceangebot f\u00fcr Familien\" \/>\n<meta name=\"robots\" content=\"index, follow, max-snippet:-1, max-image-preview:large, max-video-preview:-1\" \/>\n<link rel=\"canonical\" href=\"https:\/\/www.hotelolympus.it\/de\/kinderhotel-caorle\/\" \/>\n<meta property=\"og:locale\" content=\"de_DE\" \/>\n<meta property=\"og:type\" content=\"article\" \/>\n<meta property=\"og:title\" content=\"Kinderhotel Caorle | Hotel Olympus\" \/>\n<meta property=\"og:description\" content=\"Das Hotel Olympus ist das ideale Kinderhotel in Caorle mit einem umfassenden Serviceangebot f\u00fcr Familien\" \/>\n<meta property=\"og:url\" content=\"https:\/\/www.hotelolympus.it\/de\/kinderhotel-caorle\/\" \/>\n<meta property=\"og:site_name\" content=\"Hotel Olympus\" \/>\n<meta property=\"article:publisher\" content=\"https:\/\/www.facebook.com\/HotelOlympusCaorle\/\" \/>\n<meta property=\"article:modified_time\" content=\"2026-02-12T10:00:57+00:00\" \/>\n<meta name=\"twitter:card\" content=\"summary_large_image\" \/>\n<script type=\"application\/ld+json\" class=\"yoast-schema-graph\">{\"@context\":\"https:\/\/schema.org\",\"@graph\":[{\"@type\":\"WebPage\",\"@id\":\"https:\/\/www.hotelolympus.it\/de\/kinderhotel-caorle\/\",\"url\":\"https:\/\/www.hotelolympus.it\/de\/kinderhotel-caorle\/\",\"name\":\"Kinderhotel Caorle | Hotel Olympus\",\"isPartOf\":{\"@id\":\"https:\/\/www.hotelolympus.it\/it\/#website\"},\"datePublished\":\"2023-02-23T15:59:56+00:00\",\"dateModified\":\"2026-02-12T10:00:57+00:00\",\"description\":\"Das Hotel Olympus ist das ideale Kinderhotel in Caorle mit einem umfassenden Serviceangebot f\u00fcr Familien\",\"breadcrumb\":{\"@id\":\"https:\/\/www.hotelolympus.it\/de\/kinderhotel-caorle\/#breadcrumb\"},\"inLanguage\":\"de\",\"potentialAction\":[{\"@type\":\"ReadAction\",\"target\":[\"https:\/\/www.hotelolympus.it\/de\/kinderhotel-caorle\/\"]}]},{\"@type\":\"BreadcrumbList\",\"@id\":\"https:\/\/www.hotelolympus.it\/de\/kinderhotel-caorle\/#breadcrumb\",\"itemListElement\":[{\"@type\":\"ListItem\",\"position\":1,\"name\":\"Home\",\"item\":\"https:\/\/www.hotelolympus.it\/de\/\"},{\"@type\":\"ListItem\",\"position\":2,\"name\":\"Family Hotel\"}]},{\"@type\":\"WebSite\",\"@id\":\"https:\/\/www.hotelolympus.it\/it\/#website\",\"url\":\"https:\/\/www.hotelolympus.it\/it\/\",\"name\":\"Hotel Olympus\",\"description\":\"Il vostro hotel 4 stelle a Caorle Lido Altanea\",\"publisher\":{\"@id\":\"https:\/\/www.hotelolympus.it\/it\/#organization\"},\"potentialAction\":[{\"@type\":\"SearchAction\",\"target\":{\"@type\":\"EntryPoint\",\"urlTemplate\":\"https:\/\/www.hotelolympus.it\/it\/?s={search_term_string}\"},\"query-input\":{\"@type\":\"PropertyValueSpecification\",\"valueRequired\":true,\"valueName\":\"search_term_string\"}}],\"inLanguage\":\"de\"},{\"@type\":\"Organization\",\"@id\":\"https:\/\/www.hotelolympus.it\/it\/#organization\",\"name\":\"Hotel Olympus\",\"url\":\"https:\/\/www.hotelolympus.it\/it\/\",\"logo\":{\"@type\":\"ImageObject\",\"inLanguage\":\"de\",\"@id\":\"https:\/\/www.hotelolympus.it\/it\/#\/schema\/logo\/image\/\",\"url\":\"https:\/\/www.hotelolympus.it\/wp-content\/uploads\/2023\/04\/hotel-olympus.svg\",\"contentUrl\":\"https:\/\/www.hotelolympus.it\/wp-content\/uploads\/2023\/04\/hotel-olympus.svg\",\"width\":1,\"height\":1,\"caption\":\"Hotel Olympus\"},\"image\":{\"@id\":\"https:\/\/www.hotelolympus.it\/it\/#\/schema\/logo\/image\/\"},\"sameAs\":[\"https:\/\/www.facebook.com\/HotelOlympusCaorle\/\"]}]}<\/script>\n<!-- \/ Yoast SEO plugin. -->","yoast_head_json":{"title":"Kinderhotel Caorle | Hotel Olympus","description":"Das Hotel Olympus ist das ideale Kinderhotel in Caorle mit einem umfassenden Serviceangebot f\u00fcr Familien","robots":{"index":"index","follow":"follow","max-snippet":"max-snippet:-1","max-image-preview":"max-image-preview:large","max-video-preview":"max-video-preview:-1"},"canonical":"https:\/\/www.hotelolympus.it\/de\/kinderhotel-caorle\/","og_locale":"de_DE","og_type":"article","og_title":"Kinderhotel Caorle | Hotel Olympus","og_description":"Das Hotel Olympus ist das ideale Kinderhotel in Caorle mit einem umfassenden Serviceangebot f\u00fcr Familien","og_url":"https:\/\/www.hotelolympus.it\/de\/kinderhotel-caorle\/","og_site_name":"Hotel Olympus","article_publisher":"https:\/\/www.facebook.com\/HotelOlympusCaorle\/","article_modified_time":"2026-02-12T10:00:57+00:00","twitter_card":"summary_large_image","schema":{"@context":"https:\/\/schema.org","@graph":[{"@type":"WebPage","@id":"https:\/\/www.hotelolympus.it\/de\/kinderhotel-caorle\/","url":"https:\/\/www.hotelolympus.it\/de\/kinderhotel-caorle\/","name":"Kinderhotel Caorle | Hotel Olympus","isPartOf":{"@id":"https:\/\/www.hotelolympus.it\/it\/#website"},"datePublished":"2023-02-23T15:59:56+00:00","dateModified":"2026-02-12T10:00:57+00:00","description":"Das Hotel Olympus ist das ideale Kinderhotel in Caorle mit einem umfassenden Serviceangebot f\u00fcr Familien","breadcrumb":{"@id":"https:\/\/www.hotelolympus.it\/de\/kinderhotel-caorle\/#breadcrumb"},"inLanguage":"de","potentialAction":[{"@type":"ReadAction","target":["https:\/\/www.hotelolympus.it\/de\/kinderhotel-caorle\/"]}]},{"@type":"BreadcrumbList","@id":"https:\/\/www.hotelolympus.it\/de\/kinderhotel-caorle\/#breadcrumb","itemListElement":[{"@type":"ListItem","position":1,"name":"Home","item":"https:\/\/www.hotelolympus.it\/de\/"},{"@type":"ListItem","position":2,"name":"Family Hotel"}]},{"@type":"WebSite","@id":"https:\/\/www.hotelolympus.it\/it\/#website","url":"https:\/\/www.hotelolympus.it\/it\/","name":"Hotel Olympus","description":"Il vostro hotel 4 stelle a Caorle Lido Altanea","publisher":{"@id":"https:\/\/www.hotelolympus.it\/it\/#organization"},"potentialAction":[{"@type":"SearchAction","target":{"@type":"EntryPoint","urlTemplate":"https:\/\/www.hotelolympus.it\/it\/?s={search_term_string}"},"query-input":{"@type":"PropertyValueSpecification","valueRequired":true,"valueName":"search_term_string"}}],"inLanguage":"de"},{"@type":"Organization","@id":"https:\/\/www.hotelolympus.it\/it\/#organization","name":"Hotel Olympus","url":"https:\/\/www.hotelolympus.it\/it\/","logo":{"@type":"ImageObject","inLanguage":"de","@id":"https:\/\/www.hotelolympus.it\/it\/#\/schema\/logo\/image\/","url":"https:\/\/www.hotelolympus.it\/wp-content\/uploads\/2023\/04\/hotel-olympus.svg","contentUrl":"https:\/\/www.hotelolympus.it\/wp-content\/uploads\/2023\/04\/hotel-olympus.svg","width":1,"height":1,"caption":"Hotel Olympus"},"image":{"@id":"https:\/\/www.hotelolympus.it\/it\/#\/schema\/logo\/image\/"},"sameAs":["https:\/\/www.facebook.com\/HotelOlympusCaorle\/"]}]}},"_links":{"self":[{"href":"https:\/\/www.hotelolympus.it\/de\/wp-json\/wp\/v2\/pages\/1250","targetHints":{"allow":["GET"]}}],"collection":[{"href":"https:\/\/www.hotelolympus.it\/de\/wp-json\/wp\/v2\/pages"}],"about":[{"href":"https:\/\/www.hotelolympus.it\/de\/wp-json\/wp\/v2\/types\/page"}],"author":[{"embeddable":true,"href":"https:\/\/www.hotelolympus.it\/de\/wp-json\/wp\/v2\/users\/1"}],"replies":[{"embeddable":true,"href":"https:\/\/www.hotelolympus.it\/de\/wp-json\/wp\/v2\/comments?post=1250"}],"version-history":[{"count":7,"href":"https:\/\/www.hotelolympus.it\/de\/wp-json\/wp\/v2\/pages\/1250\/revisions"}],"predecessor-version":[{"id":3443,"href":"https:\/\/www.hotelolympus.it\/de\/wp-json\/wp\/v2\/pages\/1250\/revisions\/3443"}],"wp:attachment":[{"href":"https:\/\/www.hotelolympus.it\/de\/wp-json\/wp\/v2\/media?parent=1250"}],"curies":[{"name":"wp","href":"https:\/\/api.w.org\/{rel}","templated":true}]}}